{"id":526,"date":"2022-11-22T13:39:59","date_gmt":"2022-11-22T12:39:59","guid":{"rendered":"https:\/\/ziolazycia.com\/nowa\/?post_type=product&#038;p=526"},"modified":"2025-11-26T15:58:05","modified_gmt":"2025-11-26T14:58:05","slug":"ajurweda-zycie-w-zgodzie-ze-soba-claire-ragozzino","status":"publish","type":"product","link":"https:\/\/ziolazycia.com\/nowa\/product\/ajurweda-zycie-w-zgodzie-ze-soba-claire-ragozzino\/","title":{"rendered":"Ajurweda. \u017bycie w zgodzie ze sob\u0105 Autor: Claire Ragozzino"},"content":{"rendered":"<p>Co znajdziesz w ksi\u0105\u017cce:<\/p>\n<ul>\n<li>\u00a0RYTUA\u0141Y POWI\u0104ZANE Z PORAMI ROKU, POMAGAJ\u0104CE ZACHOWA\u0106 R\u00d3WNOWAG\u0118 CIA\u0141A I DUCHA,<\/li>\n<li>\u00a0PRAKTYK\u0118 JOGI, KT\u00d3RA ZREDUKUJE STRES I ZM\u0118CZENIE,<\/li>\n<li>\u00a0PONAD 80 WEGETARIA\u0143SKICH PRZEPIS\u00d3W NA POTRAWY SKOMPONOWANE W ZGODZIE Z POTRZEBAMI TWOJEGO ORGANIZMU,<\/li>\n<li>\u00a0KUCHENNE TRIKI, DZI\u0118KI KT\u00d3RYM ZDROWE OD\u017bYWIANIE STANIE SI\u0118 PROSTE I INTUICYJNE.<\/li>\n<\/ul>\n<p><strong>Powy\u017cszy opis pochodzi od wydawcy.<\/strong><\/p>\n<p><strong>Wydawnictwo<\/strong>: Znak<br \/>\n<strong>Rok wydania<\/strong>: 2022<br \/>\n<strong>Ok\u0142adka<\/strong>: Mi\u0119kka ze skrzyde\u0142kami<br \/>\n<strong>Liczba stron<\/strong>: 312<br \/>\n<strong>Format [mm]<\/strong>: 160\u00d7230<\/p>\n","protected":false},"excerpt":{"rendered":"<h2>Ksi\u0105\u017cka \u201eAjurweda. \u017bycie w zgodzie ze sob\u0105\u201d &#8211; to tw\u00f3j klucz do r\u00f3wnowagi.<\/h2>\n<p>Przekonaj si\u0119, \u017ce ajurweda to styl \u017cycia, kt\u00f3ry zaspokoi twoje potrzeby i pozwoli nakarmi\u0107 cia\u0142o, g\u0142ow\u0119 i umys\u0142. Pomo\u017ce ci na nowo odkry\u0107 potencja\u0142 drzemi\u0105cy w ka\u017cdej z czterech p\u00f3r roku, pozby\u0107 si\u0119 napi\u0119cia i odnale\u017a\u0107 ukojenie w codziennych nawykach. A to wszystko dzi\u0119ki medytacji, jodze i \u015bwiadomemu od\u017cywianiu.<\/p>\n","protected":false},"featured_media":9306,"comment_status":"closed","ping_status":"closed","template":"","meta":[],"product_brand":[],"product_cat":[66],"product_tag":[],"class_list":{"0":"post-526","1":"product","2":"type-product","3":"status-publish","4":"has-post-thumbnail","6":"product_cat-ksiazki","8":"first","9":"outofstock","10":"taxable","11":"shipping-taxable","12":"purchasable","13":"product-type-simple"},"_links":{"self":[{"href":"https:\/\/ziolazycia.com\/nowa\/wp-json\/wp\/v2\/product\/526","targetHints":{"allow":["GET"]}}],"collection":[{"href":"https:\/\/ziolazycia.com\/nowa\/wp-json\/wp\/v2\/product"}],"about":[{"href":"https:\/\/ziolazycia.com\/nowa\/wp-json\/wp\/v2\/types\/product"}],"replies":[{"embeddable":true,"href":"https:\/\/ziolazycia.com\/nowa\/wp-json\/wp\/v2\/comments?post=526"}],"wp:featuredmedia":[{"embeddable":true,"href":"https:\/\/ziolazycia.com\/nowa\/wp-json\/wp\/v2\/media\/9306"}],"wp:attachment":[{"href":"https:\/\/ziolazycia.com\/nowa\/wp-json\/wp\/v2\/media?parent=526"}],"wp:term":[{"taxonomy":"product_brand","embeddable":true,"href":"https:\/\/ziolazycia.com\/nowa\/wp-json\/wp\/v2\/product_brand?post=526"},{"taxonomy":"product_cat","embeddable":true,"href":"https:\/\/ziolazycia.com\/nowa\/wp-json\/wp\/v2\/product_cat?post=526"},{"taxonomy":"product_tag","embeddable":true,"href":"https:\/\/ziolazycia.com\/nowa\/wp-json\/wp\/v2\/product_tag?post=526"}],"curies":[{"name":"wp","href":"https:\/\/api.w.org\/{rel}","templated":true}]}}