{"id":523,"date":"2022-11-22T13:36:03","date_gmt":"2022-11-22T12:36:03","guid":{"rendered":"https:\/\/ziolazycia.com\/nowa\/?post_type=product&#038;p=523"},"modified":"2025-11-26T15:58:05","modified_gmt":"2025-11-26T14:58:05","slug":"ajurweda-dla-poczatkujacych-susan-weis-bohlen","status":"publish","type":"product","link":"https:\/\/ziolazycia.com\/nowa\/product\/ajurweda-dla-poczatkujacych-susan-weis-bohlen\/","title":{"rendered":"Ajurweda dla pocz\u0105tkuj\u0105cych Autor: Susan Weis-Bohlen"},"content":{"rendered":"<p class=\"p1\">Ta praktykowana od pi\u0119ciu tysi\u0119cy lat ga\u0142\u0105\u017a medycyny naturalnej w prosty spos\u00f3b pozwoli Ci pozby\u0107 si\u0119 dolegliwo\u015bci i pokona\u0107 choroby. Dowiesz si\u0119, jak prawid\u0142owo oddycha\u0107 i wykorzystywa\u0107 naturalne terapie. Poznasz lecznicze przepisy ajurwedyjskie na pyszne i proste do przygotowania potrawy. W okre\u015bleniu Twoich potrzeb pomo\u017ce Ci szybki quiz na okre\u015blenie doszy (wata, pitta i kapha). Docenisz zalety aromaterapii i nauczysz si\u0119 wykorzystywa\u0107 olejki eteryczne do uzdrawiania cia\u0142a i umys\u0142u. Proste codzienne rytua\u0142y takie jak picie wody z cytryn\u0105 na czczo czy p\u0142ukanie ust olejem kokosowym skutecznie oczyszcza tw\u00f3j organizm, zwi\u0119kszaj\u0105c jego odporno\u015b\u0107. Z kolej joga i proste medytacje poprawiaj\u0105 twoj\u0105 kondycj\u0119 i redukuj\u0105 poziom stresu.<\/p>\n<p><strong>Wydawnictwo<\/strong>: Vital<br \/>\n<strong>Rok wydania<\/strong>: 2023<br \/>\n<strong>Ok\u0142adka<\/strong>: mi\u0119kka<br \/>\n<strong>Ilo\u015b\u0107 stron<\/strong>: 220<br \/>\n<strong>Format [mm]<\/strong>: 208 x 148<\/p>\n","protected":false},"excerpt":{"rendered":"<p><span style=\"color: #3b3b3b;\">3-tygodniowy plan przywr\u00f3cenia zdrowia i samopoczucia za pomoc\u0105 jogi, aromaterapii, medytacji, sezonowego oczyszczania i ajurwedyjskich potraw.<\/span><br \/>\n<span style=\"color: #3b3b3b;\">Ajurweda to prosta recepta na popraw\u0119 zdrowia i samopoczucia!<\/span> <span style=\"color: #3b3b3b;\">Zdrowe od\u017cywianie, dieta przeciwzapalna korzystna dla uk\u0142adu trawiennego, joga, medytacje, \u0107wiczenia oddechowe zapewniaj\u0105ce relaks \u2013 to wszystko oferuje Ci Ajurweda.<\/span><\/p>\n","protected":false},"featured_media":9304,"comment_status":"closed","ping_status":"closed","template":"","meta":[],"product_brand":[],"product_cat":[66],"product_tag":[],"class_list":{"0":"post-523","1":"product","2":"type-product","3":"status-publish","4":"has-post-thumbnail","6":"product_cat-ksiazki","8":"first","9":"instock","10":"taxable","11":"shipping-taxable","12":"purchasable","13":"product-type-simple"},"_links":{"self":[{"href":"https:\/\/ziolazycia.com\/nowa\/wp-json\/wp\/v2\/product\/523","targetHints":{"allow":["GET"]}}],"collection":[{"href":"https:\/\/ziolazycia.com\/nowa\/wp-json\/wp\/v2\/product"}],"about":[{"href":"https:\/\/ziolazycia.com\/nowa\/wp-json\/wp\/v2\/types\/product"}],"replies":[{"embeddable":true,"href":"https:\/\/ziolazycia.com\/nowa\/wp-json\/wp\/v2\/comments?post=523"}],"wp:featuredmedia":[{"embeddable":true,"href":"https:\/\/ziolazycia.com\/nowa\/wp-json\/wp\/v2\/media\/9304"}],"wp:attachment":[{"href":"https:\/\/ziolazycia.com\/nowa\/wp-json\/wp\/v2\/media?parent=523"}],"wp:term":[{"taxonomy":"product_brand","embeddable":true,"href":"https:\/\/ziolazycia.com\/nowa\/wp-json\/wp\/v2\/product_brand?post=523"},{"taxonomy":"product_cat","embeddable":true,"href":"https:\/\/ziolazycia.com\/nowa\/wp-json\/wp\/v2\/product_cat?post=523"},{"taxonomy":"product_tag","embeddable":true,"href":"https:\/\/ziolazycia.com\/nowa\/wp-json\/wp\/v2\/product_tag?post=523"}],"curies":[{"name":"wp","href":"https:\/\/api.w.org\/{rel}","templated":true}]}}