{"id":1578,"date":"2023-12-10T15:30:05","date_gmt":"2023-12-10T14:30:05","guid":{"rendered":"https:\/\/ziolazycia.com\/nowa\/?post_type=product&#038;p=1578"},"modified":"2025-11-26T15:58:55","modified_gmt":"2025-11-26T14:58:55","slug":"olejek-dottera-tulsi-swieta-bazylia-5-ml","status":"publish","type":"product","link":"https:\/\/ziolazycia.com\/nowa\/product\/olejek-dottera-tulsi-swieta-bazylia-5-ml\/","title":{"rendered":"doTERRA Olejek eteryczny TULSI (\u015awi\u0119ta Bazylia) 5 ml"},"content":{"rendered":"<p>Nazwa Tulsi oznacza \u201ejedyna w swoim rodzaju\u201d, poniewa\u017c ro\u015blina ta jest uznawana za \u201ekr\u00f3low\u0105 zi\u00f3\u0142\u201d. Przyjemny, s\u0142odki aromat, kt\u00f3ry przypomina \u015bwie\u017co posiekan\u0105 bazyli\u0119 z nutk\u0105 go\u017adzik\u00f3w, tworzy wyj\u0105tkowy nastr\u00f3j. Zwyczajowo ro\u015blina ta jest stosowana na ca\u0142ym \u015bwiecie w r\u00f3\u017cnych rytua\u0142ach oraz jako amulet. Ponadto nadaje sk\u00f3rze \u015bwie\u017cy i zdrowy wygl\u0105d.<\/p>\n<h2 data-sourcepos=\"5:1-5:60\">Korzy\u015bci stosowania olejku eterycznego doTERRA Tulsi:<strong><br \/>\n<\/strong><\/h2>\n<ul data-sourcepos=\"6:1-11:0\">\n<li data-sourcepos=\"6:1-6:170\"><strong>Wspomaga zdrowie uk\u0142adu oddechowego:<\/strong> Olejek Tulsi ma w\u0142a\u015bciwo\u015bci wykrztu\u015bne i przeciwzapalne, kt\u00f3re mog\u0105 pom\u00f3c w \u0142agodzeniu kaszlu, przezi\u0119bienia i zapalenia zatok.<\/li>\n<li data-sourcepos=\"7:1-7:141\"><strong>Wzmacnia odporno\u015b\u0107:<\/strong> Tulsi zawiera przeciwutleniacze, kt\u00f3re mog\u0105 pom\u00f3c wzmocni\u0107 uk\u0142ad odporno\u015bciowy i chroni\u0107 organizm przed infekcjami.<\/li>\n<li data-sourcepos=\"8:1-8:109\"><strong>\u0141agodzi stres i niepok\u00f3j:<\/strong> Uspokajaj\u0105cy zapach olejku Tulsi mo\u017ce pom\u00f3c zmniejszy\u0107 stres, niepok\u00f3j i l\u0119k.<\/li>\n<li data-sourcepos=\"9:1-9:119\"><strong>Poprawia trawienie:<\/strong> Olejek Tulsi mo\u017ce pom\u00f3c z\u0142agodzi\u0107 problemy trawienne, takie jak niestrawno\u015b\u0107, wzd\u0119cia i gazy.<\/li>\n<li data-sourcepos=\"10:1-11:0\"><strong>Wspomaga zdrowie sk\u00f3ry:<\/strong> Olejek Tulsi ma w\u0142a\u015bciwo\u015bci przeciwbakteryjne i przeciwgrzybicze, kt\u00f3re mog\u0105 pom\u00f3c w leczeniu tr\u0105dziku, wyprysk\u00f3w i innych problem\u00f3w sk\u00f3rnych.<\/li>\n<\/ul>\n<p data-sourcepos=\"15:1-15:48\"><strong>Spos\u00f3b u\u017cycia olejku eterycznego doTERRA Tulsi:<\/strong><\/p>\n<ul data-sourcepos=\"17:1-20:0\">\n<li data-sourcepos=\"17:1-17:81\">Do aromaterapii: Dodaj kilka kropli olejku do dyfuzora lub kominka zapachowego.<\/li>\n<li data-sourcepos=\"18:1-18:112\">Do miejscowego stosowania: Rozcie\u0144cz olejek z no\u015bnikiem, takim jak olej jojoba lub migda\u0142owy i na\u0142\u00f3\u017c na sk\u00f3r\u0119.<\/li>\n<li data-sourcepos=\"19:1-20:0\">Do u\u017cytku wewn\u0119trznego: Dodaj kropl\u0119 olejku do szklanki wody lub herbaty.<\/li>\n<\/ul>\n<p data-sourcepos=\"21:1-21:77\"><strong>\u015arodki ostro\u017cno\u015bci dotycz\u0105ce stosowania olejku eterycznego doTERRA Tulsi:<\/strong><\/p>\n<ul data-sourcepos=\"23:1-26:0\">\n<li data-sourcepos=\"23:1-23:131\">Olejek Tulsi mo\u017ce powodowa\u0107 podra\u017cnienia sk\u00f3ry u niekt\u00f3rych os\u00f3b. Przed u\u017cyciem nale\u017cy zawsze rozcie\u0144czy\u0107 go olejkiem no\u015bnikowym.<\/li>\n<li data-sourcepos=\"24:1-24:54\">Unikaj kontaktu olejku z oczami i b\u0142onami \u015bluzowymi.<\/li>\n<li data-sourcepos=\"25:1-26:0\">Je\u015bli jeste\u015b w ci\u0105\u017cy lub karmisz piersi\u0105, skonsultuj si\u0119 z lekarzem przed u\u017cyciem olejku.<\/li>\n<\/ul>\n<p data-sourcepos=\"27:1-27:276\"><strong>Olejek eteryczny Tulsi doTERRA to wszechstronny olejek, kt\u00f3ry mo\u017cna stosowa\u0107 na wiele r\u00f3\u017cnych sposob\u00f3w. Jest to doskona\u0142y olejek dla os\u00f3b, kt\u00f3re szukaj\u0105 naturalnego sposobu na relaks, odpr\u0119\u017cenie, zmniejszenie stresu i niepokoju, wzmocnienie odporno\u015bci i popraw\u0119 trawienia.<\/strong><\/p>\n<p data-sourcepos=\"27:1-27:276\"><strong>Pojemno\u015b\u0107: 5 m<\/strong>l (buteleczka z ciemnego szk\u0142a).<\/p>\n<p data-sourcepos=\"27:1-27:276\"><strong>UWAGA:<\/strong><\/p>\n<p data-sourcepos=\"27:1-27:276\">Opis i w\u0142a\u015bciwo\u015bci olejk\u00f3w opisane na stronie maj\u0105 wy\u0142\u0105cznie charakter informacyjny. W razie choroby lub problem\u00f3w ze zdrowiem skontaktuj si\u0119 z lekarzem i zastosuj si\u0119 do jego zalece\u0144 i wskaz\u00f3wek. W \u017cadnym wypadku kuracje olejkami nie zast\u0119puj\u0105 leczenia prowadzonego przez lekarza. Olejki nie s\u0105 lekami, suplementami diety ani \u017cywno\u015bci\u0105 specjalnego przeznaczenia! Zastosowanie produkt\u00f3w, olejk\u00f3w le\u017c\u0105 wy\u0142\u0105cznie w gestii, inwencji kupuj\u0105cego. Olejki doTERRA posiadaj\u0105 certyfikat doTERRA CPTG Certified Pure Tested Grade\u00ae. Olejki te s\u0105 czystymi, naturalnymi aromatycznymi zwi\u0105zkami starannie wyekstrahowanymi z ro\u015blin. Nie zawieraj\u0105 sztucznych sk\u0142adnik\u00f3w ani wype\u0142niaczy, kt\u00f3re os\u0142abi\u0142yby ich czynne w\u0142a\u015bciwo\u015bci oraz nie zawieraj\u0105 zanieczyszcze\u0144 i innych pozosta\u0142o\u015bci chemicznych. Certyfikat ten oznacza, \u017ce olejek zosta\u0142 poddany rygorystycznym procesom testowym, kt\u00f3re oceniaj\u0105 czysto\u015b\u0107 i moc olejk\u00f3w eterycznych. Je\u015bli oleje zostan\u0105 przetestowane w systemie CPTG i oka\u017c\u0105 si\u0119 czyste i mocne, s\u0105 one nast\u0119pnie sprzedawane jako pojedyncze oleje lub stosowane w mieszankach olejk\u00f3w eterycznych, takich jak mieszanka doTERRA Purify.<\/p>\n<p data-sourcepos=\"27:1-27:276\"><strong>Producent<\/strong>: doTERRA.<\/p>\n","protected":false},"excerpt":{"rendered":"<p class=\"spotlight__head-latin-title\">Olejek eteryczny doTERRA Tulsi\u00a0 Holy Basil) to czysty, naturalny olejek pozyskiwany z li\u015bci i kwiat\u00f3w ro\u015bliny Tulsi (Ocimum tenuiflorum) metod\u0105 destylacji parowej. Ma ciep\u0142y, korzenny, lekko s\u0142odki zapach, kt\u00f3ry jest zar\u00f3wno uspokajaj\u0105cy, jak i od\u015bwie\u017caj\u0105cy. Ten ma\u0142y, zielony, krzaczasty krzew o kwiatach w kolorze lawendy nale\u017cy do rodziny jasnotowatych. Pochodzi z Azji Po\u0142udniowo-Wschodniej i jest nazywany r\u00f3wnie\u017c \u015bwi\u0119t\u0105 bazyli\u0105. Od dawna stosuje si\u0119 go w indyjskich praktykach zdrowotnych jako naturalny lek na liczne schorzenia.<\/p>\n","protected":false},"featured_media":9702,"comment_status":"closed","ping_status":"closed","template":"","meta":[],"product_brand":[],"product_cat":[69,125,67,119],"product_tag":[],"class_list":{"0":"post-1578","1":"product","2":"type-product","3":"status-publish","4":"has-post-thumbnail","6":"product_cat-doterra-olejki-eteryczne-pojedyncze","7":"product_cat-doterra-oe-poj","8":"product_cat-produkty-doterra","9":"product_cat-doterra-produkty","11":"first","12":"outofstock","13":"taxable","14":"shipping-taxable","15":"purchasable","16":"product-type-simple"},"_links":{"self":[{"href":"https:\/\/ziolazycia.com\/nowa\/wp-json\/wp\/v2\/product\/1578","targetHints":{"allow":["GET"]}}],"collection":[{"href":"https:\/\/ziolazycia.com\/nowa\/wp-json\/wp\/v2\/product"}],"about":[{"href":"https:\/\/ziolazycia.com\/nowa\/wp-json\/wp\/v2\/types\/product"}],"replies":[{"embeddable":true,"href":"https:\/\/ziolazycia.com\/nowa\/wp-json\/wp\/v2\/comments?post=1578"}],"wp:featuredmedia":[{"embeddable":true,"href":"https:\/\/ziolazycia.com\/nowa\/wp-json\/wp\/v2\/media\/9702"}],"wp:attachment":[{"href":"https:\/\/ziolazycia.com\/nowa\/wp-json\/wp\/v2\/media?parent=1578"}],"wp:term":[{"taxonomy":"product_brand","embeddable":true,"href":"https:\/\/ziolazycia.com\/nowa\/wp-json\/wp\/v2\/product_brand?post=1578"},{"taxonomy":"product_cat","embeddable":true,"href":"https:\/\/ziolazycia.com\/nowa\/wp-json\/wp\/v2\/product_cat?post=1578"},{"taxonomy":"product_tag","embeddable":true,"href":"https:\/\/ziolazycia.com\/nowa\/wp-json\/wp\/v2\/product_tag?post=1578"}],"curies":[{"name":"wp","href":"https:\/\/api.w.org\/{rel}","templated":true}]}}