{"id":1573,"date":"2023-12-10T15:01:05","date_gmt":"2023-12-10T14:01:05","guid":{"rendered":"https:\/\/ziolazycia.com\/nowa\/?post_type=product&#038;p=1573"},"modified":"2025-11-26T15:58:55","modified_gmt":"2025-11-26T14:58:55","slug":"szczotka-do-masazu-ciala-roslinna-super-twarda-2","status":"publish","type":"product","link":"https:\/\/ziolazycia.com\/nowa\/product\/szczotka-do-masazu-ciala-roslinna-super-twarda-2\/","title":{"rendered":"Szczotka do masa\u017cu cia\u0142a na sucho z w\u0142\u00f3kna naturalnego Tampico &#8211; super twarda"},"content":{"rendered":"<div class=\"mgn2_14 mp0t_0a mqu1_21 mli8_k4 mgmw_wo msts_pt _0d3bd_K6Qpj\" data-reactroot=\"\">\n<div class=\"\">\n<div class=\"mpof_ki myre_zn myre_8v_l m389_6m_l\">\n<div class=\"mp4t_16_s mryx_16_s mr3m_1 mli2_1 mh85_56 mh85_0_l\">\n<div class=\"mgn2_16 _0d3bd_am0a-\">\n<p>Szczotkowanie cia\u0142a wywodzi si\u0119 z kultury ajurwedyjskiej. Jego celem jest nie tylko usuwania martwego nask\u00f3rka czyli peeling. R\u00f3wnie\u017c jest ono stosowane celem eliminacji toksyn z organizmu, kt\u00f3re mog\u0105 by\u0107 przyczyn\u0105 wielu przypad\u0142o\u015bci.<\/p>\n<p>Masa\u017c wp\u0142ywa na przyspieszenie metabolizmu oraz stymulacj\u0119 uk\u0142adu limfatycznego. Dlatego te\u017c jest tak\u017ce dobrym uzupe\u0142nieniem kuracji odchudzaj\u0105cych. Ponadto niweluje opuchni\u0119cia i uczucie ci\u0119\u017cko\u015bci ko\u0144czyn. Wspomaga te\u017c dostarczanie tlenu oraz sk\u0142adnik\u00f3w od\u017cywczych do kom\u00f3rek cia\u0142a.<\/p>\n<p>Szczotka daje bardzo dobre rezultaty w walce z cellulitem, wrastaj\u0105cymi w\u0142oskami, szorstkimi \u0142okciami-kolanami-przedramionami. Zadowalaj\u0105ce efekty uzyskuje si\u0119 r\u00f3wnie\u017c przy \u201e\u015bwie\u017cych\u201d czerwonych rozst\u0119pach.<\/p>\n<h2><b>Korzy\u015bci z masa\u017cu na sucho szczotk\u0105 z w\u0142\u00f3kna kaktusa agawy:<\/b><\/h2>\n<ul>\n<li>naturalnie g\u0142adkie cia\u0142o<\/li>\n<li>redukcja cellulitu i rozst\u0119p\u00f3w<\/li>\n<li>brak wrastaj\u0105cych w\u0142os\u00f3w, szorstkiej sk\u00f3ry kolan i \u0142okci<\/li>\n<li>j\u0119drna sk\u00f3ra<\/li>\n<li>usuni\u0119cie toksyn z organizmu<\/li>\n<li>wzmocnienie odporno\u015bci, stymulacja pracy uk\u0142adu limfatycznego<\/li>\n<li>zdrowy wygl\u0105d<\/li>\n<li>lepsza przenikalno\u015b\u0107 sk\u0142adnik\u00f3w aktywnych zawartych w kosmetykach<\/li>\n<li>pobudzenie do produkcji\u00a0hormonu szcz\u0119\u015bcia- dobre samopoczucie<\/li>\n<\/ul>\n<h2><b>Wskazania do stosowania masa\u017cu na sucho szczotk\u0105 w w\u0142\u00f3kna kaktusa agawy:<\/b><\/h2>\n<ul>\n<li>cellulit<\/li>\n<li>rozst\u0119py<\/li>\n<li>napi\u0119cie mi\u0119\u015bniowe<\/li>\n<li>opuchni\u0119cia ko\u0144czyn<\/li>\n<li>b\u00f3le stawowe<\/li>\n<li>odchudzanie<\/li>\n<li>zwiotcza\u0142a sk\u00f3ra<\/li>\n<li>usuwanie zrogowacia\u0142ego nask\u00f3rka- peeling<\/li>\n<li>wrastaj\u0105ce w\u0142oski<\/li>\n<li>szorstka sk\u00f3ra \u0142okci i kolan<\/li>\n<\/ul>\n<p><b>Informacje dodatkowe:<\/b><\/p>\n<ul>\n<li>brak plastikowych element\u00f3w<\/li>\n<li>brak szkodliwych klej\u00f3w do w\u0142\u00f3kna, kt\u00f3re jest mocowane mechanicznie<\/li>\n<li>naturalnie, woskowe oprawy z drewna bukowego<\/li>\n<li>idealny rozmiar 13cm x 8cm x 4,5 cm z paskiem u\u0142atwiaj\u0105cym chwyt oprawy<\/li>\n<li>bardzo du\u017ca g\u0119sto\u015b\u0107 w\u0142\u00f3kna w por\u00f3wnaniu do wi\u0119kszo\u015bci dost\u0119pnych na rynku szczotek<\/li>\n<li>dopracowane detale, wysoka jako\u015b\u0107 produktu wykonanego w 100% w Polsce<\/li>\n<\/ul>\n<\/div>\n<\/div>\n<\/div>\n<div class=\"mpof_ki myre_zn myre_8v_l m389_6m_l\">\n<div class=\"mp4t_16_s mryx_16_s mr3m_1 mli2_1 mh85_56 mh85_0_l\">\n<div class=\"mg9e_8 mj7a_8 mg9e_0_s mvrt_0_s mj7a_0_s mh36_0_s mzmg_6m munh_16_l m3h2_16_l\">\n<div class=\"mp4t_0 mryx_0 munh_56 m3h2_56\">\n<div class=\"mp7g_oh\"><\/div>\n<\/div>\n<\/div>\n<\/div>\n<div class=\"mp4t_16_s mryx_16_s mr3m_1 mli2_1 mh85_56 mh85_0_l\">\n<div class=\"mgn2_16 _0d3bd_am0a-\">\n<p><strong>Prawid\u0142owa konserwacja szczotki zapewniaj\u0105ce jak najd\u0142u\u017csze zachowanie jej w\u0142a\u015bciwo\u015bci u\u017cytkowyc<\/strong>h:<\/p>\n<ul>\n<li>Po zako\u0144czeniu masa\u017cu na sucho szczotk\u0119 nale\u017cy otrzepa\u0107 i usun\u0105\u0107 z niej pozosta\u0142o\u015bci nask\u00f3rka. W razie potrzeby &#8211; przep\u0142uka\u0107 pod czyst\u0105 wod\u0105, osuszy\u0107 i u\u0142o\u017cy\u0107 w\u0142\u00f3knem do do\u0142u. Dodatkowo mo\u017cna w\u0142\u00f3kno szczotki spryska\u0107 niewielk\u0105 ilo\u015bci\u0105 \u015brodka o dzia\u0142aniu przeciwbakteryjnego dla wi\u0119kszej higieny.<\/li>\n<\/ul>\n<ul>\n<li>Oprawa jest zabezpieczona naturalnym woskiem, trzeba jednak pami\u0119ta\u0107, \u017ce w przypadku d\u0142ugotrwa\u0142ego kontaktu drewna z wod\u0105 mog\u0105 pojawi\u0107 si\u0119 drobne p\u0119kni\u0119cia i zaczernienia oprawy \u2013 to naturalny proces, dlatego dla przed\u0142u\u017cenia \u017cywotno\u015bci szczotki mo\u017cesz j\u0105 olejowa\u0107, np. zwyk\u0142ym olejem ro\u015blinnym.<\/li>\n<\/ul>\n<ul>\n<li>Szczotk\u0119 nale\u017cy wymieni\u0107 na now\u0105 po zu\u017cyciu si\u0119 w\u0142\u00f3kien.<\/li>\n<\/ul>\n<p>Szczotka z naturalnym w\u0142\u00f3knem z kaktusa agawy zosta\u0142a wyprodukowana w Polsce tradycyjn\u0105 metod\u0105 rzemie\u015blnicz\u0105.<\/p>\n<\/div>\n<\/div>\n<\/div>\n<div class=\"mpof_ki myre_zn myre_8v_l m389_6m_l\">\n<div class=\"mp4t_16_s mryx_16_s mr3m_1 mli2_1 mh85_56 mh85_0_l\">\n<div class=\"mgn2_16 _0d3bd_am0a-\">\n<p><strong>Spos\u00f3b u\u017cycia szczotki:<\/strong><\/p>\n<p>Szczotkowanie nale\u017cy wykonywa\u0107 delikatnie, rytmicznym i d\u0142ugim ruchem.<b><br \/>\n<\/b><\/p>\n<ul>\n<li>Masowanie rozpoczynamy zawsze od do\u0142u cia\u0142a, kieruj\u0105c si\u0119 ku g\u00f3rze, do serca. Nogi masujemy od st\u00f3p do kolan i od kolan do pachwin (z przodu) i do g\u00f3rnej cz\u0119\u015bci po\u015bladk\u00f3w (z ty\u0142u).<\/li>\n<\/ul>\n<ul>\n<li>Po dotarciu na wysoko\u015b\u0107 brzucha, zmieniamy nasz ruch z posuwistego na okr\u0119\u017cny i kierujemy szczotk\u0119 zgodnie z ruchem wskaz\u00f3wek zegara.<\/li>\n<\/ul>\n<ul>\n<li>W nast\u0119pnej kolejno\u015bci s\u0105 r\u0119ce &#8211; masa\u017c wykonujemy od palc\u00f3w do ramion, ruch ko\u0144cz\u0105c pod pach\u0105 lub na obojczyku.<\/li>\n<\/ul>\n<ul>\n<li>Je\u017celi nasza sk\u00f3ra nie odczuwa dyskomfortu, mo\u017cemy szczotkowa\u0107 r\u00f3wnie\u017c dekolt, szyj\u0119, piersi. Wtedy zaczynamy masa\u017c od szyi i wykonujemy delikatniejsze, okr\u0119\u017cne ruchy<\/li>\n<\/ul>\n<ul>\n<li>Masuj\u0105c biust stosujemy kr\u00f3tkie ruchy rozchodz\u0105ce si\u0119 od brodawek, a nast\u0119pnie wykonujemy d\u0142ugie poci\u0105gni\u0119cia od miejsca pomi\u0119dzy piersiami, pod spodem piersi, a\u017c pod pach\u0119.<\/li>\n<\/ul>\n<ul>\n<li>Masa\u017cu dolnej cz\u0119\u015bci plec\u00f3w ko\u0144czymy przy ko\u015bci ogonowej.<\/li>\n<\/ul>\n<p>Regularno\u015b\u0107\u00a0w szczotkowaniu cia\u0142a na sucho ma ogromne znaczenie.<\/p>\n<p>Czas masa\u017cu zale\u017cy od indywidualnej potrzeby. Z regu\u0142y przyjmuje si\u0119 5-10 min codziennie lub co drugi dzie\u0144. Pocz\u0105tkowo sk\u00f3ra mo\u017ce by\u0107 lekko zar\u00f3\u017cowiona ale z czasem cia\u0142o si\u0119 przyzwyczaja i mo\u017cna wtedy zwi\u0119ksza\u0107 nacisk szczotki. Pierwsze rezultaty odczuwalne s\u0105 ju\u017c po kilku zabiegach. Ponadto zwi\u0119ksza si\u0119 przyswajalno\u015b\u0107 substancji aktywnych zawartych w kosmetykach. Dzi\u0119ki temu o wiele \u0142atwiej dostrzec efekty ich stosowania. Sk\u00f3ra staje si\u0119 g\u0142adsza i j\u0119drniejsza.<\/p>\n<\/div>\n<\/div>\n<div class=\"mp4t_16_s mryx_16_s mr3m_1 mli2_1 mh85_56 mh85_0_l\">\n<div class=\"mg9e_8 mj7a_8 mg9e_0_s mvrt_0_s mj7a_0_s mh36_0_s mzmg_6m munh_16_l m3h2_16_l\">\n<div class=\"mp4t_0 mryx_0 munh_56 m3h2_56\">\n<div class=\"mp7g_oh\"><strong>Producent:<\/strong><\/div>\n<div>Miamed Sp. z o.o., Polska<\/div>\n<\/div>\n<\/div>\n<\/div>\n<\/div>\n<\/div>\n<\/div>\n","protected":false},"excerpt":{"rendered":"<h2>Szczotka wykonana z najwy\u017cszej jako\u015bci <b>naturalnego w\u0142\u00f3kna kaktusa agawy- TAMPICO.<\/b><\/h2>\n<p>Przeznaczona<b> do masa\u017cu cia\u0142a <\/b>na sucho.<\/p>\n<p>Regularny masa\u017c daje spektakularne efekty. Stymuluje uk\u0142ad odporno\u015bciowy, uj\u0119drnia i wzmacnia sk\u00f3r\u0119 oraz wp\u0142ywa na nasze dobre samopoczucie. Pomaga pozby\u0107 si\u0119 napi\u0119cia mi\u0119\u015bniowego. Wykonywany przed poranna k\u0105piel\u0105 pobudza, a wieczorem relaksuje i rozlu\u017ania.<\/p>\n","protected":false},"featured_media":9698,"comment_status":"closed","ping_status":"closed","template":"","meta":[],"product_brand":[],"product_cat":[73],"product_tag":[],"class_list":{"0":"post-1573","1":"product","2":"type-product","3":"status-publish","4":"has-post-thumbnail","6":"product_cat-akcesoria-do-twarzy-i-ciala","8":"first","9":"outofstock","10":"sale","11":"taxable","12":"shipping-taxable","13":"purchasable","14":"product-type-simple"},"_links":{"self":[{"href":"https:\/\/ziolazycia.com\/nowa\/wp-json\/wp\/v2\/product\/1573","targetHints":{"allow":["GET"]}}],"collection":[{"href":"https:\/\/ziolazycia.com\/nowa\/wp-json\/wp\/v2\/product"}],"about":[{"href":"https:\/\/ziolazycia.com\/nowa\/wp-json\/wp\/v2\/types\/product"}],"replies":[{"embeddable":true,"href":"https:\/\/ziolazycia.com\/nowa\/wp-json\/wp\/v2\/comments?post=1573"}],"wp:featuredmedia":[{"embeddable":true,"href":"https:\/\/ziolazycia.com\/nowa\/wp-json\/wp\/v2\/media\/9698"}],"wp:attachment":[{"href":"https:\/\/ziolazycia.com\/nowa\/wp-json\/wp\/v2\/media?parent=1573"}],"wp:term":[{"taxonomy":"product_brand","embeddable":true,"href":"https:\/\/ziolazycia.com\/nowa\/wp-json\/wp\/v2\/product_brand?post=1573"},{"taxonomy":"product_cat","embeddable":true,"href":"https:\/\/ziolazycia.com\/nowa\/wp-json\/wp\/v2\/product_cat?post=1573"},{"taxonomy":"product_tag","embeddable":true,"href":"https:\/\/ziolazycia.com\/nowa\/wp-json\/wp\/v2\/product_tag?post=1573"}],"curies":[{"name":"wp","href":"https:\/\/api.w.org\/{rel}","templated":true}]}}