{"id":1559,"date":"2023-12-01T09:12:16","date_gmt":"2023-12-01T08:12:16","guid":{"rendered":"https:\/\/ziolazycia.com\/nowa\/?post_type=product&#038;p=1559"},"modified":"2025-11-26T15:58:55","modified_gmt":"2025-11-26T14:58:55","slug":"kapilar-200-tabletek-aram","status":"publish","type":"product","link":"https:\/\/ziolazycia.com\/nowa\/product\/kapilar-200-tabletek-aram\/","title":{"rendered":"Kapilar 200 tabletek"},"content":{"rendered":"<p>Dihydrokweretyna mo\u017ce usprawnia\u0107 prac\u0119 naczy\u0144 w\u0142osowatych, przywraca\u0107 mikrokr\u0105\u017cenie krwi w ca\u0142ym organizmie oraz normalizowa\u0107 metabolizm na poziomie kom\u00f3rkowym. Dzi\u0119ki swoim w\u0142a\u015bciwo\u015bciom dihydrokwercetyna mo\u017ce sprzyja\u0107 podnoszeniu poziomu tzw. \u201edobrego\u201d cholesterolu (cholesterolu o wysokiej g\u0119sto\u015bci) i obni\u017ca\u0107 lepko\u015b\u0107 krwi.<\/p>\n<p><strong>Zawarto\u015b\u0107 opakowania<\/strong>: 200 tablet<\/p>\n<p><strong>Dzienne spo\u017cycie<\/strong>:\u00a0 6 tabletek<\/p>\n<p><strong>Sk\u0142adniki aktywne:<\/strong><\/p>\n<table width=\"100%\">\n<thead>\n<tr>\n<td width=\"84%\"><\/td>\n<td width=\"12%\"><strong>1 tabletka<\/strong><\/td>\n<td width=\"2%\"><\/td>\n<\/tr>\n<\/thead>\n<tbody>\n<tr>\n<td width=\"84%\">Dihydrokwercetyna<\/p>\n<p>&nbsp;<\/td>\n<td width=\"12%\">20 mg<\/p>\n<p>&nbsp;<\/td>\n<td width=\"2%\"><\/td>\n<\/tr>\n<\/tbody>\n<\/table>\n<p><strong>Sk\u0142adniki<\/strong>: Sorbitol (substancja s\u0142odz\u0105ca), dihydrokwercetyna, stearynian wapnia (substancja przeciwzbrylaj\u0105ca).<\/p>\n<h2>Kapilar 200 tabletek &#8211; spos\u00f3b u\u017cycia:<\/h2>\n<p>Doro\u015bli przyjmuj\u0105 1-2 tabletki 3 razy dziennie z posi\u0142kiem popijaj\u0105c wod\u0105. Czas stosowania to 4 tygodnie.<\/p>\n<p><strong>Nie przekracza\u0107 zalecanej porcji do spo\u017cycia w ci\u0105gu dnia. Produkt nie mo\u017ce by\u0107 stosowany jako substytut zr\u00f3\u017cnicowanej diety. Wa\u017cne jest stosowanie zr\u00f3\u017cnicowanej i zbilansowanej diety oraz prowadzenie zdrowego trybu \u017cycia.<\/strong><\/p>\n<p><strong>Przechowywanie:<\/strong><\/p>\n<p>Po otwarciu przechowywa\u0107 w suchym i ciemnym miejscu, z dala od ma\u0142ych dzieci.<\/p>\n<p><strong>Dystrybutor<\/strong><\/p>\n<p>ARAM NATURA, 27-400 Ostrowiec \u015aw.<\/p>\n<p>&nbsp;<\/p>\n","protected":false},"excerpt":{"rendered":"<p><strong>Suplement diety<\/strong><\/p>\n<p>G\u0142\u00f3wnym sk\u0142adnikiem suplementu diety <strong>Kapilar 200 tabletek<\/strong> jest dihydrokwercetyna &#8211; bioflawonoid modrzewia syberyjskiego. Dihydrokwercetyna mo\u017ce wykazywa\u0107 dzia\u0142anie antyoksydacyjne. Mo\u017ce tak\u017ce chroni\u0107 b\u0142ony kom\u00f3rkowe przed szkodliwym dzia\u0142aniem wolnych rodnik\u00f3w.<\/p>\n","protected":false},"featured_media":9694,"comment_status":"closed","ping_status":"closed","template":"","meta":[],"product_brand":[],"product_cat":[72],"product_tag":[],"class_list":{"0":"post-1559","1":"product","2":"type-product","3":"status-publish","4":"has-post-thumbnail","6":"product_cat-suplementy-diety","8":"first","9":"instock","10":"sale","11":"taxable","12":"shipping-taxable","13":"purchasable","14":"product-type-simple"},"_links":{"self":[{"href":"https:\/\/ziolazycia.com\/nowa\/wp-json\/wp\/v2\/product\/1559","targetHints":{"allow":["GET"]}}],"collection":[{"href":"https:\/\/ziolazycia.com\/nowa\/wp-json\/wp\/v2\/product"}],"about":[{"href":"https:\/\/ziolazycia.com\/nowa\/wp-json\/wp\/v2\/types\/product"}],"replies":[{"embeddable":true,"href":"https:\/\/ziolazycia.com\/nowa\/wp-json\/wp\/v2\/comments?post=1559"}],"wp:featuredmedia":[{"embeddable":true,"href":"https:\/\/ziolazycia.com\/nowa\/wp-json\/wp\/v2\/media\/9694"}],"wp:attachment":[{"href":"https:\/\/ziolazycia.com\/nowa\/wp-json\/wp\/v2\/media?parent=1559"}],"wp:term":[{"taxonomy":"product_brand","embeddable":true,"href":"https:\/\/ziolazycia.com\/nowa\/wp-json\/wp\/v2\/product_brand?post=1559"},{"taxonomy":"product_cat","embeddable":true,"href":"https:\/\/ziolazycia.com\/nowa\/wp-json\/wp\/v2\/product_cat?post=1559"},{"taxonomy":"product_tag","embeddable":true,"href":"https:\/\/ziolazycia.com\/nowa\/wp-json\/wp\/v2\/product_tag?post=1559"}],"curies":[{"name":"wp","href":"https:\/\/api.w.org\/{rel}","templated":true}]}}