{"id":1554,"date":"2023-12-01T09:06:42","date_gmt":"2023-12-01T08:06:42","guid":{"rendered":"https:\/\/ziolazycia.com\/nowa\/?post_type=product&#038;p=1554"},"modified":"2025-11-26T15:58:54","modified_gmt":"2025-11-26T14:58:54","slug":"vironal-krople-30ml-energy-poland","status":"publish","type":"product","link":"https:\/\/ziolazycia.com\/nowa\/product\/vironal-krople-30ml-energy-poland\/","title":{"rendered":"Vironal krople 30 ml"},"content":{"rendered":"<p><strong>W\u0142a\u015bciwo\u015bci:<\/strong><br \/>\nWyci\u0105gi zio\u0142owe zawarte w produkcie Vironal (zgodnie z Wykazem o\u015bwiadcze\u0144 zdrowotnych dla sk\u0142adnik\u00f3w produktu \u201eVironal\u201d):<br \/>\n&#8211; koj\u0105 gard\u0142o, struny g\u0142osowe i jam\u0119 ustn\u0105 w przypadku podra\u017cnienia;<br \/>\n&#8211; u\u0142atwiaj\u0105 odkrztuszanie;<br \/>\n&#8211; mog\u0105 u\u0142atwia\u0107 oddychanie;<br \/>\n&#8211; dzia\u0142aj\u0105 pomocniczo przy infekcjach ucha;<br \/>\n&#8211; wspomagaj\u0105 uk\u0142ad odporno\u015bciowy;<br \/>\n&#8211; sprzyjaj\u0105 utrzymaniu r\u00f3wnowagi \u017co\u0142\u0105dkowo-jelitowej;<\/p>\n<h2><strong>Vironal krople 30ml &#8211; spos\u00f3b u\u017cycia:<\/strong><\/h2>\n<p>Zalecana do spo\u017cycia dzienna porcja produktu:<br \/>\nDoro\u015bli 7 kropli 2\u20133 x dziennie.<br \/>\nDzieci od 3 roku \u017cycia 2 krople dziennie.<br \/>\nDzieci od 12 roku \u017cycia 7 kropli dziennie.<\/p>\n<p>Przyjmowa\u0107 p\u00f3\u0142 godziny przed lub po posi\u0142ku (mo\u017cna rozcie\u0144czy\u0107 wod\u0105).<\/p>\n<p>Przed u\u017cyciem wstrz\u0105sn\u0105\u0107. Nie stosowa\u0107 u dzieci do 3 roku \u017cycia! Stosowanie preparatu w okresie ci\u0105\u017cy i karmienia piersi\u0105, nale\u017cy skonsultowa\u0107 z lekarzem. Stosowa\u0107 przez trzy tygodnie; po tym okresie nale\u017cy zrobi\u0107 siedem dni przerwy. Zaleca si\u0119 zwi\u0119kszenie przyjmowania p\u0142yn\u00f3w. Nie nale\u017cy przekracza\u0107 zalecanej porcji do spo\u017cycia w ci\u0105gu dnia.<\/p>\n<p>Preparat nie mo\u017ce by\u0107 stosowany jako substytut zr\u00f3\u017cnicowanej diety.<br \/>\nZr\u00f3wnowa\u017cony spos\u00f3b \u017cywienia i zdrowy tryb \u017cycia s\u0105 wa\u017cne dla prawid\u0142owego funkcjonowania organizmu.<\/p>\n<p><strong>Przechowywanie:<\/strong> przechowywa\u0107 w suchym miejscu w temperaturze 10 \u201325 st. C, z daleka od urz\u0105dze\u0144 emituj\u0105cych pulsuj\u0105ce promieniowanie elektromagnetyczne (kuchenek mikrofalowych, ekran\u00f3w komputerowych i telewizyjnych). Przechowywa\u0107 w spos\u00f3b niedost\u0119pny dla ma\u0142ych dzieci.<\/p>\n<p><strong>Przeciwwskazania<\/strong>: Nie stosowa\u0107 u dzieci poni\u017cej 3 roku \u017cycia.<\/p>\n<p><strong>Sk\u0142adniki:<\/strong> Ekstrakt zio\u0142owy 82,6 % (Sadziec konopiasty &#8211; ziele, Chrzan pospolity &#8211; korze\u0144, Drapacz lekarski &#8211; ziele, Macierzanka piaskowa &#8211; ziele, Krwi\u015bci\u0105g lekarski &#8211; korze\u0144, Bukwica zwyczajna &#8211; ziele, Chinowiec lekarski &#8211; kora, Rukiew wodna &#8211; ziele, Lipa drobnolistna &#8211; kwiat, Nasturcja wi\u0119ksza, Dziewanna wielkokwiatowa &#8211; kwiat, Grejpfrut r\u00f3\u017cowy &#8211; nasiona, Lukrecja g\u0142adka &#8211; korze\u0144, Oman wielki &#8211; korze\u0144, Aframon madagaskarski &#8211; ziele); substancje zag\u0119szczaj\u0105ce: sorbitole, celuloza; woda; substancja zag\u0119szczaj\u0105ca: guma ksantanowa; substancja konserwuj\u0105ca: sorbinian potasu; mieszanka olejk\u00f3w eterycznych (0,30%); ekstrakt z owocu grejpfruta. Zawiera lukrecj\u0119.<\/p>\n<p><strong>Pojemno\u015b\u0107:<\/strong> 30ml<\/p>\n<p><strong>Producent:<\/strong><br \/>\nEnergy Group, a. s., Czechy<\/p>\n","protected":false},"excerpt":{"rendered":"<p><strong>Suplement diety<\/strong><\/p>\n<p><strong>Bioinformacyjny koncentrat zio\u0142owy<\/strong><\/p>\n<h2>Wsparcie dla uk\u0142adu oddechowego, odporno\u015bciowego, trawiennego i prawid\u0142owego stanu sk\u00f3ry<\/h2>\n<p>&nbsp;<\/p>\n","protected":false},"featured_media":9692,"comment_status":"closed","ping_status":"closed","template":"","meta":[],"product_brand":[],"product_cat":[72],"product_tag":[],"class_list":{"0":"post-1554","1":"product","2":"type-product","3":"status-publish","4":"has-post-thumbnail","6":"product_cat-suplementy-diety","8":"first","9":"instock","10":"sale","11":"taxable","12":"shipping-taxable","13":"purchasable","14":"product-type-simple"},"_links":{"self":[{"href":"https:\/\/ziolazycia.com\/nowa\/wp-json\/wp\/v2\/product\/1554","targetHints":{"allow":["GET"]}}],"collection":[{"href":"https:\/\/ziolazycia.com\/nowa\/wp-json\/wp\/v2\/product"}],"about":[{"href":"https:\/\/ziolazycia.com\/nowa\/wp-json\/wp\/v2\/types\/product"}],"replies":[{"embeddable":true,"href":"https:\/\/ziolazycia.com\/nowa\/wp-json\/wp\/v2\/comments?post=1554"}],"wp:featuredmedia":[{"embeddable":true,"href":"https:\/\/ziolazycia.com\/nowa\/wp-json\/wp\/v2\/media\/9692"}],"wp:attachment":[{"href":"https:\/\/ziolazycia.com\/nowa\/wp-json\/wp\/v2\/media?parent=1554"}],"wp:term":[{"taxonomy":"product_brand","embeddable":true,"href":"https:\/\/ziolazycia.com\/nowa\/wp-json\/wp\/v2\/product_brand?post=1554"},{"taxonomy":"product_cat","embeddable":true,"href":"https:\/\/ziolazycia.com\/nowa\/wp-json\/wp\/v2\/product_cat?post=1554"},{"taxonomy":"product_tag","embeddable":true,"href":"https:\/\/ziolazycia.com\/nowa\/wp-json\/wp\/v2\/product_tag?post=1554"}],"curies":[{"name":"wp","href":"https:\/\/api.w.org\/{rel}","templated":true}]}}