{"id":1542,"date":"2023-12-01T09:01:47","date_gmt":"2023-12-01T08:01:47","guid":{"rendered":"https:\/\/ziolazycia.com\/nowa\/?post_type=product&#038;p=1542"},"modified":"2025-11-26T15:58:54","modified_gmt":"2025-11-26T14:58:54","slug":"regalen-krople-30ml-energy-poland","status":"publish","type":"product","link":"https:\/\/ziolazycia.com\/nowa\/product\/regalen-krople-30ml-energy-poland\/","title":{"rendered":"Regalen krople 30 ml"},"content":{"rendered":"<p><strong>W\u0142a\u015bciwo\u015bci:<\/strong><br \/>\nWyci\u0105gi zio\u0142owe zawarte w produkcie Regalen (zgodnie z Wykazem o\u015bwiadcze\u0144 zdrowotnych dla sk\u0142adnik\u00f3w produktu \u201eRegalen\u201d):<br \/>\n&#8211; przyczyniaj\u0105 si\u0119 do zachowania komfortu trawiennego;<br \/>\n&#8211; pomagaj\u0105 zachowa\u0107 fizjologiczny poziom pH \u017co\u0142\u0105dka;<br \/>\n&#8211; pomagaj\u0105 w zachowaniu r\u00f3wnowagi elektrolitowej;<br \/>\n&#8211; przyczyniaj\u0105 si\u0119 do prawid\u0142owego funkcjonowania w\u0105troby i p\u0119cherzyka \u017c\u00f3\u0142ciowego;<br \/>\n&#8211; wspomagaj\u0105 trawienie i detoksykacj\u0119 organizmu;<br \/>\n&#8211; przyczyniaj\u0105 si\u0119 do utrzymania prawid\u0142owej mikroflory w przewodzie pokarmowym;<br \/>\n&#8211; mog\u0105 \u0142agodzi\u0107 uczucie pe\u0142no\u015bci i wzd\u0119cia;<br \/>\n&#8211; korzystnie wp\u0142ywa na funkcjonowanie sk\u00f3ry.<\/p>\n<h2><strong>Regalen krople 30ml &#8211; spos\u00f3b u\u017cycia:<\/strong><\/h2>\n<p>Zalecana do spo\u017cycia dzienna porcja produktu:<br \/>\nDoro\u015bli 7 kropli 2\u20133 x dziennie.<br \/>\nDzieci od 3 roku \u017cycia 2 krople dziennie.<br \/>\nDzieci od 12 roku \u017cycia 7 kropli dziennie.<\/p>\n<p>Przyjmowa\u0107 p\u00f3\u0142 godziny przed lub po posi\u0142ku (mo\u017cna rozcie\u0144czy\u0107 wod\u0105).<\/p>\n<p>Przed u\u017cyciem wstrz\u0105sn\u0105\u0107. Nie stosowa\u0107 u dzieci do 3 roku \u017cycia! Stosowanie preparatu w okresie ci\u0105\u017cy i karmienia piersi\u0105, nale\u017cy skonsultowa\u0107 z lekarzem. Stosowa\u0107 przez trzy tygodnie; po tym okresie nale\u017cy zrobi\u0107 siedem dni przerwy. Zaleca si\u0119 zwi\u0119kszenie przyjmowania p\u0142yn\u00f3w. Nie nale\u017cy przekracza\u0107 zalecanej porcji do spo\u017cycia w ci\u0105gu dnia.<\/p>\n<p>Preparat nie mo\u017ce by\u0107 stosowany jako substytut zr\u00f3\u017cnicowanej diety.<br \/>\nZr\u00f3wnowa\u017cony spos\u00f3b \u017cywienia i zdrowy tryb \u017cycia s\u0105 wa\u017cne dla prawid\u0142owego funkcjonowania organizmu.<\/p>\n<p><strong>Przechowywanie:<\/strong> przechowywa\u0107 w suchym miejscu w temperaturze 10 \u201325 st. C, z daleka od urz\u0105dze\u0144 emituj\u0105cych pulsuj\u0105ce promieniowanie elektromagnetyczne (kuchenek mikrofalowych, ekran\u00f3w komputerowych i telewizyjnych). Przechowywa\u0107 w spos\u00f3b niedost\u0119pny dla ma\u0142ych dzieci.<\/p>\n<p><strong>Przeciwwskazania<\/strong>: Nie stosowa\u0107 u dzieci poni\u017cej 3 roku \u017cycia.<\/p>\n<p><strong>Sk\u0142adniki: <\/strong>Ekstrakt zio\u0142owy 82,6 % (Pi\u0119ciornik kurze ziele &#8211; korze\u0144, Mniszek lekarski &#8211; korze\u0144, Babka lancetowata &#8211; li\u015b\u0107, Przetacznik le\u015bny &#8211; ziele, Glistnik jask\u00f3\u0142cze ziele &#8211; ziele, Biedrzeniec mniejszy &#8211; korze\u0144, \u017b\u00f3\u0142todrzew pieprzowy &#8211; nasiona, Bylica bo\u017ce drzewko &#8211; ziele, Goryczka \u017c\u00f3\u0142ta &#8211; korze\u0144, Szanta Zwyczajna &#8211; ziele, Rzepik pospolity &#8211; ziele, Przytulia w\u0142a\u015bciwa &#8211; ziele, Skalnica ziarenkowata &#8211; ziele); substancje zag\u0119szczaj\u0105ce: sorbitole, celuloza; woda; substancja zag\u0119szczaj\u0105ca: guma ksantanowa;<br \/>\nsubstancja konserwuj\u0105ca: sorbinian potasu; mieszanka olejk\u00f3w eterycznych (0,12%);<br \/>\nsylimaryna (0,10%), ekstrakt z owocu grejpfruta.<\/p>\n<p><strong>Pojemno\u015b\u0107:<\/strong> 30ml<\/p>\n<p><strong>Producent:<\/strong><br \/>\nEnergy Group, a. s., Czechy<\/p>\n","protected":false},"excerpt":{"rendered":"<p>Suplement diety<\/p>\n<p>Bioinformacyjny koncentrat zio\u0142owy<\/p>\n<h2>Wsparcie dla detoksykacji organizmu oraz dla pracy w\u0105troby i p\u0119cherzyka \u017c\u00f3\u0142ciowego oraz uk\u0142adu trawiennego<\/h2>\n","protected":false},"featured_media":9690,"comment_status":"closed","ping_status":"closed","template":"","meta":[],"product_brand":[],"product_cat":[72],"product_tag":[],"class_list":{"0":"post-1542","1":"product","2":"type-product","3":"status-publish","4":"has-post-thumbnail","6":"product_cat-suplementy-diety","8":"first","9":"instock","10":"sale","11":"taxable","12":"shipping-taxable","13":"purchasable","14":"product-type-simple"},"_links":{"self":[{"href":"https:\/\/ziolazycia.com\/nowa\/wp-json\/wp\/v2\/product\/1542","targetHints":{"allow":["GET"]}}],"collection":[{"href":"https:\/\/ziolazycia.com\/nowa\/wp-json\/wp\/v2\/product"}],"about":[{"href":"https:\/\/ziolazycia.com\/nowa\/wp-json\/wp\/v2\/types\/product"}],"replies":[{"embeddable":true,"href":"https:\/\/ziolazycia.com\/nowa\/wp-json\/wp\/v2\/comments?post=1542"}],"wp:featuredmedia":[{"embeddable":true,"href":"https:\/\/ziolazycia.com\/nowa\/wp-json\/wp\/v2\/media\/9690"}],"wp:attachment":[{"href":"https:\/\/ziolazycia.com\/nowa\/wp-json\/wp\/v2\/media?parent=1542"}],"wp:term":[{"taxonomy":"product_brand","embeddable":true,"href":"https:\/\/ziolazycia.com\/nowa\/wp-json\/wp\/v2\/product_brand?post=1542"},{"taxonomy":"product_cat","embeddable":true,"href":"https:\/\/ziolazycia.com\/nowa\/wp-json\/wp\/v2\/product_cat?post=1542"},{"taxonomy":"product_tag","embeddable":true,"href":"https:\/\/ziolazycia.com\/nowa\/wp-json\/wp\/v2\/product_tag?post=1542"}],"curies":[{"name":"wp","href":"https:\/\/api.w.org\/{rel}","templated":true}]}}