{"id":1539,"date":"2023-12-01T08:59:56","date_gmt":"2023-12-01T07:59:56","guid":{"rendered":"https:\/\/ziolazycia.com\/nowa\/?post_type=product&#038;p=1539"},"modified":"2025-11-26T15:58:54","modified_gmt":"2025-11-26T14:58:54","slug":"pasta-do-zebow-z-aloesem-i-propolisem-130g-forever-living","status":"publish","type":"product","link":"https:\/\/ziolazycia.com\/nowa\/product\/pasta-do-zebow-z-aloesem-i-propolisem-130g-forever-living\/","title":{"rendered":"Forever Bright Pasta do z\u0119b\u00f3w z aloesem i propolisem w \u017celu 130 g"},"content":{"rendered":"<p>Dzi\u0119ki wysokiej zawarto\u015bci mi\u0105\u017cszu aloesu wzbogaconego propolisem wykazuje dzia\u0142anie antybakteryjne, zapobiega infekcjom jamy ustnej (tak\u017ce grzybiczym) i zapewnia jej \u015bwie\u017co\u015b\u0107.<\/p>\n<p>Pasta Forever Bright ma naturalnie ciemnozielony kolor. Dzi\u0119ki dodatkowi olejku z mi\u0119ty pieprzowej charakteryzuje si\u0119 przyjemnym smakiem i aromatem.<\/p>\n<p><strong>Sk\u0142adniki (INCI):<\/strong> Aloe Barbadensis Leaf Juice, Sorbitol, Hydrated Silica, Glycerin, Sodium Lauryl Sulfate, Chondrus Crispus Powder, Aroma, Propolis Extract, Sodium Sacharin, Ascorbic Acid, Citric Acid, Limonene, Linalool, Potassium Sorbate, Sodium Benzoate, CI 75810.<\/p>\n<h2>Forever Bright Toothgel nie zawiera szkodliwego fluoru.<\/h2>\n<p><strong>Pojemno\u015b\u0107: <\/strong>130 g<\/p>\n<h2><strong>Forever Bright &#8211; spos\u00f3b u\u017cycia:<br \/>\n<\/strong><\/h2>\n<p>Past Forever Bright mo\u017cna stosowa\u0107 rano, wieczorem jak i po ka\u017cdym posi\u0142ku. Pozwoli to na utrzymanie czystych, l\u015bni\u0105cych z\u0119b\u00f3w i \u015bwie\u017cszego oddechu. Dodatkowo systematyczne stosowanie pasty aloesowej Forever Bright b\u0119dzie niwelowa\u0107 ryzyko pojawienia si\u0119 pr\u00f3chnicy oraz kamienia naz\u0119bnego.<\/p>\n<p><strong>Podmiot odpowiedzialny:<\/strong><\/p>\n<p>Forever Living Products, Polska<\/p>\n<p>&nbsp;<\/p>\n","protected":false},"excerpt":{"rendered":"<h2>Pasta do z\u0119b\u00f3w <strong>Forever Bright Tooth Gel<\/strong> to naturalna pasta aloesowa z dodatkiem propolisu pszczelego.<\/h2>\n<p>Mo\u017ce by\u0107 ona stosowana z powodzeniem przez wszystkich cz\u0142onk\u00f3w rodziny, niezale\u017cnie od wieku.<\/p>\n<p>We wsp\u00f3\u0142pracy z naukowcami i dentystami zosta\u0142a stworzona idealna formu\u0142a \u017celu do mycia z\u0119b\u00f3w na bazie mi\u0105\u017cszu z aloesu znanego ze swoich w\u0142a\u015bciwo\u015bci piel\u0119gnacyjnych i goj\u0105cych. Pasta do z\u0119b\u00f3w <strong>Forever Bright<\/strong> w formie delikatnego \u017celu chroni szkliwo z\u0119b\u00f3w, zapobiega powstawaniu p\u0142ytki naz\u0119bnej, \u0142agodzi podra\u017cnienia dzi\u0105se\u0142.<\/p>\n","protected":false},"featured_media":9688,"comment_status":"closed","ping_status":"closed","template":"","meta":[],"product_brand":[],"product_cat":[82],"product_tag":[],"class_list":{"0":"post-1539","1":"product","2":"type-product","3":"status-publish","4":"has-post-thumbnail","6":"product_cat-kosmetyki-naturalne","8":"first","9":"instock","10":"sale","11":"taxable","12":"shipping-taxable","13":"purchasable","14":"product-type-simple"},"_links":{"self":[{"href":"https:\/\/ziolazycia.com\/nowa\/wp-json\/wp\/v2\/product\/1539","targetHints":{"allow":["GET"]}}],"collection":[{"href":"https:\/\/ziolazycia.com\/nowa\/wp-json\/wp\/v2\/product"}],"about":[{"href":"https:\/\/ziolazycia.com\/nowa\/wp-json\/wp\/v2\/types\/product"}],"replies":[{"embeddable":true,"href":"https:\/\/ziolazycia.com\/nowa\/wp-json\/wp\/v2\/comments?post=1539"}],"wp:featuredmedia":[{"embeddable":true,"href":"https:\/\/ziolazycia.com\/nowa\/wp-json\/wp\/v2\/media\/9688"}],"wp:attachment":[{"href":"https:\/\/ziolazycia.com\/nowa\/wp-json\/wp\/v2\/media?parent=1539"}],"wp:term":[{"taxonomy":"product_brand","embeddable":true,"href":"https:\/\/ziolazycia.com\/nowa\/wp-json\/wp\/v2\/product_brand?post=1539"},{"taxonomy":"product_cat","embeddable":true,"href":"https:\/\/ziolazycia.com\/nowa\/wp-json\/wp\/v2\/product_cat?post=1539"},{"taxonomy":"product_tag","embeddable":true,"href":"https:\/\/ziolazycia.com\/nowa\/wp-json\/wp\/v2\/product_tag?post=1539"}],"curies":[{"name":"wp","href":"https:\/\/api.w.org\/{rel}","templated":true}]}}