{"id":1510,"date":"2023-12-01T08:45:29","date_gmt":"2023-12-01T07:45:29","guid":{"rendered":"https:\/\/ziolazycia.com\/nowa\/?post_type=product&#038;p=1510"},"modified":"2025-11-26T15:58:53","modified_gmt":"2025-11-26T14:58:53","slug":"gynex-krople-30ml-energy-poland","status":"publish","type":"product","link":"https:\/\/ziolazycia.com\/nowa\/product\/gynex-krople-30ml-energy-poland\/","title":{"rendered":"Gynex krople 30 ml"},"content":{"rendered":"<p><strong>W\u0142a\u015bciwo\u015bci:<\/strong><br \/>\nWyci\u0105gi zio\u0142owe zawarte w produkcie Gynex (zgodnie z Wykazem o\u015bwiadcze\u0144 zdrowotnych dla sk\u0142adnik\u00f3w produktu \u201eGynex\u201d):<br \/>\n&#8211; pomagaj\u0105 zapewni\u0107 komfort przed i podczas cyklu menstruacyjnego;<br \/>\n&#8211; reguluj\u0105 cykl menstruacyjny (dzia\u0142anie przeciwzapalne oraz przeciwb\u00f3lowe);<br \/>\n&#8211; pomaga zachowa\u0107 spok\u00f3j i komfort podczas menopauzy (pomaga kobietom radzi\u0107 sobie z objawami zwi\u0105zanymi z menopauz\u0105, takimi jak\u00a0\u00a0\u00a0 uderzenia gor\u0105ca, pocenie si\u0119, niepok\u00f3j, rozdra\u017cnienie);<br \/>\n&#8211; wspomagaj\u0105 funkcje tarczycy i produkcj\u0119 hormon\u00f3w;<br \/>\n&#8211; pomagaj\u0105 w utrzymaniu zdrowia uk\u0142adu rozrodczego.<\/p>\n<h2><strong>Gynex krople 30ml &#8211; spos\u00f3b u\u017cycia:<\/strong><\/h2>\n<p>Zalecana do spo\u017cycia dzienna porcja produktu:<br \/>\nDoro\u015bli 7 kropli 2\u20133 x dziennie.<br \/>\nDzieci od 3 roku \u017cycia 2 krople dziennie.<br \/>\nDzieci od 12 roku \u017cycia 7 kropli dziennie.<\/p>\n<p>Przyjmowa\u0107 p\u00f3\u0142 godziny przed lub po posi\u0142ku (mo\u017cna rozcie\u0144czy\u0107 wod\u0105).<\/p>\n<p>Przed u\u017cyciem wstrz\u0105sn\u0105\u0107. Nie stosowa\u0107 u dzieci do 3 roku \u017cycia! Stosowanie preparatu w okresie ci\u0105\u017cy i karmienia piersi\u0105, nale\u017cy skonsultowa\u0107 z lekarzem. Stosowa\u0107 przez trzy tygodnie; po tym okresie nale\u017cy zrobi\u0107 siedem dni przerwy. Zaleca si\u0119 zwi\u0119kszenie przyjmowania p\u0142yn\u00f3w. Nie nale\u017cy przekracza\u0107 zalecanej porcji do spo\u017cycia w ci\u0105gu dnia.<\/p>\n<p>Preparat nie mo\u017ce by\u0107 stosowany jako substytut zr\u00f3\u017cnicowanej diety.<br \/>\nZr\u00f3wnowa\u017cony spos\u00f3b \u017cywienia i zdrowy tryb \u017cycia s\u0105 wa\u017cne dla prawid\u0142owego funkcjonowania organizmu.<\/p>\n<p><strong>Przechowywanie:<\/strong> przechowywa\u0107 w suchym miejscu w temperaturze 10 \u201325 st. C, z daleka od urz\u0105dze\u0144 emituj\u0105cych pulsuj\u0105ce promieniowanie elektromagnetyczne (kuchenek mikrofalowych, ekran\u00f3w komputerowych i telewizyjnych). Przechowywa\u0107 w spos\u00f3b niedost\u0119pny dla ma\u0142ych dzieci.<\/p>\n<p><strong>Przeciwwskazania<\/strong>: Nie stosowa\u0107 u dzieci poni\u017cej 3 roku \u017cycia.<\/p>\n<p><strong>Sk\u0142adniki:\u00a0<\/strong>Ekstrakt zio\u0142owy 82,6 % (Jasnota bia\u0142a &#8211; ziele, Nagietek lekarski &#8211; kwiat, Morszczyn p\u0119cherzykowaty, Bodziszek cuchn\u0105cy &#8211; ziele, Lukrecja g\u0142adka &#8211; korze\u0144, Gorysz miarz &#8211; korze\u0144, Pi\u0119ciornik g\u0119si &#8211; ziele, Koniczyna \u0142\u0105kowa &#8211; kwiat, Rutwica lekarska &#8211; ziele, Przytulia w\u0142a\u015bciwa &#8211; ziele, Robinia akacjowa &#8211; kwiat, Przywrotnik pospolity &#8211; ziele, Fenku\u0142 w\u0142oski &#8211; owoc); substancje zag\u0119szczaj\u0105ce: sorbitole, celuloza; woda; substancja zag\u0119szczaj\u0105ca: guma ksantanowa; substancja konserwuj\u0105ca: sorbinian potasu; mieszanka olejk\u00f3w eterycznych (0,12%); ekstrakt z owocu grejpfruta.<br \/>\nUwaga: zawiera lukrecj\u0119.<\/p>\n<p><strong>Pojemno\u015b\u0107:<\/strong> 30ml<\/p>\n<p><strong>Producent:<\/strong><br \/>\nEnergy Group, a. s., Czechy<\/p>\n","protected":false},"excerpt":{"rendered":"<p>Suplement diety<\/p>\n<p>Bioinformacyjny koncentrat zio\u0142owy<\/p>\n<h2>Wsparcie dla uk\u0142adu hormonalnego i tarczycy oraz utrzymania dobrego stanu uk\u0142adu rozrodczego.<\/h2>\n","protected":false},"featured_media":9680,"comment_status":"closed","ping_status":"closed","template":"","meta":[],"product_brand":[],"product_cat":[72],"product_tag":[],"class_list":{"0":"post-1510","1":"product","2":"type-product","3":"status-publish","4":"has-post-thumbnail","6":"product_cat-suplementy-diety","8":"first","9":"instock","10":"sale","11":"taxable","12":"shipping-taxable","13":"purchasable","14":"product-type-simple"},"_links":{"self":[{"href":"https:\/\/ziolazycia.com\/nowa\/wp-json\/wp\/v2\/product\/1510","targetHints":{"allow":["GET"]}}],"collection":[{"href":"https:\/\/ziolazycia.com\/nowa\/wp-json\/wp\/v2\/product"}],"about":[{"href":"https:\/\/ziolazycia.com\/nowa\/wp-json\/wp\/v2\/types\/product"}],"replies":[{"embeddable":true,"href":"https:\/\/ziolazycia.com\/nowa\/wp-json\/wp\/v2\/comments?post=1510"}],"wp:featuredmedia":[{"embeddable":true,"href":"https:\/\/ziolazycia.com\/nowa\/wp-json\/wp\/v2\/media\/9680"}],"wp:attachment":[{"href":"https:\/\/ziolazycia.com\/nowa\/wp-json\/wp\/v2\/media?parent=1510"}],"wp:term":[{"taxonomy":"product_brand","embeddable":true,"href":"https:\/\/ziolazycia.com\/nowa\/wp-json\/wp\/v2\/product_brand?post=1510"},{"taxonomy":"product_cat","embeddable":true,"href":"https:\/\/ziolazycia.com\/nowa\/wp-json\/wp\/v2\/product_cat?post=1510"},{"taxonomy":"product_tag","embeddable":true,"href":"https:\/\/ziolazycia.com\/nowa\/wp-json\/wp\/v2\/product_tag?post=1510"}],"curies":[{"name":"wp","href":"https:\/\/api.w.org\/{rel}","templated":true}]}}