{"id":1500,"date":"2023-12-01T08:41:32","date_gmt":"2023-12-01T07:41:32","guid":{"rendered":"https:\/\/ziolazycia.com\/nowa\/?post_type=product&#038;p=1500"},"modified":"2025-11-26T15:58:53","modified_gmt":"2025-11-26T14:58:53","slug":"cytovital-krem-do-twarzy-i-ciala-50-ml-energy-poland","status":"publish","type":"product","link":"https:\/\/ziolazycia.com\/nowa\/product\/cytovital-krem-do-twarzy-i-ciala-50-ml-energy-poland\/","title":{"rendered":"Cytovital Zio\u0142owy krem do twarzy i cia\u0142a 50 ml"},"content":{"rendered":"<p>Zgodnie z TCM nale\u017cy do elementu Ziemi (\u015bledziona, trzustka, \u017co\u0142\u0105dek).<\/p>\n<h2><strong>Ro\u015bliny wchodz\u0105ce w sk\u0142ad kremu\u00a0Cytovital i ich tradycyjne zastosowania:<\/strong><\/h2>\n<ul>\n<li><strong>Wanilia p\u0142askolistna<\/strong>: zawiera wanilin\u0119 oraz substancje enzymatyczne o w\u0142a\u015bciwo\u015bciach regeneruj\u0105cych sk\u00f3r\u0119; stosowana og\u00f3lnie na centralny uk\u0142ad nerwowy i hormonalny.<\/li>\n<li><strong>Lawenda lekarska<\/strong>: dzia\u0142a odm\u0142adzaj\u0105co na kom\u00f3rki i przyspiesza regeneracj\u0119 uszkodzonej sk\u00f3ry.<\/li>\n<li><strong>Kokoryczka wielokwiatowa<\/strong>: zawiera saponiny, \u015bluz i wiele substancji mineralnych; oddzia\u0142uje na uk\u0142ad hormonalny. Wykazuje tak\u017ce w\u0142a\u015bciwo\u015bci regeneruj\u0105ce uszkodzon\u0105 bliznowat\u0105 tkank\u0119.<\/li>\n<li><strong>Lukrecja g\u0142adka<\/strong>: zawiera fitohormony; stosowana na r\u00f3\u017cne typy egzem i wysypek.<\/li>\n<li><strong>Fenku\u0142 w\u0142oski<\/strong>: stosowany dla \u0142agodzenia skurcz\u00f3w mi\u0119\u015bni g\u0142adkich, zwi\u0119kszenia wydzielania mleka, przeciwko paso\u017cytom zewn\u0119trznym i wewn\u0119trznym; zewn\u0119trznie &#8211; w stanach zapalnych oczu r\u00f3\u017cnego pochodzenia.<\/li>\n<li><strong>W\u0105krota zwyczajna<\/strong>: stosowana dla \u0142agodzenia napi\u0119cia, spowalniania procesu starzenia, wzmocnienia nerek, regeneracji kom\u00f3rek, w r\u00f3\u017cnych schorzeniach sk\u00f3ry, jak r\u00f3wnie\u017c w przypadku nieregularnych menstruacji i cukrzycy.<\/li>\n<li><strong>\u017b\u00f3\u0142todrzew pieprzowy<\/strong>: stosowany przeciw drobnoustrojom i ple\u015bniom, dla dodania energii; poprawia tak\u017ce jako\u015b\u0107 sk\u00f3ry.<\/li>\n<li><strong>Imbir lekarski<\/strong>:\u00a0zawiera olejek eteryczny, fosfor; stosowany przeciw drobnoustrojom, dla dodania energii i poprawy dzia\u0142ania obwodowego uk\u0142adu krwiono\u015bnego.<\/li>\n<li><strong>Biedrzeniec any\u017c<\/strong>: oddzia\u0142uje na prac\u0119 p\u0142uc, poprawia spr\u0119\u017cysto\u015bci sk\u00f3ry, dzia\u0142a bakteriostatycznie i wp\u0142ywa na uk\u0142ad hormonalny.<\/li>\n<li><strong>Muira puama<\/strong>: znany afrodyzjak india\u0144ski; stosowany dla dodania energii, tonizacji organizmu, regeneracji kom\u00f3rek; oddzia\u0142uje tak\u017ce na trzustk\u0119, centralny uk\u0142ad nerwowy i nerki.<\/li>\n<li><strong>Szczodrak krokoszowaty<\/strong>: stosowany dla ochrony w\u0105troby, regeneracji i detoksykacji kom\u00f3rek, a tak\u017ce w leczeniu schorze\u0144 sk\u00f3rnych.<\/li>\n<li><strong>Lnica pospolita<\/strong>: stosowana przeciwgrzybiczo i na zmiany sk\u00f3rne; zawiera kwas bursztynowy.<\/li>\n<li><strong>Tarczyca bajkalska<\/strong>: zawiera saponiny steroidowe i kwasy organiczne; stosowana dla tonizacji organizmu, ochrony w\u0105troby i przy alergiach.<\/li>\n<\/ul>\n<h2>Krem zio\u0142owy Cytovital zawiera ponadto wod\u0119 z trzeciorz\u0119du z Podhajskiej.<\/h2>\n<p>Woda ta ma wielki potencja\u0142 energetyczny i wyj\u0105tkowy sk\u0142ad. Charakteryzuje si\u0119 wysok\u0105 zawarto\u015bci\u0105 borku, krzemu, chlorku, siarczanu, fluoru, w\u0119glanu, jodu, bromu, potasu, wapnia, magnezu, litu, \u017celaza, \u015bladowe ilo\u015bci miedzi, chromu, cynku, tytanu i innych pierwiastk\u00f3w i minera\u0142\u00f3w. Jej efekt regeneracyjny jest wi\u0119kszy ni\u017c wody z Morza Martwego.<\/p>\n<p><strong>Sk\u0142adniki aktywne:<\/strong> ekstrakt zio\u0142owy &#8211; Szczodrak krokoszowaty, \u017b\u00f3\u0142todrzew Pieprzowy, Kokoryczka wielokwiatowa, Wanilia p\u0142askolistna, Lawenda lekarska, Lukrecja g\u0142adka, Lnica pospolita, Korze\u0144 Muira Puama, Imbir lekarski, W\u0105krota zwyczajna, Biedrzeniec any\u017c, Fenku\u0142 w\u0142oski, Tarczyca bajkalska), oleje ro\u015blinne (orzeszki ziemne, mak, konopie, len, sezam, r\u0105cznik), olejki eteryczne (afrykanowy, any\u017cowy, eukaliptusowy, pelargonia, bursztyn, lawenda, kardamon, tuja, litsea, mandarynka, pi\u017cmo, paczula, boldoa aromatyczna, imbir). witaminy A i E, trzeciorz\u0119dowa woda termalna, potasowa substancja humusowa, Helixin\u00ae i Vermesin\u00ae, kombinacje ekstrakt\u00f3w z mirry, damara, kadmu i draceny, kwasu bursztynowego i azelainowego, liposomy humusowe, betaglukany.<\/p>\n<p><strong>Sk\u0142ad<\/strong><strong> (INCI): <\/strong>Extractum Herbarum (Rhaponticum Carthamoides Root Extract, Zanthoxylum Piperitum Fruit Extract, Polygonatum Multiflorum Rhizome\/Root Extract, Glycyrrhiza Glabra Root Extract, Linaria Vulgaris Flower\/Leaf\/Stem Extract, Liriosma Ovata Wood Extract, Zingiber Officinale Root Extract, Centella Asiatica Flower\/Leaf\/Stem Extract, Pimpinella Anisum Fruit Extract, Foeniculum Vulgare Fruit Extract, Scutellaria Baicalensis Extract), Cetearyl Alcohol, Stearic Acid, Sesamum Indicum Oil, Linum Usitatissimum Oil, Arachis Hypogaea Oil, Myreth \u2013 23, Hemp Seed Oil, Ricinus Communis Oil, Dimethicone, Petrolatum, Papaver Orientale Oil, Helix Pomatia Extract, Tocopheryl Acetate, Isoparaffin, Polyacrylamide, Eisenia Andrei Extract, Parfum, Benzyl Alcohol, Lecithin, Potassium Humate, Aqua Mineralis, Retinol, Glyceryl Stearate, Azelaic Acid, Laureth-4, Dehydroacetic Acid, BHT, Betaglucan, Commiphora Myrrha Gum Extract, Boswellia Carterii Gum Extract, Croton Lechleri Resin Extract, Shorea Robusta Resin Extract, Succinic Acid, Lineol, Geraniol, d-Limonene, Linalool, Citronellol.<\/p>\n<h2><strong>Spos\u00f3b u\u017cycia Kremu zio\u0142owego Cytovital Energy:<br \/>\n<\/strong><\/h2>\n<p>Do stosowania zewn\u0119trznego na twarz i cia\u0142o. Niewielk\u0105 ilo\u015b\u0107 kremu rozprowadzi\u0107 na powierzchni sk\u00f3ry. Nak\u0142ada\u0107 szczeg\u00f3lnie na okolice twarzy, szyi i dekoltu.<\/p>\n<p><strong>Przechowywanie: <\/strong>Produkt nale\u017cy przechowywa\u0107 w suchym miejscu, z dala od bezpo\u015bredniego \u015bwiat\u0142a s\u0142onecznego, w temperaturze 10-25 \u00b0 C i chroni\u0107 przed mrozem.<\/p>\n<p><strong>Pojemno\u015b\u0107:<\/strong> 50 ml<\/p>\n<p><strong>Producent:<\/strong><br \/>\nENERGY GROUP a.s.<br \/>\nCzechyZ WYSOK\u0104 ZAWARTO\u015aCI\u0104<\/p>\n","protected":false},"excerpt":{"rendered":"<h2><strong>Zio\u0142owy krem do twarzy i cia\u0142a Cytovital Energy<\/strong> to delikatny krem bioinformacyjny o szerokim spektrum dzia\u0142ania. Przeznaczony jest do piel\u0119gnacji sk\u00f3ry dojrza\u0142ej wymagaj\u0105cej regeneracji, poprawy elastyczno\u015bci i odm\u0142odzenia.<\/h2>\n<p>Pomaga przywr\u00f3ci\u0107 naturaln\u0105 elastyczno\u015b\u0107, j\u0119drno\u015b\u0107 i napi\u0119cie sk\u00f3ry. Ro\u015blinne sk\u0142adniki wspomagaj\u0105 proces regeneracji, nawil\u017caj\u0105 i dog\u0142\u0119bnie od\u017cywiaj\u0105 nask\u00f3rek. Ponadto zapobiegaj\u0105 wiotczeniu sk\u00f3ry.<\/p>\n","protected":false},"featured_media":9678,"comment_status":"closed","ping_status":"closed","template":"","meta":[],"product_brand":[],"product_cat":[82],"product_tag":[],"class_list":{"0":"post-1500","1":"product","2":"type-product","3":"status-publish","4":"has-post-thumbnail","6":"product_cat-kosmetyki-naturalne","8":"first","9":"instock","10":"sale","11":"taxable","12":"shipping-taxable","13":"purchasable","14":"product-type-simple"},"_links":{"self":[{"href":"https:\/\/ziolazycia.com\/nowa\/wp-json\/wp\/v2\/product\/1500","targetHints":{"allow":["GET"]}}],"collection":[{"href":"https:\/\/ziolazycia.com\/nowa\/wp-json\/wp\/v2\/product"}],"about":[{"href":"https:\/\/ziolazycia.com\/nowa\/wp-json\/wp\/v2\/types\/product"}],"replies":[{"embeddable":true,"href":"https:\/\/ziolazycia.com\/nowa\/wp-json\/wp\/v2\/comments?post=1500"}],"wp:featuredmedia":[{"embeddable":true,"href":"https:\/\/ziolazycia.com\/nowa\/wp-json\/wp\/v2\/media\/9678"}],"wp:attachment":[{"href":"https:\/\/ziolazycia.com\/nowa\/wp-json\/wp\/v2\/media?parent=1500"}],"wp:term":[{"taxonomy":"product_brand","embeddable":true,"href":"https:\/\/ziolazycia.com\/nowa\/wp-json\/wp\/v2\/product_brand?post=1500"},{"taxonomy":"product_cat","embeddable":true,"href":"https:\/\/ziolazycia.com\/nowa\/wp-json\/wp\/v2\/product_cat?post=1500"},{"taxonomy":"product_tag","embeddable":true,"href":"https:\/\/ziolazycia.com\/nowa\/wp-json\/wp\/v2\/product_tag?post=1500"}],"curies":[{"name":"wp","href":"https:\/\/api.w.org\/{rel}","templated":true}]}}