{"id":1491,"date":"2023-12-01T08:38:24","date_gmt":"2023-12-01T07:38:24","guid":{"rendered":"https:\/\/ziolazycia.com\/nowa\/?post_type=product&#038;p=1491"},"modified":"2025-11-26T15:58:52","modified_gmt":"2025-11-26T14:58:52","slug":"chlorofil-w-plynie-476-ml-natures-sunshine","status":"publish","type":"product","link":"https:\/\/ziolazycia.com\/nowa\/product\/chlorofil-w-plynie-476-ml-natures-sunshine\/","title":{"rendered":"Chlorofil w p\u0142ynie 476 ml"},"content":{"rendered":"<p>G\u0142\u00f3wnym sk\u0142adnikiem suplementu diety<strong> Chlorofil w p\u0142ynie<\/strong> jest chlorofilina sodowo-miedziana w formie p\u0142ynnej pozyskana z lucerny siewnej oraz morwy.<\/p>\n<p>Struktura chemiczna chlorofiliny jest bardzo podobna do cz\u0105steczki hemoglobiny, a podstawowa r\u00f3\u017cnica &#8211; to centrum cz\u0105steczki. W przypadku hemoglobiny jest nim \u017celazo, natomiast w przypadku chlorofiliny &#8211;\u00a0 mied\u017a. Orze\u017awiaj\u0105cy mi\u0119towy smak chlorofil zawdzi\u0119cza dodatkowi olejku mi\u0119towego pozyskanego z mi\u0119ty pieprzowej.<\/p>\n<p>Chlorofil to zielony barwnik wyst\u0119puj\u0105cy w ro\u015blinach. Bierze on udzia\u0142 w procesie fotosyntezy, podczas kt\u00f3rego \u015bwiat\u0142o s\u0142oneczne jest przekszta\u0142cane w energi\u0119 chemiczn\u0105. Ponadto chlorofil mo\u017ce mie\u0107 pozytywny wp\u0142yw na organizm cz\u0142owieka poniewa\u017c jest on znanym zwi\u0105zkiem, cenionym ze wzgl\u0119du na swoje w\u0142a\u015bciwo\u015bci oczyszczaj\u0105ce. Poza tym mo\u017ce mie\u0107 pozytywny wp\u0142yw na zwi\u0119kszenie witalno\u015bci, przyspieszenie rekonwalescencji, popraw\u0119 jako\u015bci krwi<\/p>\n<p>Suplement diety przeznaczony jest dla os\u00f3b doros\u0142ych.<\/p>\n<p><strong>Zawarto\u015b\u0107 opakowania<\/strong>:\u00a0476 ml w formie p\u0142ynnej<\/p>\n<p><strong>Dzienne spo\u017cycie<\/strong>: 15ml<\/p>\n<p><strong>Sk\u0142adniki aktywne:<\/strong><\/p>\n<table width=\"100%\">\n<thead>\n<tr>\n<td><\/td>\n<td width=\"23%\"><strong>5 ml<\/strong><\/td>\n<td width=\"1%\"><\/td>\n<\/tr>\n<\/thead>\n<tbody>\n<tr>\n<td>chlorofilina sodowo-miedziowa<\/td>\n<td width=\"23%\">15 mg<\/td>\n<td width=\"1%\"><\/td>\n<\/tr>\n<\/tbody>\n<\/table>\n<p><strong>Sk\u0142adniki<\/strong>: Woda oczyszczona; stabilizator: gliceryna rozpuszczalna; chlorofilina sodowo-miedziowa; aromat: olejek mi\u0119towy.<\/p>\n<h2>Chlorofil w p\u0142ynie 476 ml &#8211; spos\u00f3b u\u017cycia:<\/h2>\n<p>5 ml (jedna \u0142y\u017ceczka) chlorofilu doda\u0107 do szklanki wody. Pi\u0107 trzy razy dziennie.<\/p>\n<p>Nie przekracza\u0107 zalecanej porcji do spo\u017cycia w ci\u0105gu dnia. Produkt nie mo\u017ce by\u0107 stosowany jako substytut zr\u00f3\u017cnicowanej diety. Wa\u017cne jest stosowanie zr\u00f3\u017cnicowanej i zbilansowanej diety oraz prowadzenie zdrowego trybu \u017cycia.<\/p>\n<p><strong>Przechowywanie<\/strong><\/p>\n<p>Po otwarciu przechowywa\u0107 w lod\u00f3wce, z dala od ma\u0142ych dzieci.<\/p>\n<p><strong>Producent:<\/strong><\/p>\n<p>NATURE&#8217;S SUNSHINE<\/p>\n","protected":false},"excerpt":{"rendered":"<p><strong>Suplement diety<\/strong><\/p>\n<h2>Zielone \u017ar\u00f3d\u0142o \u017cycia &#8211; to w\u0142a\u015bnie Chlorofil w p\u0142ynie<\/h2>\n<p><strong>Chlorofil\u00a0<\/strong> to suplement diety, kt\u00f3rego g\u0142\u00f3wnym sk\u0142adnikiem jest Chlorofilina sodowo-miedziana w formie p\u0142ynnej pozyskana z lucerny siewnej oraz morwy.<\/p>\n","protected":false},"featured_media":9676,"comment_status":"closed","ping_status":"closed","template":"","meta":[],"product_brand":[],"product_cat":[72],"product_tag":[],"class_list":{"0":"post-1491","1":"product","2":"type-product","3":"status-publish","4":"has-post-thumbnail","6":"product_cat-suplementy-diety","8":"first","9":"instock","10":"taxable","11":"shipping-taxable","12":"purchasable","13":"product-type-simple"},"_links":{"self":[{"href":"https:\/\/ziolazycia.com\/nowa\/wp-json\/wp\/v2\/product\/1491","targetHints":{"allow":["GET"]}}],"collection":[{"href":"https:\/\/ziolazycia.com\/nowa\/wp-json\/wp\/v2\/product"}],"about":[{"href":"https:\/\/ziolazycia.com\/nowa\/wp-json\/wp\/v2\/types\/product"}],"replies":[{"embeddable":true,"href":"https:\/\/ziolazycia.com\/nowa\/wp-json\/wp\/v2\/comments?post=1491"}],"wp:featuredmedia":[{"embeddable":true,"href":"https:\/\/ziolazycia.com\/nowa\/wp-json\/wp\/v2\/media\/9676"}],"wp:attachment":[{"href":"https:\/\/ziolazycia.com\/nowa\/wp-json\/wp\/v2\/media?parent=1491"}],"wp:term":[{"taxonomy":"product_brand","embeddable":true,"href":"https:\/\/ziolazycia.com\/nowa\/wp-json\/wp\/v2\/product_brand?post=1491"},{"taxonomy":"product_cat","embeddable":true,"href":"https:\/\/ziolazycia.com\/nowa\/wp-json\/wp\/v2\/product_cat?post=1491"},{"taxonomy":"product_tag","embeddable":true,"href":"https:\/\/ziolazycia.com\/nowa\/wp-json\/wp\/v2\/product_tag?post=1491"}],"curies":[{"name":"wp","href":"https:\/\/api.w.org\/{rel}","templated":true}]}}