{"id":14903,"date":"2019-01-16T13:01:52","date_gmt":"2019-01-16T12:01:52","guid":{"rendered":"https:\/\/ziolazycia.com\/nowa\/product\/doterra-mieszanka-olejkow-eterycznych-on-guard-15-ml\/"},"modified":"2026-03-21T17:41:01","modified_gmt":"2026-03-21T16:41:01","slug":"doterra-mieszanka-olejkow-eterycznych-on-guard-15-ml","status":"publish","type":"product","link":"https:\/\/ziolazycia.com\/nowa\/product\/doterra-mieszanka-olejkow-eterycznych-on-guard-15-ml\/","title":{"rendered":"ON GUARD doTERRA Mieszanka olejk\u00f3w eterycznych 15 ml"},"content":{"rendered":"<h2>Korzy\u015bci stosowania mieszanki olejk\u00f3w doTERRA On Guard:<\/h2>\n<ul>\n<li>Wsparcie naturalnej ochrony organizmu.<\/li>\n<li>Zwi\u0119kszenie odporno\u015bci organizmu.<\/li>\n<li>Mo\u017ce chroni\u0107 przed zagro\u017ceniami \u015brodowiskowymi.<\/li>\n<\/ul>\n<p><strong>Aromat:<\/strong> gor\u0105cy, pikantny, cynamonowy, go\u017adzikowy.<\/p>\n<p><strong>Sk\u0142adniki: <\/strong>olejek z dzikiej pomara\u0144czy, olejek go\u017adzikowy, olejek z li\u015bcia cynamonu, olejek z kory cynamonu, olejek z li\u015bcia rozmarynu.<\/p>\n<h2>Spos\u00f3b u\u017cycia mieszanki olejk\u00f3w doTERRA On Guard:<\/h2>\n<div class=\"product-uses__block-list\">\n<ul class=\"custom-list\">\n<li>Umie\u015b\u0107 w misce wype\u0142nionej wod\u0105 plastry jab\u0142ka i dodaj kropl\u0119 mieszanki On Guard.<\/li>\n<li>Dodaj jedn\u0105 kropl\u0119 mieszanki On Guard do wody lub herbaty.<\/li>\n<li>Umie\u015b\u0107 1-2 krople mieszanki On Guard w kapsu\u0142ce vege i stosuj doustnie celem wzmocnienia uk\u0142adu odporno\u015bciowego.<\/li>\n<li>Do dyfuzji: u\u017cyj od 2 do 4 kropli na dyfuzor.<\/li>\n<li>Miejscowo: nanie\u015b 1 do 2 kropli na wybrany obszar cia\u0142a. W przypadku sk\u00f3ry wra\u017cliwej, przed na\u0142o\u017ceniem lepiej jest rozcie\u0144czy\u0107 mieszank\u0119 On Guard olejem no\u015bnikowym by unikn\u0105\u0107 ewentualnych podra\u017cnie\u0144.<\/li>\n<\/ul>\n<p><strong>\u015arodki ostro\u017cno\u015bci: <\/strong>U\u017cywa\u0107 tylko po rozcie\u0144czeniu. Za\u017cywa\u0107 nie wi\u0119cej ni\u017c jedn\u0105 kropl\u0119 dziennie. Przechowywa\u0107 poza zasi\u0119giem dzieci. Unika\u0107 kontaktu z oczami i b\u0142onami \u015bluzowymi. W przypadku kontaktu ze sk\u00f3r\u0105 unika\u0107 \u015bwiat\u0142a s\u0142onecznego i promieni UV przez co najmniej 12 godzin po zastosowaniu produktu.<\/p>\n<p><strong>Pojemno\u015b\u0107<\/strong>: 15 ml (buteleczka z ciemnego szk\u0142a).<\/p>\n<p><strong>UWAGA:<\/strong><\/p>\n<div id=\"box_description\" class=\"box tab\">\n<div class=\"innerbox\">\n<div class=\"resetcss\">\n<p>Opis i w\u0142a\u015bciwo\u015bci olejk\u00f3w opisane na stronie maj\u0105 wy\u0142\u0105cznie charakter informacyjny. W razie choroby lub problem\u00f3w ze zdrowiem skontaktuj si\u0119 z lekarzem i zastosuj si\u0119 do jego zalece\u0144 i wskaz\u00f3wek. W \u017cadnym wypadku kuracje olejkami nie zast\u0119puj\u0105 leczenia prowadzonego przez lekarza. Olejki nie s\u0105 lekami, suplementami diety ani \u017cywno\u015bci\u0105 specjalnego przeznaczenia! Zastosowanie produkt\u00f3w, olejk\u00f3w le\u017c\u0105 wy\u0142\u0105cznie w gestii, inwencji kupuj\u0105cego. Olejki doTERRA posiadaj\u0105 certyfikat doTERRA CPTG Certified Pure Tested Grade\u00ae. Olejki te s\u0105 czystymi, naturalnymi aromatycznymi zwi\u0105zkami starannie wyekstrahowanymi z ro\u015blin. Nie zawieraj\u0105 sztucznych sk\u0142adnik\u00f3w ani wype\u0142niaczy, kt\u00f3re os\u0142abi\u0142yby ich czynne w\u0142a\u015bciwo\u015bci oraz nie zawieraj\u0105 zanieczyszcze\u0144 i innych pozosta\u0142o\u015bci chemicznych. Certyfikat ten oznacza, \u017ce olejek zosta\u0142 poddany rygorystycznym procesom testowym, kt\u00f3re oceniaj\u0105 czysto\u015b\u0107 i moc olejk\u00f3w eterycznych. Je\u015bli oleje zostan\u0105 przetestowane w systemie CPTG i oka\u017c\u0105 si\u0119 czyste i mocne, s\u0105 one nast\u0119pnie sprzedawane jako pojedyncze oleje lub stosowane w mieszankach olejk\u00f3w eterycznych, takich jak mieszanka doTERRA Purify.<\/p>\n<p><strong>Producent<\/strong>: doTERRA.<\/p>\n<\/div>\n<\/div>\n<\/div>\n<\/div>\n","protected":false},"excerpt":{"rendered":"<p class=\"spotlight__head-latin-title\">Mieszanka olej\u00f3w eterycznych o dzia\u0142aniu ochronnym i oczyszczaj\u0105cym.<\/p>\n<p class=\"spotlight__head-latin-title\">Regularnie stosowanie mieszanka doTERRA On Guard stanowi naturalne wsparcie dla uk\u0142adu immunologicznego. Rozgrzewa cia\u0142o i dzia\u0142a na zmys\u0142y. Dzi\u0119ki wyj\u0105tkowemu zapachowi mieszanka On Guard oferuje aromatyczn\u0105, naturaln\u0105 i skuteczn\u0105 alternatyw\u0119 dla rozwi\u0105za\u0144 syntetycznych, wspieraj\u0105c organizm w okresach sezonowych infekcji i przezi\u0119bie\u0144.<\/p>\n","protected":false},"featured_media":14904,"comment_status":"open","ping_status":"closed","template":"","meta":[],"product_brand":[],"product_cat":[70,122,67,119],"product_tag":[],"class_list":{"0":"post-14903","1":"product","2":"type-product","3":"status-publish","4":"has-post-thumbnail","6":"product_cat-doterra-mieszanki-olejkow-eterycznych","7":"product_cat-doterra-miesz-oe","8":"product_cat-produkty-doterra","9":"product_cat-doterra-produkty","11":"first","12":"instock","13":"taxable","14":"shipping-taxable","15":"purchasable","16":"product-type-simple"},"_links":{"self":[{"href":"https:\/\/ziolazycia.com\/nowa\/wp-json\/wp\/v2\/product\/14903","targetHints":{"allow":["GET"]}}],"collection":[{"href":"https:\/\/ziolazycia.com\/nowa\/wp-json\/wp\/v2\/product"}],"about":[{"href":"https:\/\/ziolazycia.com\/nowa\/wp-json\/wp\/v2\/types\/product"}],"replies":[{"embeddable":true,"href":"https:\/\/ziolazycia.com\/nowa\/wp-json\/wp\/v2\/comments?post=14903"}],"wp:featuredmedia":[{"embeddable":true,"href":"https:\/\/ziolazycia.com\/nowa\/wp-json\/wp\/v2\/media\/14904"}],"wp:attachment":[{"href":"https:\/\/ziolazycia.com\/nowa\/wp-json\/wp\/v2\/media?parent=14903"}],"wp:term":[{"taxonomy":"product_brand","embeddable":true,"href":"https:\/\/ziolazycia.com\/nowa\/wp-json\/wp\/v2\/product_brand?post=14903"},{"taxonomy":"product_cat","embeddable":true,"href":"https:\/\/ziolazycia.com\/nowa\/wp-json\/wp\/v2\/product_cat?post=14903"},{"taxonomy":"product_tag","embeddable":true,"href":"https:\/\/ziolazycia.com\/nowa\/wp-json\/wp\/v2\/product_tag?post=14903"}],"curies":[{"name":"wp","href":"https:\/\/api.w.org\/{rel}","templated":true}]}}