{"id":14901,"date":"2019-01-16T13:01:53","date_gmt":"2019-01-16T12:01:53","guid":{"rendered":"https:\/\/ziolazycia.com\/nowa\/product\/doterra-olejek-eteryczny-lemongrass-trawa-cytrynowa-15-ml\/"},"modified":"2026-03-21T17:40:54","modified_gmt":"2026-03-21T16:40:54","slug":"doterra-olejek-eteryczny-lemongrass-trawa-cytrynowa-15-ml","status":"publish","type":"product","link":"https:\/\/ziolazycia.com\/nowa\/product\/doterra-olejek-eteryczny-lemongrass-trawa-cytrynowa-15-ml\/","title":{"rendered":"doTERRA Olejek eteryczny LEMONGRASS (Trawa Cytrynowa) 15 ml"},"content":{"rendered":"<div class=\"avatar-gutter ng-tns-c4205852597-66 ng-star-inserted\">\n<div class=\"resize-observable\">\n<h2 data-sourcepos=\"3:1-3:65\">Korzy\u015bci stosowania olejku eterycznego doTERRA Lemongrass:<\/h2>\n<ul data-sourcepos=\"5:1-12:0\">\n<li data-sourcepos=\"5:1-5:157\"><strong>Poprawia nastr\u00f3j i poziom energii:<\/strong> Wiadomo, \u017ce olejek cytrynowy ma dzia\u0142anie upliftingowe, kt\u00f3re mo\u017ce pom\u00f3c w poprawie nastroju i zwalczaniu zm\u0119czenia.<\/li>\n<li data-sourcepos=\"6:1-6:113\"><strong>Wspomaga trawienie:<\/strong> Olejek cytrynowy mo\u017ce pom\u00f3c z\u0142agodzi\u0107 niestrawno\u015b\u0107, wzd\u0119cia i inne problemy trawienne.<\/li>\n<li data-sourcepos=\"7:1-7:180\"><strong>Wzmacnia odporno\u015b\u0107:<\/strong> Niekt\u00f3re badania sugeruj\u0105, \u017ce olejek cytrynowy mo\u017ce mie\u0107 w\u0142a\u015bciwo\u015bci przeciwbakteryjne i przeciwgrzybicze, kt\u00f3re mog\u0105 pom\u00f3c wzmocni\u0107 uk\u0142ad odporno\u015bciowy.<\/li>\n<li data-sourcepos=\"8:1-8:117\"><strong>Oczyszcza powietrze:<\/strong> Olejek cytrynowy ma w\u0142a\u015bciwo\u015bci oczyszczaj\u0105ce, kt\u00f3re mog\u0105 pom\u00f3c w dezynfekcji powietrza.<\/li>\n<li data-sourcepos=\"9:1-9:144\"><strong>\u0141agodzi b\u00f3le g\u0142owy i napi\u0119cia mi\u0119\u015bni:<\/strong> W\u0142a\u015bciwo\u015bci przeciwb\u00f3lowe olejku cytrynowego mog\u0105 pom\u00f3c w \u0142agodzeniu b\u00f3l\u00f3w g\u0142owy i napi\u0119cia mi\u0119\u015bni.<\/li>\n<li data-sourcepos=\"10:1-10:166\"><strong>Zmniejsza stany zapalne:<\/strong> Olejek cytrynowy wykazuje pewne w\u0142a\u015bciwo\u015bci przeciwzapalne, kt\u00f3re mog\u0105 by\u0107 pomocne w \u0142agodzeniu b\u00f3lu staw\u00f3w i innych stan\u00f3w zapalnych.<\/li>\n<li data-sourcepos=\"11:1-12:0\"><strong>Pomaga pozby\u0107 si\u0119 cellulitu:<\/strong> Niekt\u00f3re osoby stosuj\u0105 miejscowo olejek cytrynowy w po\u0142\u0105czeniu z masa\u017cem, aby pom\u00f3c w zmniejszeniu widoczno\u015bci cellulitu.<\/li>\n<\/ul>\n<h2 data-sourcepos=\"13:1-13:53\">Spos\u00f3b u\u017cycia olejku eterycznego doTERRA Lemongrass:<\/h2>\n<ul data-sourcepos=\"15:1-18:0\">\n<li data-sourcepos=\"15:1-15:85\"><strong>Do aromaterapii:<\/strong> Dodaj kilka kropli olejku do dyfuzora lub kominka zapachowego.<\/li>\n<li data-sourcepos=\"16:1-16:116\"><strong>Do miejscowego stosowania:<\/strong> Rozcie\u0144cz olejek z no\u015bnikiem, takim jak olej jojoba lub migda\u0142owy i na\u0142\u00f3\u017c na sk\u00f3r\u0119.<\/li>\n<li data-sourcepos=\"17:1-18:0\"><strong>Do u\u017cytku wewn\u0119trznego:<\/strong> <strong>Uwaga:<\/strong> doustne stosowanie olejk\u00f3w eterycznych powinno odbywa\u0107 si\u0119 wy\u0142\u0105cznie pod nadzorem lekarza lub certyfikowanego aromaterapeuty.<\/li>\n<\/ul>\n<p data-sourcepos=\"19:1-19:82\"><strong>\u015arodki ostro\u017cno\u015bci dotycz\u0105ce stosowania olejku eterycznego Lemongrass doTERRA:<\/strong><\/p>\n<p>U\u017cywa\u0107 tylko po rozcie\u0144czeniu. Za\u017cywa\u0107 nie wi\u0119cej ni\u017c jedn\u0105 kropl\u0119 dziennie. Przechowywa\u0107 poza zasi\u0119giem dzieci. Je\u015bli jeste\u015b w ci\u0105\u017cy lub znajdujesz si\u0119 pod opiek\u0105 lekarsk\u0105, skonsultuj si\u0119 ze swoim lekarzem. Unika\u0107 kontaktu z oczami, uchem wewn\u0119trznym, twarz\u0105, wra\u017cliwymi obszarami i b\u0142onami \u015bluzowymi. W przypadku kontaktu ze sk\u00f3r\u0105 rozcie\u0144czy\u0107 obficie olejkiem no\u015bnikowym.<\/p>\n<p><strong>Pojemno\u015b\u0107:<\/strong> 15 ml (buteleczka z ciemnego szk\u0142a).<\/p>\n<\/div>\n<\/div>\n<div class=\"response-container-content ng-tns-c4205852597-66\">\n<div class=\"response-content ng-tns-c4205852597-66 ng-animate-disabled\">\n<div class=\"markdown markdown-main-panel\" dir=\"ltr\">\n<p data-sourcepos=\"1:1-1:257\"><strong>UWAGA:<\/strong><\/p>\n<p data-sourcepos=\"1:1-1:257\">Opis i w\u0142a\u015bciwo\u015bci olejk\u00f3w opisane na stronie maj\u0105 wy\u0142\u0105cznie charakter informacyjny. W razie choroby lub problem\u00f3w ze zdrowiem skontaktuj si\u0119 z lekarzem i zastosuj si\u0119 do jego zalece\u0144 i wskaz\u00f3wek. W \u017cadnym wypadku kuracje olejkami nie zast\u0119puj\u0105 leczenia prowadzonego przez lekarza. Olejki nie s\u0105 lekami, suplementami diety ani \u017cywno\u015bci\u0105 specjalnego przeznaczenia! Zastosowanie produkt\u00f3w, olejk\u00f3w le\u017c\u0105 wy\u0142\u0105cznie w gestii, inwencji kupuj\u0105cego. Olejki doTERRA posiadaj\u0105 certyfikat doTERRA CPTG Certified Pure Tested Grade\u00ae. Olejki te s\u0105 czystymi, naturalnymi aromatycznymi zwi\u0105zkami starannie wyekstrahowanymi z ro\u015blin. Nie zawieraj\u0105 sztucznych sk\u0142adnik\u00f3w ani wype\u0142niaczy, kt\u00f3re os\u0142abi\u0142yby ich czynne w\u0142a\u015bciwo\u015bci oraz nie zawieraj\u0105 zanieczyszcze\u0144 i innych pozosta\u0142o\u015bci chemicznych. Certyfikat ten oznacza, \u017ce olejek zosta\u0142 poddany rygorystycznym procesom testowym, kt\u00f3re oceniaj\u0105 czysto\u015b\u0107 i moc olejk\u00f3w eterycznych. Je\u015bli oleje zostan\u0105 przetestowane w systemie CPTG i oka\u017c\u0105 si\u0119 czyste i mocne, s\u0105 one nast\u0119pnie sprzedawane jako pojedyncze oleje lub stosowane w mieszankach olejk\u00f3w eterycznych, takich jak mieszanka doTERRA Purify.<\/p>\n<p data-sourcepos=\"1:1-1:257\"><strong>Producent<\/strong>: doTERRA.<\/p>\n<\/div>\n<\/div>\n<\/div>\n","protected":false},"excerpt":{"rendered":"<div class=\"spotlight__head-copy\">\n<div class=\"avatar-gutter ng-tns-c4205852597-66 ng-star-inserted\">\n<div class=\"resize-observable\">\n<div class=\"response-content ng-tns-c4205852597-66 ng-animate-disabled\">\n<div class=\"markdown markdown-main-panel\" dir=\"ltr\">\n<p data-sourcepos=\"1:1-1:257\">Olejek eteryczny doTERRA Lemongrass to czysty, naturalny olejek pozyskiwany ze sk\u00f3rek \u015bwie\u017cych limonek metod\u0105 t\u0142oczenia na zimno. Ma \u015bwie\u017cy, cytrusowy zapach, kt\u00f3ry jest zar\u00f3wno od\u015bwie\u017caj\u0105cy, jak i energetyzuj\u0105cy. Trawa cytrynowa jest stosowana w kuchni azjatyckiej jako przyprawa. Ponadto trawa cytrynowa dzia\u0142a oczyszczaj\u0105co i tonizuj\u0105co na sk\u00f3r\u0119. Z tego w\u0142a\u015bnie wzgl\u0119du jest cz\u0119sto stosowana w produktach do piel\u0119gnacji sk\u00f3ry. Jej wyrazisty, zielny zapach mo\u017ce zwi\u0119ksza\u0107 koncentracj\u0119 i sprzyja\u0107 pozytywnemu nastawieniu.<\/p>\n<\/div>\n<\/div>\n<\/div>\n<\/div>\n<\/div>\n<div class=\"spotlight__head-icons\"><\/div>\n","protected":false},"featured_media":14902,"comment_status":"open","ping_status":"closed","template":"","meta":[],"product_brand":[],"product_cat":[69,125,67,119],"product_tag":[],"class_list":{"0":"post-14901","1":"product","2":"type-product","3":"status-publish","4":"has-post-thumbnail","6":"product_cat-doterra-olejki-eteryczne-pojedyncze","7":"product_cat-doterra-oe-poj","8":"product_cat-produkty-doterra","9":"product_cat-doterra-produkty","11":"first","12":"instock","13":"taxable","14":"shipping-taxable","15":"purchasable","16":"product-type-simple"},"_links":{"self":[{"href":"https:\/\/ziolazycia.com\/nowa\/wp-json\/wp\/v2\/product\/14901","targetHints":{"allow":["GET"]}}],"collection":[{"href":"https:\/\/ziolazycia.com\/nowa\/wp-json\/wp\/v2\/product"}],"about":[{"href":"https:\/\/ziolazycia.com\/nowa\/wp-json\/wp\/v2\/types\/product"}],"replies":[{"embeddable":true,"href":"https:\/\/ziolazycia.com\/nowa\/wp-json\/wp\/v2\/comments?post=14901"}],"wp:featuredmedia":[{"embeddable":true,"href":"https:\/\/ziolazycia.com\/nowa\/wp-json\/wp\/v2\/media\/14902"}],"wp:attachment":[{"href":"https:\/\/ziolazycia.com\/nowa\/wp-json\/wp\/v2\/media?parent=14901"}],"wp:term":[{"taxonomy":"product_brand","embeddable":true,"href":"https:\/\/ziolazycia.com\/nowa\/wp-json\/wp\/v2\/product_brand?post=14901"},{"taxonomy":"product_cat","embeddable":true,"href":"https:\/\/ziolazycia.com\/nowa\/wp-json\/wp\/v2\/product_cat?post=14901"},{"taxonomy":"product_tag","embeddable":true,"href":"https:\/\/ziolazycia.com\/nowa\/wp-json\/wp\/v2\/product_tag?post=14901"}],"curies":[{"name":"wp","href":"https:\/\/api.w.org\/{rel}","templated":true}]}}