{"id":14893,"date":"2024-02-14T17:16:01","date_gmt":"2024-02-14T16:16:01","guid":{"rendered":"https:\/\/ziolazycia.com\/nowa\/product\/shampoo-z-olejem-z-czarnuszki-shampoo-nigella-oil-250-ml-beaute-marrakech\/"},"modified":"2026-03-21T17:40:40","modified_gmt":"2026-03-21T16:40:40","slug":"shampoo-z-olejem-z-czarnuszki-shampoo-nigella-oil-250-ml-beaute-marrakech","status":"publish","type":"product","link":"https:\/\/ziolazycia.com\/nowa\/product\/shampoo-z-olejem-z-czarnuszki-shampoo-nigella-oil-250-ml-beaute-marrakech\/","title":{"rendered":"Szampon wzmacniaj\u0105cy z olejem z czarnuszki (Shampoo Nigella Oil) 250 ml Beaute Marrakech"},"content":{"rendered":"<p><strong>Wzmacnia cebulki w\u0142os\u00f3w, \u0142agodzi alergie sk\u00f3rne<\/strong>. Nie zawiera SLES i SLS.<\/p>\n<p><strong>Spos\u00f3b u\u017cycia:<\/strong> Nanie\u015b\u0107 szampon na mokre w\u0142osy i masowa\u0107 do powstania piany. Nast\u0119pnie obficie sp\u0142uka\u0107 wod\u0105. W razie potrzeby czynno\u015b\u0107 powt\u00f3rzy\u0107.<\/p>\n<p><strong>Sk\u0142adniki:<\/strong><br \/>\nINCI: Aqua, Sodium Coco Sulfate, Nigella Sativa Oil, Cocamidopropyl Betaine, Polyquaternium-7, Glycerine, Disodium EDTA, Sodium Chloride, Sodium Benzoate, Pottasium Sorbate, Benzyl Alcohol.<\/p>\n<p><strong>Podmiot odpowiedzialny:<\/strong><br \/>\nMaroko Sklep<br \/>\nul. Je\u017cynowa 1<br \/>\n62-002 Suchy Las k\/Poznania<\/p>\n","protected":false},"excerpt":{"rendered":"<p>Delikatny szampon stworzony na bazie oleju z czarnuszki bogatego w sk\u0142adniki aktywne. Szampon ten charakteryzuje si\u0119 wyj\u0105tkowymi w\u0142a\u015bciwo\u015bciami regeneruj\u0105co &#8211; \u0142agodz\u0105cymi. <strong>Od\u017cywia w\u0142osy i redukuje ich wypadanie, eliminuje \u0142upie\u017c<\/strong> oraz oczyszcza sk\u00f3r\u0119 g\u0142owy.<\/p>\n","protected":false},"featured_media":14894,"comment_status":"open","ping_status":"closed","template":"","meta":[],"product_brand":[],"product_cat":[82],"product_tag":[],"class_list":{"0":"post-14893","1":"product","2":"type-product","3":"status-publish","4":"has-post-thumbnail","6":"product_cat-kosmetyki-naturalne","8":"first","9":"instock","10":"sale","11":"taxable","12":"shipping-taxable","13":"purchasable","14":"product-type-simple"},"_links":{"self":[{"href":"https:\/\/ziolazycia.com\/nowa\/wp-json\/wp\/v2\/product\/14893","targetHints":{"allow":["GET"]}}],"collection":[{"href":"https:\/\/ziolazycia.com\/nowa\/wp-json\/wp\/v2\/product"}],"about":[{"href":"https:\/\/ziolazycia.com\/nowa\/wp-json\/wp\/v2\/types\/product"}],"replies":[{"embeddable":true,"href":"https:\/\/ziolazycia.com\/nowa\/wp-json\/wp\/v2\/comments?post=14893"}],"wp:featuredmedia":[{"embeddable":true,"href":"https:\/\/ziolazycia.com\/nowa\/wp-json\/wp\/v2\/media\/14894"}],"wp:attachment":[{"href":"https:\/\/ziolazycia.com\/nowa\/wp-json\/wp\/v2\/media?parent=14893"}],"wp:term":[{"taxonomy":"product_brand","embeddable":true,"href":"https:\/\/ziolazycia.com\/nowa\/wp-json\/wp\/v2\/product_brand?post=14893"},{"taxonomy":"product_cat","embeddable":true,"href":"https:\/\/ziolazycia.com\/nowa\/wp-json\/wp\/v2\/product_cat?post=14893"},{"taxonomy":"product_tag","embeddable":true,"href":"https:\/\/ziolazycia.com\/nowa\/wp-json\/wp\/v2\/product_tag?post=14893"}],"curies":[{"name":"wp","href":"https:\/\/api.w.org\/{rel}","templated":true}]}}