{"id":14887,"date":"2025-12-05T10:44:38","date_gmt":"2025-12-05T09:44:38","guid":{"rendered":"https:\/\/ziolazycia.com\/nowa\/product\/krem-do-twarzy-na-dzien\/"},"modified":"2026-03-21T17:40:24","modified_gmt":"2026-03-21T16:40:24","slug":"krem-do-twarzy-na-dzien","status":"publish","type":"product","link":"https:\/\/ziolazycia.com\/nowa\/product\/krem-do-twarzy-na-dzien\/","title":{"rendered":"Krem do twarzy na dzie\u0144"},"content":{"rendered":"<p data-start=\"113\" data-end=\"549\">Krem do twarzy na dzie\u0144 z linii JESTEM to ultralekki, a jednocze\u015bnie intensywnie od\u017cywczy kosmetyk, kt\u00f3ry sprawia, \u017ce sk\u00f3ra od rana staje si\u0119 g\u0142adka, promienna i elastyczna. Formu\u0142a oparta na naturalnych mas\u0142ach, olejach i ekstraktach ro\u015blinnych \u2014 w tym kom\u00f3rkach macierzystych malwy r\u00f3\u017cowej, morskim kawiorze, aldze chlorella, ekstraktach kwiatowych oraz kompleksie 4D kwas\u00f3w hialuronowych \u2014 zapewnia g\u0142\u0119bokie nawil\u017cenie i regeneracj\u0119.<\/p>\n<p data-start=\"551\" data-end=\"965\">Krem wzmacnia naturaln\u0105 barier\u0119 ochronn\u0105 sk\u00f3ry, chroni\u0105c j\u0105 przed wp\u0142ywem \u015bwiat\u0142a niebieskiego oraz zanieczyszcze\u0144 \u015brodowiskowych. Idealnie sprawdza si\u0119 jako baza pod makija\u017c, szybko si\u0119 wch\u0142ania i nie pozostawia t\u0142ustej warstwy. Odpowiedni dla ka\u017cdego rodzaju cery, stanowi doskona\u0142y element codziennej, porannej piel\u0119gnacji twarzy. Wystarczy niewielk\u0105 ilo\u015b\u0107, aby sk\u00f3ra sta\u0142a si\u0119 mi\u0119kka, od\u017cywiona i pe\u0142na blasku.<\/p>\n<h6 data-start=\"967\" data-end=\"988\">G\u0142\u00f3wne korzy\u015bci<\/h6>\n<ul data-start=\"989\" data-end=\"1353\">\n<li data-start=\"989\" data-end=\"1060\">\n<p data-start=\"991\" data-end=\"1060\">G\u0142\u0119bokie i d\u0142ugotrwa\u0142e nawil\u017cenie oraz poprawa elastyczno\u015bci sk\u00f3ry.<\/p>\n<\/li>\n<li data-start=\"1061\" data-end=\"1122\">\n<p data-start=\"1063\" data-end=\"1122\">Wyg\u0142adzenie i nadanie cerze naturalnego, zdrowego blasku.<\/p>\n<\/li>\n<li data-start=\"1123\" data-end=\"1194\">\n<p data-start=\"1125\" data-end=\"1194\">Ochrona przed \u015bwiat\u0142em niebieskim i codziennymi zanieczyszczeniami.<\/p>\n<\/li>\n<li data-start=\"1195\" data-end=\"1276\">\n<p data-start=\"1197\" data-end=\"1276\">Regeneracja i ukojenie sk\u00f3ry dzi\u0119ki bogactwu aktywnych sk\u0142adnik\u00f3w ro\u015blinnych.<\/p>\n<\/li>\n<li data-start=\"1277\" data-end=\"1353\">\n<p data-start=\"1279\" data-end=\"1353\">Lekka, szybko wch\u0142aniaj\u0105ca si\u0119 formu\u0142a odpowiednia do ka\u017cdego typu cery.<\/p>\n<\/li>\n<\/ul>\n","protected":false},"excerpt":{"rendered":"<p>\u201eKrem do twarzy na dzie\u0144 JESTEM \u2013 lekki krem nawil\u017caj\u0105cy z naturalnymi sk\u0142adnikami, zawieraj\u0105cy kom\u00f3rki macierzyste malwy, morski kawior, algi oraz kompleks 4D kwas\u00f3w hialuronowych. Intensywnie nawil\u017ca, wyg\u0142adza i uelastycznia sk\u00f3r\u0119, dodaje jej blasku oraz chroni przed \u015bwiat\u0142em niebieskim i zanieczyszczeniami. Idealny do codziennej piel\u0119gnacji oraz jako baza pod makija\u017c.\u201d<\/p>\n","protected":false},"featured_media":14888,"comment_status":"open","ping_status":"closed","template":"","meta":[],"product_brand":[],"product_cat":[82],"product_tag":[],"class_list":{"0":"post-14887","1":"product","2":"type-product","3":"status-publish","4":"has-post-thumbnail","6":"product_cat-kosmetyki-naturalne","8":"first","9":"instock","10":"taxable","11":"shipping-taxable","12":"purchasable","13":"product-type-simple"},"_links":{"self":[{"href":"https:\/\/ziolazycia.com\/nowa\/wp-json\/wp\/v2\/product\/14887","targetHints":{"allow":["GET"]}}],"collection":[{"href":"https:\/\/ziolazycia.com\/nowa\/wp-json\/wp\/v2\/product"}],"about":[{"href":"https:\/\/ziolazycia.com\/nowa\/wp-json\/wp\/v2\/types\/product"}],"replies":[{"embeddable":true,"href":"https:\/\/ziolazycia.com\/nowa\/wp-json\/wp\/v2\/comments?post=14887"}],"wp:featuredmedia":[{"embeddable":true,"href":"https:\/\/ziolazycia.com\/nowa\/wp-json\/wp\/v2\/media\/14888"}],"wp:attachment":[{"href":"https:\/\/ziolazycia.com\/nowa\/wp-json\/wp\/v2\/media?parent=14887"}],"wp:term":[{"taxonomy":"product_brand","embeddable":true,"href":"https:\/\/ziolazycia.com\/nowa\/wp-json\/wp\/v2\/product_brand?post=14887"},{"taxonomy":"product_cat","embeddable":true,"href":"https:\/\/ziolazycia.com\/nowa\/wp-json\/wp\/v2\/product_cat?post=14887"},{"taxonomy":"product_tag","embeddable":true,"href":"https:\/\/ziolazycia.com\/nowa\/wp-json\/wp\/v2\/product_tag?post=14887"}],"curies":[{"name":"wp","href":"https:\/\/api.w.org\/{rel}","templated":true}]}}