{"id":14885,"date":"2025-12-05T10:59:02","date_gmt":"2025-12-05T09:59:02","guid":{"rendered":"https:\/\/ziolazycia.com\/nowa\/product\/krem-do-twarzy-na-noc\/"},"modified":"2026-03-21T17:40:17","modified_gmt":"2026-03-21T16:40:17","slug":"krem-do-twarzy-na-noc","status":"publish","type":"product","link":"https:\/\/ziolazycia.com\/nowa\/product\/krem-do-twarzy-na-noc\/","title":{"rendered":"Krem do twarzy na noc"},"content":{"rendered":"<p data-start=\"213\" data-end=\"583\">Krem do twarzy na noc JESTEM to bogato od\u017cywczy i regeneruj\u0105cy kosmetyk, kt\u00f3ry wspiera sk\u00f3r\u0119 w czasie snu, kiedy ma najwi\u0119cej czasu na regeneracj\u0119. Jego formu\u0142a \u2014 oparta na starannie dobranych sk\u0142adnikach aktywnych: naturalnych olejach i ekstraktach ro\u015blinnych, antyoksydantach i nawil\u017caj\u0105cych kompleksach \u2014 pomaga od\u017cywi\u0107, wyg\u0142adzi\u0107 i zregenerowa\u0107 cer\u0119 po ca\u0142ym dniu.<\/p>\n<p data-start=\"585\" data-end=\"1053\">Krem przywraca sk\u00f3rze komfort, mi\u0119kko\u015b\u0107 i elastyczno\u015b\u0107, wspiera odbudow\u0119 bariery ochronnej, pomaga zredukowa\u0107 oznaki zm\u0119czenia i stresu sk\u00f3ry, a rano cera staje si\u0119 bardziej promienna, wypocz\u0119ta i \u015bwie\u017ca. Dzi\u0119ki bogatej formule jest szczeg\u00f3lnie odpowiedni jako intensywna piel\u0119gnacja wieczorna \u2014 mo\u017ce by\u0107 stosowany solo lub jako ostatni etap rutyny piel\u0119gnacyjnej. Produkt nadaje si\u0119 do r\u00f3\u017cnych typ\u00f3w cery, zw\u0142aszcza je\u015bli potrzebujesz od\u017cywienia i regeneracji noc\u0105.<\/p>\n<h6 data-start=\"1055\" data-end=\"1076\">G\u0142\u00f3wne korzy\u015bci<\/h6>\n<ul data-start=\"1077\" data-end=\"1389\">\n<li data-start=\"1077\" data-end=\"1133\">\n<p data-start=\"1079\" data-end=\"1133\">G\u0142\u0119bokie od\u017cywienie i regeneracja sk\u00f3ry podczas snu.<\/p>\n<\/li>\n<li data-start=\"1134\" data-end=\"1192\">\n<p data-start=\"1136\" data-end=\"1192\">Przywr\u00f3cenie mi\u0119kko\u015bci, komfortu i elastyczno\u015bci cery.<\/p>\n<\/li>\n<li data-start=\"1193\" data-end=\"1239\">\n<p data-start=\"1195\" data-end=\"1239\">Wsparcie odbudowy bariery ochronnej sk\u00f3ry.<\/p>\n<\/li>\n<li data-start=\"1240\" data-end=\"1331\">\n<p data-start=\"1242\" data-end=\"1331\">Redukcja oznak zm\u0119czenia, stresu i napi\u0119cia sk\u00f3ry \u2014 cera wygl\u0105da na wypocz\u0119t\u0105 i zdrow\u0105.<\/p>\n<\/li>\n<li data-start=\"1332\" data-end=\"1389\">\n<p data-start=\"1334\" data-end=\"1389\">Promienna, \u015bwie\u017ca i wyg\u0142adzona sk\u00f3ra po przebudzeniu.<\/p>\n<\/li>\n<\/ul>\n","protected":false},"excerpt":{"rendered":"<p>\u201eKrem do twarzy na noc JESTEM \u2013 od\u017cywczy krem regeneruj\u0105cy z naturalnych olej\u00f3w i ekstrakt\u00f3w ro\u015blinnych. Pomaga sk\u00f3rze odzyska\u0107 mi\u0119kko\u015b\u0107, elastyczno\u015b\u0107 i komfort, wspiera regeneracj\u0119 bariery ochronnej i redukuje oznaki zm\u0119czenia. Idealny do wieczornej piel\u0119gnacji, by rano cera by\u0142a promienna, wypocz\u0119ta i zdrowa.\u201d<\/p>\n","protected":false},"featured_media":14886,"comment_status":"open","ping_status":"closed","template":"","meta":[],"product_brand":[],"product_cat":[82],"product_tag":[],"class_list":{"0":"post-14885","1":"product","2":"type-product","3":"status-publish","4":"has-post-thumbnail","6":"product_cat-kosmetyki-naturalne","8":"first","9":"instock","10":"taxable","11":"shipping-taxable","12":"purchasable","13":"product-type-simple"},"_links":{"self":[{"href":"https:\/\/ziolazycia.com\/nowa\/wp-json\/wp\/v2\/product\/14885","targetHints":{"allow":["GET"]}}],"collection":[{"href":"https:\/\/ziolazycia.com\/nowa\/wp-json\/wp\/v2\/product"}],"about":[{"href":"https:\/\/ziolazycia.com\/nowa\/wp-json\/wp\/v2\/types\/product"}],"replies":[{"embeddable":true,"href":"https:\/\/ziolazycia.com\/nowa\/wp-json\/wp\/v2\/comments?post=14885"}],"wp:featuredmedia":[{"embeddable":true,"href":"https:\/\/ziolazycia.com\/nowa\/wp-json\/wp\/v2\/media\/14886"}],"wp:attachment":[{"href":"https:\/\/ziolazycia.com\/nowa\/wp-json\/wp\/v2\/media?parent=14885"}],"wp:term":[{"taxonomy":"product_brand","embeddable":true,"href":"https:\/\/ziolazycia.com\/nowa\/wp-json\/wp\/v2\/product_brand?post=14885"},{"taxonomy":"product_cat","embeddable":true,"href":"https:\/\/ziolazycia.com\/nowa\/wp-json\/wp\/v2\/product_cat?post=14885"},{"taxonomy":"product_tag","embeddable":true,"href":"https:\/\/ziolazycia.com\/nowa\/wp-json\/wp\/v2\/product_tag?post=14885"}],"curies":[{"name":"wp","href":"https:\/\/api.w.org\/{rel}","templated":true}]}}