{"id":14883,"date":"2025-12-05T11:02:40","date_gmt":"2025-12-05T10:02:40","guid":{"rendered":"https:\/\/ziolazycia.com\/nowa\/product\/pianka-do-mycia-twarzy\/"},"modified":"2026-03-21T17:40:09","modified_gmt":"2026-03-21T16:40:09","slug":"pianka-do-mycia-twarzy","status":"publish","type":"product","link":"https:\/\/ziolazycia.com\/nowa\/product\/pianka-do-mycia-twarzy\/","title":{"rendered":"Pianka do mycia twarzy"},"content":{"rendered":"<p data-start=\"193\" data-end=\"837\">Pianka do mycia twarzy JESTEM to lekki, puszysty kosmetyk czyszcz\u0105cy, kt\u00f3ry delikatnie usuwa makija\u017c, sebum i zanieczyszczenia nagromadzone w ci\u0105gu dnia. Ju\u017c jedno lub dwa pompni\u0119cia wystarcz\u0105, by w kontakcie z wod\u0105 stworzy\u0107 kremow\u0105, mi\u0119kk\u0105 pian\u0119 \u2013 idealn\u0105 do codziennego porannego i wieczornego oczyszczania sk\u00f3ry. Dzi\u0119ki starannie dobranym sk\u0142adnikom aktywnym, pianka nie narusza naturalnej bariery ochronnej sk\u00f3ry, nie powoduje uczucia \u015bci\u0105gni\u0119cia ani podra\u017cnie\u0144, pozostawiaj\u0105c cer\u0119 \u015bwie\u017c\u0105, oczyszczon\u0105 i mi\u0119kk\u0105 w dotyku. To doskona\u0142y pierwszy krok codziennej piel\u0119gnacji \u2014 sk\u00f3ra staje si\u0119 czysta, od\u015bwie\u017cona i gotowa na kolejne kosmetyki.<\/p>\n<h3 data-start=\"839\" data-end=\"860\">G\u0142\u00f3wne korzy\u015bci<\/h3>\n<ul data-start=\"861\" data-end=\"1302\">\n<li data-start=\"861\" data-end=\"922\">\n<p data-start=\"863\" data-end=\"922\">Delikatne, ale skuteczne oczyszczanie twarzy i demakija\u017c.<\/p>\n<\/li>\n<li data-start=\"923\" data-end=\"997\">\n<p data-start=\"925\" data-end=\"997\">Usuwa nadmiar sebum, resztki makija\u017cu i zanieczyszczenia \u015brodowiskowe.<\/p>\n<\/li>\n<li data-start=\"998\" data-end=\"1118\">\n<p data-start=\"1000\" data-end=\"1118\">Nie narusza bariery hydrolipidowej sk\u00f3ry \u2014 nadaje si\u0119 tak\u017ce do cery wra\u017cliwej. <span class=\"\" data-state=\"closed\"><span class=\"ms-1 inline-flex max-w-full items-center relative top-[-0.094rem] animate-[show_150ms_ease-in]\" data-testid=\"webpage-citation-pill\"><a class=\"flex h-4.5 overflow-hidden rounded-xl px-2 text-[9px] font-medium transition-colors duration-150 ease-in-out text-token-text-secondary! bg-[#F4F4F4]! dark:bg-[#303030]!\" href=\"https:\/\/www.cetaphil.pl\/porady-pielegnacyjne\/jakie-jest-dzialanie-pianki-do-mycia-twarzy-i-czemu-warto-ja-stosowac.html?utm_source=chatgpt.com\" target=\"_blank\" rel=\"noopener\"><span class=\"relative start-0 bottom-0 flex h-full w-full items-center\"><span class=\"flex h-4 w-full items-center justify-between\"><span class=\"max-w-[15ch] grow truncate overflow-hidden text-center\">Cetaphil<\/span><span class=\"-me-1 flex h-full items-center rounded-full px-1 text-[#8F8F8F]\">+2<\/span><\/span><span class=\"flex h-4 w-full items-center justify-between absolute\"><span class=\"max-w-[15ch] grow truncate overflow-hidden text-center\">NIVEA<\/span><span class=\"-me-1 flex h-full items-center rounded-full px-1 text-[#8F8F8F]\">+2<\/span><\/span><\/span><\/a><\/span><\/span><\/p>\n<\/li>\n<li data-start=\"1119\" data-end=\"1195\">\n<p data-start=\"1121\" data-end=\"1195\">Pozostawia sk\u00f3r\u0119 mi\u0119kk\u0105, g\u0142adk\u0105 i \u015bwie\u017c\u0105 \u2014 gotow\u0105 na dalsz\u0105 piel\u0119gnacj\u0119.<\/p>\n<\/li>\n<li data-start=\"1196\" data-end=\"1302\">\n<p data-start=\"1198\" data-end=\"1302\">Prostota i wygoda u\u017cycia (pompka, \u0142atwe spienianie, szybkie sp\u0142ukanie) \u2014 idealna do codziennej rutyny.<\/p>\n<\/li>\n<\/ul>\n","protected":false},"excerpt":{"rendered":"<p>\u201ePianka do mycia twarzy JESTEM \u2013 delikatna, puszysta pianka oczyszczaj\u0105ca, kt\u00f3ra skutecznie usuwa makija\u017c, sebum i zanieczyszczenia, nie naruszaj\u0105c bariery ochronnej sk\u00f3ry. Zapewnia mi\u0119kko\u015b\u0107, \u015bwie\u017co\u015b\u0107 i wyg\u0142adzenie cery \u2014 idealna do codziennego oczyszczania rano i wieczorem.\u201d<\/p>\n","protected":false},"featured_media":14884,"comment_status":"open","ping_status":"closed","template":"","meta":[],"product_brand":[],"product_cat":[82],"product_tag":[],"class_list":{"0":"post-14883","1":"product","2":"type-product","3":"status-publish","4":"has-post-thumbnail","6":"product_cat-kosmetyki-naturalne","8":"first","9":"instock","10":"taxable","11":"shipping-taxable","12":"purchasable","13":"product-type-simple"},"_links":{"self":[{"href":"https:\/\/ziolazycia.com\/nowa\/wp-json\/wp\/v2\/product\/14883","targetHints":{"allow":["GET"]}}],"collection":[{"href":"https:\/\/ziolazycia.com\/nowa\/wp-json\/wp\/v2\/product"}],"about":[{"href":"https:\/\/ziolazycia.com\/nowa\/wp-json\/wp\/v2\/types\/product"}],"replies":[{"embeddable":true,"href":"https:\/\/ziolazycia.com\/nowa\/wp-json\/wp\/v2\/comments?post=14883"}],"wp:featuredmedia":[{"embeddable":true,"href":"https:\/\/ziolazycia.com\/nowa\/wp-json\/wp\/v2\/media\/14884"}],"wp:attachment":[{"href":"https:\/\/ziolazycia.com\/nowa\/wp-json\/wp\/v2\/media?parent=14883"}],"wp:term":[{"taxonomy":"product_brand","embeddable":true,"href":"https:\/\/ziolazycia.com\/nowa\/wp-json\/wp\/v2\/product_brand?post=14883"},{"taxonomy":"product_cat","embeddable":true,"href":"https:\/\/ziolazycia.com\/nowa\/wp-json\/wp\/v2\/product_cat?post=14883"},{"taxonomy":"product_tag","embeddable":true,"href":"https:\/\/ziolazycia.com\/nowa\/wp-json\/wp\/v2\/product_tag?post=14883"}],"curies":[{"name":"wp","href":"https:\/\/api.w.org\/{rel}","templated":true}]}}