{"id":14881,"date":"2025-12-05T11:04:30","date_gmt":"2025-12-05T10:04:30","guid":{"rendered":"https:\/\/ziolazycia.com\/nowa\/product\/mgielka-tonizujaca-z-platkami-zlota\/"},"modified":"2026-03-21T17:40:00","modified_gmt":"2026-03-21T16:40:00","slug":"mgielka-tonizujaca-z-platkami-zlota","status":"publish","type":"product","link":"https:\/\/ziolazycia.com\/nowa\/product\/mgielka-tonizujaca-z-platkami-zlota\/","title":{"rendered":"Mgie\u0142ka tonizuj\u0105ca z p\u0142atkami z\u0142ota"},"content":{"rendered":"<p data-start=\"154\" data-end=\"541\">Mgie\u0142ka tonizuj\u0105ca z p\u0142atkami z\u0142ota JESTEM to luksusowy, lekki kosmetyk, kt\u00f3ry zapewnia sk\u00f3rze natychmiastowe od\u015bwie\u017cenie, ukojenie i delikatne roz\u015bwietlenie. Jej ultradrobna mgie\u0142ka przywraca sk\u00f3rze r\u00f3wnowag\u0119 po oczyszczaniu, tonizuje i przygotowuje cer\u0119 do przyj\u0119cia kolejnych etap\u00f3w piel\u0119gnacji. Zawarte w niej p\u0142atki z\u0142ota odbijaj\u0105 \u015bwiat\u0142o, nadaj\u0105c sk\u00f3rze \u015bwie\u017cy, promienny wygl\u0105d.<\/p>\n<p data-start=\"543\" data-end=\"852\">Dzi\u0119ki \u0142agodnym sk\u0142adnikom nawil\u017caj\u0105cym i koj\u0105cym mgie\u0142ka sprawdza si\u0119 przy ka\u017cdym typie cery, r\u00f3wnie\u017c wra\u017cliwej. Mo\u017cna u\u017cywa\u0107 jej rano \u2014 by od\u015bwie\u017cy\u0107 i roz\u015bwietli\u0107 sk\u00f3r\u0119, wieczorem \u2014 aby ukoi\u0107 cer\u0119 po ca\u0142ym dniu, a tak\u017ce w ci\u0105gu dnia, kiedy potrzebujesz b\u0142yskawicznego \u201edopalenia\u201d blasku i uczucia \u015bwie\u017co\u015bci.<\/p>\n<h6 data-start=\"854\" data-end=\"875\">G\u0142\u00f3wne korzy\u015bci<\/h6>\n<ul data-start=\"876\" data-end=\"1214\">\n<li data-start=\"876\" data-end=\"936\">\n<p data-start=\"878\" data-end=\"936\">Tonizuje i przywraca naturalne pH sk\u00f3ry po oczyszczaniu.<\/p>\n<\/li>\n<li data-start=\"937\" data-end=\"994\">\n<p data-start=\"939\" data-end=\"994\">Nawil\u017ca, koi i \u0142agodzi, zapewniaj\u0105c uczucie komfortu.<\/p>\n<\/li>\n<li data-start=\"995\" data-end=\"1044\">\n<p data-start=\"997\" data-end=\"1044\">Roz\u015bwietla cer\u0119 dzi\u0119ki drobnym p\u0142atkom z\u0142ota.<\/p>\n<\/li>\n<li data-start=\"1045\" data-end=\"1131\">\n<p data-start=\"1047\" data-end=\"1131\">Przygotowuje sk\u00f3r\u0119 do dalszej piel\u0119gnacji, zwi\u0119kszaj\u0105c wch\u0142anianie krem\u00f3w i serum.<\/p>\n<\/li>\n<li data-start=\"1132\" data-end=\"1214\">\n<p data-start=\"1134\" data-end=\"1214\">Idealna do stosowania rano, wieczorem i w ci\u0105gu dnia jako szybkie od\u015bwie\u017cenie.<\/p>\n<\/li>\n<\/ul>\n","protected":false},"excerpt":{"rendered":"<p>\u201eMgie\u0142ka tonizuj\u0105ca z p\u0142atkami z\u0142ota JESTEM \u2013 nawil\u017caj\u0105ca i koj\u0105ca mgie\u0142ka do twarzy, kt\u00f3ra tonizuje, od\u015bwie\u017ca i subtelnie roz\u015bwietla cer\u0119. Przywraca sk\u00f3rze r\u00f3wnowag\u0119, dodaje blasku i przygotowuje j\u0105 do kolejnych etap\u00f3w piel\u0119gnacji. Idealna do codziennego stosowania dla ka\u017cdego typu cery.\u201d<\/p>\n","protected":false},"featured_media":14882,"comment_status":"open","ping_status":"closed","template":"","meta":[],"product_brand":[],"product_cat":[82],"product_tag":[],"class_list":{"0":"post-14881","1":"product","2":"type-product","3":"status-publish","4":"has-post-thumbnail","6":"product_cat-kosmetyki-naturalne","8":"first","9":"instock","10":"taxable","11":"shipping-taxable","12":"purchasable","13":"product-type-simple"},"_links":{"self":[{"href":"https:\/\/ziolazycia.com\/nowa\/wp-json\/wp\/v2\/product\/14881","targetHints":{"allow":["GET"]}}],"collection":[{"href":"https:\/\/ziolazycia.com\/nowa\/wp-json\/wp\/v2\/product"}],"about":[{"href":"https:\/\/ziolazycia.com\/nowa\/wp-json\/wp\/v2\/types\/product"}],"replies":[{"embeddable":true,"href":"https:\/\/ziolazycia.com\/nowa\/wp-json\/wp\/v2\/comments?post=14881"}],"wp:featuredmedia":[{"embeddable":true,"href":"https:\/\/ziolazycia.com\/nowa\/wp-json\/wp\/v2\/media\/14882"}],"wp:attachment":[{"href":"https:\/\/ziolazycia.com\/nowa\/wp-json\/wp\/v2\/media?parent=14881"}],"wp:term":[{"taxonomy":"product_brand","embeddable":true,"href":"https:\/\/ziolazycia.com\/nowa\/wp-json\/wp\/v2\/product_brand?post=14881"},{"taxonomy":"product_cat","embeddable":true,"href":"https:\/\/ziolazycia.com\/nowa\/wp-json\/wp\/v2\/product_cat?post=14881"},{"taxonomy":"product_tag","embeddable":true,"href":"https:\/\/ziolazycia.com\/nowa\/wp-json\/wp\/v2\/product_tag?post=14881"}],"curies":[{"name":"wp","href":"https:\/\/api.w.org\/{rel}","templated":true}]}}