{"id":14879,"date":"2025-12-05T11:06:41","date_gmt":"2025-12-05T10:06:41","guid":{"rendered":"https:\/\/ziolazycia.com\/nowa\/product\/balsam-do-ciala\/"},"modified":"2026-03-21T17:39:52","modified_gmt":"2026-03-21T16:39:52","slug":"balsam-do-ciala","status":"publish","type":"product","link":"https:\/\/ziolazycia.com\/nowa\/product\/balsam-do-ciala\/","title":{"rendered":"Balsam do cia\u0142a"},"content":{"rendered":"<p data-start=\"128\" data-end=\"467\">Balsam do cia\u0142a JESTEM to aksamitny, od\u017cywczy kosmetyk stworzony po to, by przywr\u00f3ci\u0107 sk\u00f3rze mi\u0119kko\u015b\u0107, g\u0142adko\u015b\u0107 i d\u0142ugotrwa\u0142e nawil\u017cenie. Jego bogata, a jednocze\u015bnie lekka formu\u0142a oparta na naturalnych mas\u0142ach, olejach i ekstraktach ro\u015blinnych intensywnie piel\u0119gnuje sk\u00f3r\u0119, poprawiaj\u0105c jej elastyczno\u015b\u0107 i chroni\u0105c j\u0105 przed przesuszeniem.<\/p>\n<p data-start=\"469\" data-end=\"855\">Balsam szybko si\u0119 wch\u0142ania, nie pozostawia t\u0142ustej warstwy i otula sk\u00f3r\u0119 subtelnym, przyjemnym zapachem. Regularnie stosowany wyg\u0142adza, koi i wspiera regeneracj\u0119 nask\u00f3rka, sprawiaj\u0105c, \u017ce sk\u00f3ra staje si\u0119 wyra\u017anie bardziej spr\u0119\u017cysta i jedwabista w dotyku. Idealny do codziennej piel\u0119gnacji, szczeg\u00f3lnie po k\u0105pieli lub prysznicu, kiedy sk\u00f3ra najbardziej potrzebuje nawil\u017cenia i od\u017cywienia.<\/p>\n<h6 data-start=\"857\" data-end=\"878\">G\u0142\u00f3wne korzy\u015bci<\/h6>\n<ul data-start=\"879\" data-end=\"1190\">\n<li data-start=\"879\" data-end=\"923\">\n<p data-start=\"881\" data-end=\"923\">G\u0142\u0119bokie i d\u0142ugotrwa\u0142e nawil\u017cenie sk\u00f3ry.<\/p>\n<\/li>\n<li data-start=\"924\" data-end=\"983\">\n<p data-start=\"926\" data-end=\"983\">Poprawa elastyczno\u015bci i wyczuwalna jedwabista g\u0142adko\u015b\u0107.<\/p>\n<\/li>\n<li data-start=\"984\" data-end=\"1048\">\n<p data-start=\"986\" data-end=\"1048\">Wzmocnienie bariery ochronnej i ochrona przed przesuszeniem.<\/p>\n<\/li>\n<li data-start=\"1049\" data-end=\"1112\">\n<p data-start=\"1051\" data-end=\"1112\">Ukojenie i regeneracja sk\u00f3ry, tak\u017ce sk\u0142onnej do podra\u017cnie\u0144.<\/p>\n<\/li>\n<li data-start=\"1113\" data-end=\"1190\">\n<p data-start=\"1115\" data-end=\"1190\">Lekka, szybko wch\u0142aniaj\u0105ca si\u0119 formu\u0142a idealna do codziennego stosowania.<\/p>\n<\/li>\n<\/ul>\n","protected":false},"excerpt":{"rendered":"<p>\u201eBalsam do cia\u0142a JESTEM \u2013 intensywnie nawil\u017caj\u0105cy i od\u017cywczy balsam, kt\u00f3ry wyg\u0142adza, regeneruje i wzmacnia sk\u00f3r\u0119. Przywraca jej mi\u0119kko\u015b\u0107, elastyczno\u015b\u0107 i komfort, pozostawiaj\u0105c cia\u0142o g\u0142adkie i jedwabiste. Idealny do codziennej piel\u0119gnacji po k\u0105pieli.\u201d<\/p>\n","protected":false},"featured_media":14880,"comment_status":"open","ping_status":"closed","template":"","meta":[],"product_brand":[],"product_cat":[82],"product_tag":[],"class_list":{"0":"post-14879","1":"product","2":"type-product","3":"status-publish","4":"has-post-thumbnail","6":"product_cat-kosmetyki-naturalne","8":"first","9":"instock","10":"taxable","11":"shipping-taxable","12":"purchasable","13":"product-type-simple"},"_links":{"self":[{"href":"https:\/\/ziolazycia.com\/nowa\/wp-json\/wp\/v2\/product\/14879","targetHints":{"allow":["GET"]}}],"collection":[{"href":"https:\/\/ziolazycia.com\/nowa\/wp-json\/wp\/v2\/product"}],"about":[{"href":"https:\/\/ziolazycia.com\/nowa\/wp-json\/wp\/v2\/types\/product"}],"replies":[{"embeddable":true,"href":"https:\/\/ziolazycia.com\/nowa\/wp-json\/wp\/v2\/comments?post=14879"}],"wp:featuredmedia":[{"embeddable":true,"href":"https:\/\/ziolazycia.com\/nowa\/wp-json\/wp\/v2\/media\/14880"}],"wp:attachment":[{"href":"https:\/\/ziolazycia.com\/nowa\/wp-json\/wp\/v2\/media?parent=14879"}],"wp:term":[{"taxonomy":"product_brand","embeddable":true,"href":"https:\/\/ziolazycia.com\/nowa\/wp-json\/wp\/v2\/product_brand?post=14879"},{"taxonomy":"product_cat","embeddable":true,"href":"https:\/\/ziolazycia.com\/nowa\/wp-json\/wp\/v2\/product_cat?post=14879"},{"taxonomy":"product_tag","embeddable":true,"href":"https:\/\/ziolazycia.com\/nowa\/wp-json\/wp\/v2\/product_tag?post=14879"}],"curies":[{"name":"wp","href":"https:\/\/api.w.org\/{rel}","templated":true}]}}