{"id":14873,"date":"2025-12-05T11:16:25","date_gmt":"2025-12-05T10:16:25","guid":{"rendered":"https:\/\/ziolazycia.com\/nowa\/product\/zestaw-nocne-otulenie\/"},"modified":"2026-03-21T17:39:29","modified_gmt":"2026-03-21T16:39:29","slug":"zestaw-nocne-otulenie","status":"publish","type":"product","link":"https:\/\/ziolazycia.com\/nowa\/product\/zestaw-nocne-otulenie\/","title":{"rendered":"Zestaw Nocne otulenie"},"content":{"rendered":"<p data-start=\"155\" data-end=\"528\">Zestaw Plus JESTEM to praktyczny zestaw piel\u0119gnacyjny, kt\u00f3ry \u0142\u0105czy najwa\u017cniejsze kosmetyki potrzebne do codziennej troski o sk\u00f3r\u0119. To gotowy komplet, pozwalaj\u0105cy przeprowadzi\u0107 podstawow\u0105, ale skuteczn\u0105 rutyn\u0119 \u2014 od oczyszczania i tonizacji, przez nawil\u017cenie i od\u017cywienie, a\u017c po piel\u0119gnacj\u0119 cia\u0142a. Dzi\u0119ki temu zestawowi dbanie o sk\u00f3r\u0119 staje si\u0119 proste, szybkie i efektywne.<\/p>\n<p data-start=\"530\" data-end=\"958\">Zestaw Plus sprawdzi si\u0119 zar\u00f3wno dla os\u00f3b zaczynaj\u0105cych swoj\u0105 przygod\u0119 z piel\u0119gnacj\u0105, jak i tych, kt\u00f3re chc\u0105 utrzyma\u0107 dobr\u0105 kondycj\u0119 sk\u00f3ry na co dzie\u0144. Produkty wchodz\u0105ce w sk\u0142ad zestawu zosta\u0142y dobrane tak, by dobrze ze sob\u0105 wsp\u00f3\u0142gra\u0142y i zapewnia\u0142y stabiln\u0105 ochron\u0119 sk\u00f3ry \u2014 czyst\u0105, g\u0142adk\u0105, mi\u0119kk\u0105 i spr\u0119\u017cyst\u0105. Regularne stosowanie daje zauwa\u017calne efekty: cera oraz sk\u00f3ra cia\u0142a s\u0105 zadbane, od\u017cywione i gotowe na wyzwania dnia.<\/p>\n<h6 data-start=\"960\" data-end=\"981\">G\u0142\u00f3wne korzy\u015bci<\/h6>\n<ul data-start=\"982\" data-end=\"1373\">\n<li data-start=\"982\" data-end=\"1074\">\n<p data-start=\"984\" data-end=\"1074\">Kompletny zestaw do codziennej piel\u0119gnacji \u2014 wszystkie kluczowe etapy w jednym pakiecie.<\/p>\n<\/li>\n<li data-start=\"1075\" data-end=\"1152\">\n<p data-start=\"1077\" data-end=\"1152\">\u0141atwa, sp\u00f3jna rutyna bez konieczno\u015bci wybierania pojedynczych kosmetyk\u00f3w.<\/p>\n<\/li>\n<li data-start=\"1153\" data-end=\"1210\">\n<p data-start=\"1155\" data-end=\"1210\">Sk\u00f3ra oczyszczona, tonizowana, nawil\u017cona i od\u017cywiona.<\/p>\n<\/li>\n<li data-start=\"1211\" data-end=\"1296\">\n<p data-start=\"1213\" data-end=\"1296\">Wygoda i oszcz\u0119dno\u015b\u0107 czasu \u2014 idealny zestaw dla zapracowanych lub pocz\u0105tkuj\u0105cych.<\/p>\n<\/li>\n<li data-start=\"1297\" data-end=\"1373\">\n<p data-start=\"1299\" data-end=\"1373\">Sprawdzony efekt: sk\u00f3ra mi\u0119kka, g\u0142adka, elastyczna i zdrowo wygl\u0105daj\u0105ca.<\/p>\n<\/li>\n<\/ul>\n","protected":false},"excerpt":{"rendered":"<p>\u201eZestaw Plus JESTEM \u2013 kompletny zestaw piel\u0119gnacyjny \u0142\u0105cz\u0105cy oczyszczanie, tonizacj\u0119, nawil\u017cenie i od\u017cywienie. Idealny dla os\u00f3b szukaj\u0105cych prostego, skutecznego i wygodnego rozwi\u0105zania do codziennej piel\u0119gnacji sk\u00f3ry. Sk\u00f3ra staje si\u0119 g\u0142adka, mi\u0119kka, elastyczna i od\u017cywiona.\u201d<\/p>\n","protected":false},"featured_media":14874,"comment_status":"open","ping_status":"closed","template":"","meta":[],"product_brand":[],"product_cat":[82],"product_tag":[],"class_list":{"0":"post-14873","1":"product","2":"type-product","3":"status-publish","4":"has-post-thumbnail","6":"product_cat-kosmetyki-naturalne","8":"first","9":"instock","10":"taxable","11":"shipping-taxable","12":"purchasable","13":"product-type-simple"},"_links":{"self":[{"href":"https:\/\/ziolazycia.com\/nowa\/wp-json\/wp\/v2\/product\/14873","targetHints":{"allow":["GET"]}}],"collection":[{"href":"https:\/\/ziolazycia.com\/nowa\/wp-json\/wp\/v2\/product"}],"about":[{"href":"https:\/\/ziolazycia.com\/nowa\/wp-json\/wp\/v2\/types\/product"}],"replies":[{"embeddable":true,"href":"https:\/\/ziolazycia.com\/nowa\/wp-json\/wp\/v2\/comments?post=14873"}],"wp:featuredmedia":[{"embeddable":true,"href":"https:\/\/ziolazycia.com\/nowa\/wp-json\/wp\/v2\/media\/14874"}],"wp:attachment":[{"href":"https:\/\/ziolazycia.com\/nowa\/wp-json\/wp\/v2\/media?parent=14873"}],"wp:term":[{"taxonomy":"product_brand","embeddable":true,"href":"https:\/\/ziolazycia.com\/nowa\/wp-json\/wp\/v2\/product_brand?post=14873"},{"taxonomy":"product_cat","embeddable":true,"href":"https:\/\/ziolazycia.com\/nowa\/wp-json\/wp\/v2\/product_cat?post=14873"},{"taxonomy":"product_tag","embeddable":true,"href":"https:\/\/ziolazycia.com\/nowa\/wp-json\/wp\/v2\/product_tag?post=14873"}],"curies":[{"name":"wp","href":"https:\/\/api.w.org\/{rel}","templated":true}]}}