{"id":14869,"date":"2025-12-05T11:21:32","date_gmt":"2025-12-05T10:21:32","guid":{"rendered":"https:\/\/ziolazycia.com\/nowa\/product\/zestaw-double-cream\/"},"modified":"2026-03-21T17:39:14","modified_gmt":"2026-03-21T16:39:14","slug":"zestaw-double-cream","status":"publish","type":"product","link":"https:\/\/ziolazycia.com\/nowa\/product\/zestaw-double-cream\/","title":{"rendered":"Zestaw Double Cream"},"content":{"rendered":"<p data-start=\"46\" data-end=\"438\">Zestaw Kremowy JESTEM to zestaw piel\u0119gnacyjny skoncentrowany na dog\u0142\u0119bnym nawil\u017ceniu, od\u017cywieniu i regeneracji sk\u00f3ry \u2014 idealny dla os\u00f3b, kt\u00f3re chc\u0105 kompleksowo zadba\u0107 o swoj\u0105 cer\u0119. W sk\u0142ad zestawu wchodz\u0105 kremy i produkty piel\u0119gnacyjne dobrane tak, by wsp\u00f3lnie dzia\u0142a\u0142y w harmonii: oczyszczaj\u0105, nawil\u017caj\u0105 i od\u017cywiaj\u0105 sk\u00f3r\u0119, wzmacniaj\u0105c jej barier\u0119 ochronn\u0105 i przywracaj\u0105c jej zdrowy wygl\u0105d.<\/p>\n<p data-start=\"440\" data-end=\"839\">Regularne stosowanie zestawu kremowego przynosi efekt mi\u0119kkiej, g\u0142adkiej i elastycznej sk\u00f3ry, wolnej od sucho\u015bci i oznak zm\u0119czenia. Sk\u00f3ra staje si\u0119 roz\u015bwietlona, od\u017cywiona i przygotowana na ka\u017cdy dzie\u0144 \u2014 albo zregenerowana po nocy. Zestaw Kremowy to gotowa, wygodna rutyna piel\u0119gnacyjna, kt\u00f3ra oszcz\u0119dza czas i pomaga osi\u0105gn\u0105\u0107 zauwa\u017calne rezultaty bez potrzeby komponowania wielu produkt\u00f3w osobno.<\/p>\n<h6 data-start=\"841\" data-end=\"862\">G\u0142\u00f3wne korzy\u015bci<\/h6>\n<ul data-start=\"863\" data-end=\"1286\">\n<li data-start=\"863\" data-end=\"925\">\n<p data-start=\"865\" data-end=\"925\">Skoncentrowane nawil\u017cenie, od\u017cywienie i regeneracja sk\u00f3ry.<\/p>\n<\/li>\n<li data-start=\"926\" data-end=\"1038\">\n<p data-start=\"928\" data-end=\"1038\">Kompletny zestaw dla tych, kt\u00f3rzy chc\u0105 piel\u0119gnacji twarzy \u201eod A do Z\u201d \u2014 bez dopasowywania kosmetyk\u00f3w osobno.<\/p>\n<\/li>\n<li data-start=\"1039\" data-end=\"1094\">\n<p data-start=\"1041\" data-end=\"1094\">Poprawa elastyczno\u015bci, g\u0142adko\u015bci i mi\u0119kko\u015bci sk\u00f3ry.<\/p>\n<\/li>\n<li data-start=\"1095\" data-end=\"1187\">\n<p data-start=\"1097\" data-end=\"1187\">Sk\u00f3ra wygl\u0105da zdrowo, promiennie i jest przygotowana na dzie\u0144 lub zregenerowana po nocy.<\/p>\n<\/li>\n<li data-start=\"1188\" data-end=\"1286\">\n<p data-start=\"1190\" data-end=\"1286\">Wygoda i prostota \u2014 gotowa rutyna piel\u0119gnacyjna bez konieczno\u015bci analizowania wielu produkt\u00f3w.<\/p>\n<\/li>\n<\/ul>\n","protected":false},"excerpt":{"rendered":"<p>\u201eZestaw Kremowy JESTEM \u2013 kompletny zestaw piel\u0119gnacyjny skoncentrowany na nawil\u017ceniu i od\u017cywieniu sk\u00f3ry. Zapewnia dog\u0142\u0119bn\u0105 regeneracj\u0119, g\u0142adko\u015b\u0107 i elastyczno\u015b\u0107 cery. Idealny dla os\u00f3b, kt\u00f3re chc\u0105 gotowej, skutecznej rutyny piel\u0119gnacyjnej bez konieczno\u015bci dobierania wielu kosmetyk\u00f3w.\u201d<\/p>\n","protected":false},"featured_media":14870,"comment_status":"open","ping_status":"closed","template":"","meta":[],"product_brand":[],"product_cat":[82],"product_tag":[],"class_list":{"0":"post-14869","1":"product","2":"type-product","3":"status-publish","4":"has-post-thumbnail","6":"product_cat-kosmetyki-naturalne","8":"first","9":"instock","10":"taxable","11":"shipping-taxable","12":"purchasable","13":"product-type-simple"},"_links":{"self":[{"href":"https:\/\/ziolazycia.com\/nowa\/wp-json\/wp\/v2\/product\/14869","targetHints":{"allow":["GET"]}}],"collection":[{"href":"https:\/\/ziolazycia.com\/nowa\/wp-json\/wp\/v2\/product"}],"about":[{"href":"https:\/\/ziolazycia.com\/nowa\/wp-json\/wp\/v2\/types\/product"}],"replies":[{"embeddable":true,"href":"https:\/\/ziolazycia.com\/nowa\/wp-json\/wp\/v2\/comments?post=14869"}],"wp:featuredmedia":[{"embeddable":true,"href":"https:\/\/ziolazycia.com\/nowa\/wp-json\/wp\/v2\/media\/14870"}],"wp:attachment":[{"href":"https:\/\/ziolazycia.com\/nowa\/wp-json\/wp\/v2\/media?parent=14869"}],"wp:term":[{"taxonomy":"product_brand","embeddable":true,"href":"https:\/\/ziolazycia.com\/nowa\/wp-json\/wp\/v2\/product_brand?post=14869"},{"taxonomy":"product_cat","embeddable":true,"href":"https:\/\/ziolazycia.com\/nowa\/wp-json\/wp\/v2\/product_cat?post=14869"},{"taxonomy":"product_tag","embeddable":true,"href":"https:\/\/ziolazycia.com\/nowa\/wp-json\/wp\/v2\/product_tag?post=14869"}],"curies":[{"name":"wp","href":"https:\/\/api.w.org\/{rel}","templated":true}]}}