{"id":14867,"date":"2025-12-10T11:00:58","date_gmt":"2025-12-10T10:00:58","guid":{"rendered":"https:\/\/ziolazycia.com\/nowa\/product\/kolagen-zloty-24-karatowy\/"},"modified":"2026-04-15T20:14:05","modified_gmt":"2026-04-15T18:14:05","slug":"kolagen-zloty-24-karatowy","status":"publish","type":"product","link":"https:\/\/ziolazycia.com\/nowa\/product\/kolagen-zloty-24-karatowy\/","title":{"rendered":"Kolagen Z\u0142oty 24-Karatowy Anti Aging"},"content":{"rendered":"<p data-start=\"114\" data-end=\"460\">Kolagen z\u0142oty zawieraj\u0105cy 24 karatowe z\u0142oto to luksusowe serum o w\u0142a\u015bciwo\u015bciach silnie odm\u0142adzaj\u0105cych. Preparat opracowano jako s\u0142u\u017c\u0105cy do kompleksowej piel\u0119gnacji ka\u017cdego rodzaju sk\u00f3ry, a jednocze\u015bnie nakierowano jego dzia\u0142anie na odm\u0142adzanie sk\u00f3ry dojrza\u0142ej. Ma on nie tylko dzia\u0142anie przeciwstarzeniowe, ale tak\u017ce redukuje widoczne zmarszczki.<\/p>\n<p data-start=\"462\" data-end=\"864\">Naturalne sk\u0142adniki zawarte w kolagenie z\u0142otym, takie jak: kolagen natywny pozyskiwany z ryb morskich, niskocz\u0105steczkowy kwas hialuronowy, izoflawony ro\u015blinne, 24 karatowe z\u0142oto, czy te\u017c kompleks 6 azjatyckich herbat (hebanowiec wschodni, cynamonowiec wonny, artemisia princeps, z\u0142ocie\u0144 ogrodowy, pigwowiec chi\u0144ski, herbata chi\u0144ska) zapewniaj\u0105 intensywn\u0105 odnow\u0119, regeneracj\u0119 i poprawiaj\u0105 g\u0119sto\u015b\u0107 sk\u00f3ry.<\/p>\n<p data-start=\"866\" data-end=\"1016\">Ponadto kolagen z\u0142oty nawil\u017ca, od\u017cywia, uelastycznia i uj\u0119drnia sk\u00f3r\u0119. Poprawia r\u00f3wnie\u017c owal twarzy oraz koloryt sk\u00f3ry, r\u00f3wnocze\u015bnie j\u0105 roz\u015bwietlaj\u0105c.<\/p>\n<p data-start=\"1018\" data-end=\"1431\"><strong data-start=\"1018\" data-end=\"1032\">Dzia\u0142anie:<\/strong><br data-start=\"1032\" data-end=\"1035\" \/>\u2022 stymulowanie produkcji kolagenu, elastyny i kwasu hialuronowego<br data-start=\"1100\" data-end=\"1103\" \/>\u2022 op\u00f3\u017anianie procesu starzenia sk\u00f3ry<br data-start=\"1139\" data-end=\"1142\" \/>\u2022 poprawa g\u0119sto\u015bci sk\u00f3ry<br data-start=\"1166\" data-end=\"1169\" \/>\u2022 wyr\u00f3wnanie kolorytu sk\u00f3ry i nadanie jej blasku<br data-start=\"1217\" data-end=\"1220\" \/>\u2022 silne nawil\u017cenie, od\u017cywienie, wyg\u0142adzenie i uj\u0119drnienie sk\u00f3ry<br data-start=\"1283\" data-end=\"1286\" \/>\u2022 niwelowanie zmian sk\u00f3rnych i jej regeneracja<br data-start=\"1332\" data-end=\"1335\" \/>\u2022 redukowanie zmarszczek i zapobieganie powstawaniu nowych<br data-start=\"1393\" data-end=\"1396\" \/>\u2022 ochrona przed wolnymi rodnikami<\/p>\n<p data-start=\"102\" data-end=\"260\"><strong data-start=\"102\" data-end=\"120\">Spos\u00f3b u\u017cycia:<\/strong><br data-start=\"120\" data-end=\"123\" \/>Na\u0142o\u017cy\u0107 niewielk\u0105 ilo\u015b\u0107 \u017celu na oczyszczon\u0105 sk\u00f3r\u0119 twarzy i dekoltu, delikatnie wmasowa\u0107 a\u017c do wch\u0142oni\u0119cia. Stosowa\u0107 rano i\/lub wieczorem.<\/p>\n<p data-start=\"262\" data-end=\"437\"><strong data-start=\"262\" data-end=\"285\">\u015arodki ostro\u017cno\u015bci:<\/strong><br data-start=\"285\" data-end=\"288\" \/>Unika\u0107 kontaktu z oczami, ustami i b\u0142onami \u015bluzowymi. W przypadku wyst\u0105pienia podra\u017cnie\u0144 \u2013 przerwa\u0107 stosowanie. Produkt tylko do u\u017cytku zewn\u0119trznego.<\/p>\n<p data-start=\"439\" data-end=\"974\"><strong data-start=\"439\" data-end=\"460\">Ingredients\/INCI:<\/strong><br data-start=\"460\" data-end=\"463\" \/>Aqua\/Water, Glycerin, Polyglyceryl-3 PCA, Lecithin, Chaenomeles Sinensis Fruit Extract, Diospyros Kaki Leaf Extract, Cinnamomum Cassia Bark Extract, Chrysanthellum Indicum Extract, Camellia Sinensis Leaf Extract, Artemisia Princeps Leaf Extract, Soy Isoflavones, Soluble Collagen, Hyaluronic Acid, Sodium Polyacrylate Starch, Gold, Alcohol, Polysorbate 20, Polysorbate 80, Sodium Phytate, Propanediol, Citric Acid, Sodium Citrate, Dehydroacetic Acid, Parfum\/Fragrance, Sodium Benzoate, Benzyl Alcohol, CI 77400.<\/p>\n<p data-start=\"976\" data-end=\"1084\"><strong data-start=\"976\" data-end=\"1026\">Wytworzono w oparciu o unikaln\u0105 receptur\u0119 dla:<\/strong><br data-start=\"1026\" data-end=\"1029\" \/>Zio\u0142a \u017bycia<br data-start=\"1040\" data-end=\"1043\" \/>95-070 Aleksandr\u00f3w \u0141\u00f3dzki, Piotrkowska 91<\/p>\n<p data-start=\"1086\" data-end=\"1157\"><strong data-start=\"1086\" data-end=\"1112\">Najlepiej zu\u017cy\u0107 przed:<\/strong><br data-start=\"1112\" data-end=\"1115\" \/>Data wa\u017cno\u015bci i numer partii na opakowaniu<\/p>\n","protected":false},"excerpt":{"rendered":"<h5 data-start=\"141\" data-end=\"179\">Kolagen z\u0142oty z 24-karatowym z\u0142otem<\/h5>\n<p data-start=\"181\" data-end=\"283\">Kolagen z\u0142oty zawieraj\u0105cy 24 karatowe z\u0142oto to luksusowe serum o w\u0142a\u015bciwo\u015bciach silnie odm\u0142adzaj\u0105cych.<\/p>\n<p data-start=\"285\" data-end=\"528\">Preparat opracowano jako s\u0142u\u017c\u0105cy do kompleksowej piel\u0119gnacji ka\u017cdego rodzaju sk\u00f3ry, a jednocze\u015bnie nakierowano jego dzia\u0142anie na odm\u0142adzanie sk\u00f3ry dojrza\u0142ej. Ma on nie tylko dzia\u0142anie przeciwstarzeniowe, ale tak\u017ce redukuje widoczne zmarszczki.<\/p>\n<h6 data-start=\"530\" data-end=\"552\">Sk\u0142adniki aktywne:<\/h6>\n<p data-start=\"553\" data-end=\"955\">Naturalne sk\u0142adniki zawarte w kolagenie z\u0142otym, takie jak: kolagen natywny pozyskiwany z ryb morskich, niskocz\u0105steczkowy kwas hialuronowy, izoflawony ro\u015blinne, 24 karatowe z\u0142oto, czy te\u017c kompleks 6 azjatyckich herbat (hebanowiec wschodni, cynamonowiec wonny, artemisia princeps, z\u0142ocie\u0144 ogrodowy, pigwowiec chi\u0144ski, herbata chi\u0144ska) zapewniaj\u0105 intensywn\u0105 odnow\u0119, regeneracj\u0119 i poprawiaj\u0105 g\u0119sto\u015b\u0107 sk\u00f3ry.<\/p>\n<p data-start=\"957\" data-end=\"1107\">Ponadto kolagen z\u0142oty nawil\u017ca, od\u017cywia, uelastycznia i uj\u0119drnia sk\u00f3r\u0119. Poprawia r\u00f3wnie\u017c owal twarzy oraz koloryt sk\u00f3ry, r\u00f3wnocze\u015bnie j\u0105 roz\u015bwietlaj\u0105c.<\/p>\n<p data-start=\"1109\" data-end=\"1216\">Produkt wykazuje dzia\u0142anie ochronne przed promieniowaniem UV i zapobiega procesowi fotostarzenia si\u0119 sk\u00f3ry.<\/p>\n<p>&nbsp;<\/p>\n","protected":false},"featured_media":19355,"comment_status":"open","ping_status":"closed","template":"","meta":[],"product_brand":[],"product_cat":[82],"product_tag":[],"class_list":{"0":"post-14867","1":"product","2":"type-product","3":"status-publish","4":"has-post-thumbnail","6":"product_cat-kosmetyki-naturalne","8":"first","9":"instock","10":"sale","11":"taxable","12":"shipping-taxable","13":"purchasable","14":"product-type-simple"},"_links":{"self":[{"href":"https:\/\/ziolazycia.com\/nowa\/wp-json\/wp\/v2\/product\/14867","targetHints":{"allow":["GET"]}}],"collection":[{"href":"https:\/\/ziolazycia.com\/nowa\/wp-json\/wp\/v2\/product"}],"about":[{"href":"https:\/\/ziolazycia.com\/nowa\/wp-json\/wp\/v2\/types\/product"}],"replies":[{"embeddable":true,"href":"https:\/\/ziolazycia.com\/nowa\/wp-json\/wp\/v2\/comments?post=14867"}],"wp:featuredmedia":[{"embeddable":true,"href":"https:\/\/ziolazycia.com\/nowa\/wp-json\/wp\/v2\/media\/19355"}],"wp:attachment":[{"href":"https:\/\/ziolazycia.com\/nowa\/wp-json\/wp\/v2\/media?parent=14867"}],"wp:term":[{"taxonomy":"product_brand","embeddable":true,"href":"https:\/\/ziolazycia.com\/nowa\/wp-json\/wp\/v2\/product_brand?post=14867"},{"taxonomy":"product_cat","embeddable":true,"href":"https:\/\/ziolazycia.com\/nowa\/wp-json\/wp\/v2\/product_cat?post=14867"},{"taxonomy":"product_tag","embeddable":true,"href":"https:\/\/ziolazycia.com\/nowa\/wp-json\/wp\/v2\/product_tag?post=14867"}],"curies":[{"name":"wp","href":"https:\/\/api.w.org\/{rel}","templated":true}]}}