{"id":1479,"date":"2023-12-01T08:32:20","date_gmt":"2023-12-01T07:32:20","guid":{"rendered":"https:\/\/ziolazycia.com\/nowa\/?post_type=product&#038;p=1479"},"modified":"2025-11-26T15:58:52","modified_gmt":"2025-11-26T14:58:52","slug":"aloe-dezodorant-w-sztyfcie-92-1-g-forever-living","status":"publish","type":"product","link":"https:\/\/ziolazycia.com\/nowa\/product\/aloe-dezodorant-w-sztyfcie-92-1-g-forever-living\/","title":{"rendered":"Aloe Ever Shield &#8211; Aloesowy dezodorant w sztyfcie 92.1 g"},"content":{"rendered":"<p data-sourcepos=\"3:1-3:18\">Ma przyjemny, delikatny zapach.<\/p>\n<h2 data-sourcepos=\"12:1-12:14\"><strong>Sk\u0142adniki aktywne Aloesowego dezodorantu w sztyfcie od Forever Living Products:<br \/>\n<\/strong><\/h2>\n<ul data-sourcepos=\"14:1-19:0\">\n<li data-sourcepos=\"14:1-14:42\">Aloes vera (Aloe Barbadensis Leaf Juice &#8211; 40% stabilizowanego mi\u0105\u017cszu aloesowego).<\/li>\n<li data-sourcepos=\"15:1-15:12\">Allantoina<\/li>\n<li data-sourcepos=\"16:1-16:30\">Olejek z drzewa herbacianego<\/li>\n<li data-sourcepos=\"17:1-17:11\">Gliceryna<\/li>\n<li data-sourcepos=\"18:1-19:0\">Witamina E<\/li>\n<\/ul>\n<p><strong>Sk\u0142ad:<\/strong> Propylene Glycol, Aqua, Sodium Stearate, Aloe\u00a0Barbadensis Leaf Juice (Stabilized* Aloe Vera Gel), Triclosan, Citric Acid,\u00a0Ascorbic Acid, Parfum, Hexyl Cinnamal, Benzyl Salicylate, Hydroxyisohexyl\u00a03-cyclohexene Carboxaldehyde, Linalool, 2-(4-tert-butylbenzyl)\u00a0propionaldehyde, Geraniol, Citronellol, Benzyl Cinnamate, Alpha-Isomethyl\u00a0Ionone, Eugenol, Limomene, Amyl Cinnamal, Potassium Sorbate, Sodium\u00a0Benzoate.<\/p>\n<p data-sourcepos=\"20:1-20:18\"><strong>Spos\u00f3b u\u017cycia Aloe Ever Shield:<br \/>\n<\/strong><\/p>\n<p data-sourcepos=\"22:1-22:48\">Na\u0142o\u017cy\u0107 dezodorant na czyst\u0105 i such\u0105 sk\u00f3r\u0119 pach. Stosuj Aloe Ever-Shield codziennie dla zachowania uczucia \u015bwie\u017co\u015bci.<\/p>\n<p data-sourcepos=\"22:1-22:48\"><strong>Zawarto\u015b\u0107 opakowania<\/strong>: 92,1 g.<\/p>\n<p><strong>Producent:<\/strong><br \/>\nForever Living Products<\/p>\n","protected":false},"excerpt":{"rendered":"<h2 data-sourcepos=\"3:1-3:18\"><strong>Aloe Ever Shield<\/strong> to dezodorant w sztyfcie na bazie aloesu, kt\u00f3ry zapewnia d\u0142ugotrwa\u0142\u0105 ochron\u0119 przed potem i nieprzyjemnym zapachem.<\/h2>\n<p data-sourcepos=\"3:1-3:18\">Zawiera 40% stabilizowanego mi\u0105\u017cszu aloesowego, kt\u00f3ry \u0142agodzi i piel\u0119gnuje sk\u00f3r\u0119. Dezodorant nie zawiera aluminium, chloru i paraben\u00f3w. Jest \u0142agodny dla sk\u00f3ry i nie powoduje podra\u017cnie\u0144. Nadaje si\u0119 tak\u017ce do sk\u00f3ry wra\u017cliwej i po depilacji.<\/p>\n","protected":false},"featured_media":9674,"comment_status":"closed","ping_status":"closed","template":"","meta":[],"product_brand":[],"product_cat":[82],"product_tag":[],"class_list":{"0":"post-1479","1":"product","2":"type-product","3":"status-publish","4":"has-post-thumbnail","6":"product_cat-kosmetyki-naturalne","8":"first","9":"instock","10":"taxable","11":"shipping-taxable","12":"purchasable","13":"product-type-simple"},"_links":{"self":[{"href":"https:\/\/ziolazycia.com\/nowa\/wp-json\/wp\/v2\/product\/1479","targetHints":{"allow":["GET"]}}],"collection":[{"href":"https:\/\/ziolazycia.com\/nowa\/wp-json\/wp\/v2\/product"}],"about":[{"href":"https:\/\/ziolazycia.com\/nowa\/wp-json\/wp\/v2\/types\/product"}],"replies":[{"embeddable":true,"href":"https:\/\/ziolazycia.com\/nowa\/wp-json\/wp\/v2\/comments?post=1479"}],"wp:featuredmedia":[{"embeddable":true,"href":"https:\/\/ziolazycia.com\/nowa\/wp-json\/wp\/v2\/media\/9674"}],"wp:attachment":[{"href":"https:\/\/ziolazycia.com\/nowa\/wp-json\/wp\/v2\/media?parent=1479"}],"wp:term":[{"taxonomy":"product_brand","embeddable":true,"href":"https:\/\/ziolazycia.com\/nowa\/wp-json\/wp\/v2\/product_brand?post=1479"},{"taxonomy":"product_cat","embeddable":true,"href":"https:\/\/ziolazycia.com\/nowa\/wp-json\/wp\/v2\/product_cat?post=1479"},{"taxonomy":"product_tag","embeddable":true,"href":"https:\/\/ziolazycia.com\/nowa\/wp-json\/wp\/v2\/product_tag?post=1479"}],"curies":[{"name":"wp","href":"https:\/\/api.w.org\/{rel}","templated":true}]}}