{"id":1467,"date":"2023-12-01T08:14:50","date_gmt":"2023-12-01T07:14:50","guid":{"rendered":"https:\/\/ziolazycia.com\/nowa\/?post_type=product&#038;p=1467"},"modified":"2025-11-26T15:58:52","modified_gmt":"2025-11-26T14:58:52","slug":"triphala-tea-100g-everest-ayurveda","status":"publish","type":"product","link":"https:\/\/ziolazycia.com\/nowa\/product\/triphala-tea-100g-everest-ayurveda\/","title":{"rendered":"Triphala Tea (Detoksykacja uk\u0142adu trawiennego) 100g"},"content":{"rendered":"<div class=\"woocommerce-tabs wc-tabs-wrapper\">\n<div id=\"tab-description\" class=\"woocommerce-Tabs-panel woocommerce-Tabs-panel--description panel entry-content wc-tab\" role=\"tabpanel\" aria-labelledby=\"tab-title-description\">\n<p>Ajurwedyjska mieszanka zio\u0142owa w formie herbatki do zaparzania. Triphala Tea mo\u017ce korzystnie wp\u0142ywa\u0107 na \u0142agodzenie dyskomfortu przy chronicznych problemach trawiennych i jelitowych. Ponadto mo\u017ce przyczynia\u0107 si\u0119 do regeneracji podra\u017cnie\u0144 b\u0142ony \u015bluzowej \u017co\u0142\u0105dka. Mo\u017ce r\u00f3wnie\u017c \u0142agodzi\u0107 wzd\u0119cia, biegunki i nudno\u015bci oraz obni\u017ca\u0107 zakwaszenie \u017co\u0142\u0105dka. Przyjmuje si\u0119, ze mo\u017ce tak\u017ce wspomaga\u0107 przebieg proces\u00f3w trawiennych oraz wch\u0142anianie sk\u0142adnik\u00f3w od\u017cywczych,witamin i pierwiastk\u00f3w \u015bladowych.<\/p>\n<p>Mieszanki zio\u0142owe s\u0105 przygotowywane pod \u015bcis\u0142\u0105 kontrol\u0105 nepalskiego lekarza ajurwedyjskiego dr Ka Dev Jha, kt\u00f3ry uko\u0144czy\u0142 studia medycyny ajurwedyjskiej na Uniwersytecie Pa\u0144stwowym w Patne oraz wydzia\u0142 medycyny na Uniwersytecie Benarest. Herbatki posiadaj\u0105 \u015bwiadectwa i atesty do sprzeda\u017cy na terenie Unii Europejskiej.<\/p>\n<h2>Triphala Tea &#8211; spos\u00f3b u\u017cycia:<\/h2>\n<p>Zaleca si\u0119 spo\u017cywa\u0107 do 8 gram produktu dziennie. Jedn\u0105 \u0142y\u017ceczk\u0119 suszu ro\u015blinnego tj.: 2 g zale\u0107 ok. 200 ml wrz\u0105tku i gotowa\u0107 do 3 do 5 minut. Tak przygotowan\u0105 herbatk\u0119 spo\u017cywa\u0107 ciep\u0142\u0105 trzy razy dziennie, najlepiej przed jedzeniem. W razie potrzeby mo\u017cna s\u0142odzi\u0107 miodem, jednak specyficzny smak zi\u00f3\u0142 jest jednym z element\u00f3w terapeutycznych, zgodnie z ajurwedyjsk\u0105 zasad\u0105 6 smak\u00f3w. Zalecana dawka to 2 -3 fili\u017canki dziennie.<\/p>\n<p>Ponadto zaleca si\u0119 stosowanie maksymalnie dw\u00f3ch rodzaj\u00f3w herbat jednocze\u015bnie, wi\u0119ksz\u0105 ilo\u015b\u0107 mo\u017cna stosowa\u0107 np. w re\u017cimie tygodniowym\u00a0 dla normalizacji bie\u017c\u0105cych objaw\u00f3w. Herbat nie nale\u017cy miesza\u0107, nale\u017cy pi\u0107 je zawsze oddzielnie, w odst\u0119pie przynajmniej godzinnym.<\/p>\n<p><strong>Sk\u0142adniki<\/strong>: Glycyrrhiza glabra (lukrecja g\u0142adka-korze\u0144), Terminalia chebula (migda\u0142ecznik chebu\u0142owiec-owoc), Terminalia bellirica (Bibhitaka-owoc); Emblica officinalis (li\u015bciokwiat garbnikowy-kwiat), Curcuma longa (kurkuma d\u0142uga-korze\u0144),\u00a0 \u00a0Cymbogon citratus (palczatka cytrynowa \u2013li\u015b\u0107), Withania somnifera (\u015bpioszyn lekarski-korze\u0144), Tinospora cordifolia (Guduchi-trzon).<\/p>\n<p><strong>Waga<\/strong>: 100 g<\/p>\n<p>Nie przekracza\u0107 zalecanej porcji do spo\u017cycia w ci\u0105gu dnia. Produkt nie mo\u017ce by\u0107 stosowany jako substytut zr\u00f3\u017cnicowanej diety. Wa\u017cne jest stosowanie zr\u00f3\u017cnicowanej i zbilansowanej diety oraz prowadzenie zdrowego trybu \u017cycia. Nie jest przeznaczony dla dzieci, kobiet w ci\u0105\u017cy i karmi\u0105cych.<\/p>\n<p>Przechowywa\u0107 w suchym miejscu, w temperaturze do 25 \u00b0C.<\/p>\n<p><strong>\u015arodki ostro\u017cno\u015bci:\u00a0<\/strong> <strong>Ze wzgl\u0119du na zawarto\u015b\u0107 lukrecji &#8211; osoby z nadci\u015bnieniem powinny unika\u0107 nadmiernego spo\u017cycia.<\/strong><\/p>\n<p><strong>Kraj pochodzenia<\/strong>: Nepal<\/p>\n<p><strong>Producent: <\/strong>Everest Ayurveda<\/p>\n<p>&nbsp;<\/p>\n<\/div>\n<\/div>\n","protected":false},"excerpt":{"rendered":"<div class=\"woocommerce-tabs wc-tabs-wrapper\">\n<div id=\"tab-description\" class=\"woocommerce-Tabs-panel woocommerce-Tabs-panel--description panel entry-content wc-tab\" role=\"tabpanel\" aria-labelledby=\"tab-title-description\"><strong>Suplement diety w postaci suszu ro\u015blinnego<\/strong><\/div>\n<div role=\"tabpanel\" aria-labelledby=\"tab-title-description\"><\/div>\n<h2 class=\"woocommerce-Tabs-panel woocommerce-Tabs-panel--description panel entry-content wc-tab\" role=\"tabpanel\" aria-labelledby=\"tab-title-description\">Wsparcie detoksykacji uk\u0142adu trawiennego<\/h2>\n<div role=\"tabpanel\" aria-labelledby=\"tab-title-description\"><\/div>\n<\/div>\n<section class=\"related-wrapper\">\n<p class=\"related products\"><strong>Triphala Tea<\/strong> zawiera najbardziej skuteczn\u0105 ajurwedyjsk\u0105 i znan\u0105 od wiek\u00f3w kombinacje zio\u0142ow\u0105. W sk\u0142ad mieszanki wchodz\u0105 m.in.: Amla (Emblica Officinalis), Bibhitaki (Terminalia Bellirica), Haritaki (Terminalia Chebula).<\/p>\n<\/section>\n","protected":false},"featured_media":9668,"comment_status":"closed","ping_status":"closed","template":"","meta":[],"product_brand":[],"product_cat":[79],"product_tag":[],"class_list":{"0":"post-1467","1":"product","2":"type-product","3":"status-publish","4":"has-post-thumbnail","6":"product_cat-ziola-i-herbatki-ziolowe","8":"first","9":"instock","10":"sale","11":"taxable","12":"shipping-taxable","13":"purchasable","14":"product-type-simple"},"_links":{"self":[{"href":"https:\/\/ziolazycia.com\/nowa\/wp-json\/wp\/v2\/product\/1467","targetHints":{"allow":["GET"]}}],"collection":[{"href":"https:\/\/ziolazycia.com\/nowa\/wp-json\/wp\/v2\/product"}],"about":[{"href":"https:\/\/ziolazycia.com\/nowa\/wp-json\/wp\/v2\/types\/product"}],"replies":[{"embeddable":true,"href":"https:\/\/ziolazycia.com\/nowa\/wp-json\/wp\/v2\/comments?post=1467"}],"wp:featuredmedia":[{"embeddable":true,"href":"https:\/\/ziolazycia.com\/nowa\/wp-json\/wp\/v2\/media\/9668"}],"wp:attachment":[{"href":"https:\/\/ziolazycia.com\/nowa\/wp-json\/wp\/v2\/media?parent=1467"}],"wp:term":[{"taxonomy":"product_brand","embeddable":true,"href":"https:\/\/ziolazycia.com\/nowa\/wp-json\/wp\/v2\/product_brand?post=1467"},{"taxonomy":"product_cat","embeddable":true,"href":"https:\/\/ziolazycia.com\/nowa\/wp-json\/wp\/v2\/product_cat?post=1467"},{"taxonomy":"product_tag","embeddable":true,"href":"https:\/\/ziolazycia.com\/nowa\/wp-json\/wp\/v2\/product_tag?post=1467"}],"curies":[{"name":"wp","href":"https:\/\/api.w.org\/{rel}","templated":true}]}}