{"id":1455,"date":"2023-12-01T08:10:12","date_gmt":"2023-12-01T07:10:12","guid":{"rendered":"https:\/\/ziolazycia.com\/nowa\/?post_type=product&#038;p=1455"},"modified":"2025-11-26T15:58:51","modified_gmt":"2025-11-26T14:58:51","slug":"shalari-tea-100g-everest-ayurveda","status":"publish","type":"product","link":"https:\/\/ziolazycia.com\/nowa\/product\/shalari-tea-100g-everest-ayurveda\/","title":{"rendered":"Shalari Tea (Dna i obrz\u0119k staw\u00f3w) 100g"},"content":{"rendered":"<p>Mieszanki zio\u0142owe s\u0105 przygotowywane pod \u015bcis\u0142\u0105 kontrol\u0105 nepalskiego lekarza ajurwedyjskiego dr Ka Dev Jha, kt\u00f3ry uko\u0144czy\u0142 studia medycyny ajurwedyjskiej na Uniwersytecie Pa\u0144stwowym w Patne oraz wydzia\u0142 medycyny na Uniwersytecie Benarest. Herbatki posiadaj\u0105 \u015bwiadectwa i atesty do sprzeda\u017cy na terenie Unii Europejskiej.<\/p>\n<h2>Ajurwedyjska herbatka zio\u0142owa Shalari &#8211; spos\u00f3b u\u017cycia:<\/h2>\n<p>Zaleca si\u0119 spo\u017cywa\u0107 do 6 gram produktu dziennie. Jedn\u0105 \u0142y\u017ceczk\u0119 suszu ro\u015blinnego tj.: 2 g zale\u0107 ok. 200 ml wrz\u0105tku i gotowa\u0107 do 3 do 5 minut. Tak przygotowan\u0105 herbatk\u0119 spo\u017cywa\u0107 ciep\u0142\u0105 trzy razy dziennie, najlepiej przed jedzeniem. W razie potrzeby mo\u017cna s\u0142odzi\u0107 miodem, jednak specyficzny smak zi\u00f3\u0142 jest jednym z element\u00f3w terapeutycznych.<\/p>\n<p><strong>Zalecana dawka<\/strong>: 2 -3 fili\u017canki dziennie (do 6 g mieszanki zio\u0142owej).<\/p>\n<p>Zaleca si\u0119 stosowanie maksymalnie dw\u00f3ch rodzaj\u00f3w herbat jednocze\u015bnie, wi\u0119ksz\u0105 ilo\u015b\u0107 mo\u017cna stosowa\u0107 np. w re\u017cimie tygodniowym\u00a0 dla normalizacji bie\u017c\u0105cych objaw\u00f3w. Herbat nie nale\u017cy miesza\u0107, nale\u017cy pi\u0107 je zawsze oddzielnie, w odst\u0119pie przynajmniej godzinnym.<\/p>\n<p><strong>Sk\u0142ad herbaty:<\/strong>\u00a0Sk\u0142adniki:\u00a0Tinospora cordifolia (Guduchi-trzon), Terminalia chebula (migda\u0142ecznik chebu\u0142owiec-owoc), Tribulus terrestris (buzdyganek naziemny), Apium graveolens (seler zwyczajny-korze\u0144),\u00a0 Coriandrum sativum (kolendra siewna-owoc), Zingiber officinale (imbir lekarski-k\u0142\u0105cze), Cuminum cyminum (kmin rzymski-owoc), Pinus sylvestris (sosna zwyczajna-owoc).<\/p>\n<p><strong>Waga<\/strong>: 100 g suszu ro\u015blinnego<\/p>\n<p>Nie przekracza\u0107 zalecanej porcji do spo\u017cycia w ci\u0105gu dnia. Produkt nie mo\u017ce by\u0107 stosowany jako substytut zr\u00f3\u017cnicowanej diety. Wa\u017cne jest stosowanie zr\u00f3\u017cnicowanej i zbilansowanej diety oraz prowadzenie zdrowego trybu \u017cycia.<\/p>\n<p>Nie jest przeznaczony dla dzieci poni\u017cej 3 roku \u017cycia, kobiet w ci\u0105\u017cy i karmi\u0105cych.<\/p>\n<p><strong>Przechowywanie:<\/strong> Przechowywa\u0107 w suchym miejscu, w temperaturze do 25 \u00b0C w szczelnie zamkni\u0119tych opakowaniach oraz w miejscu niedost\u0119pnym dla ma\u0142ych dzieci<\/p>\n<p><strong>Kraj pochodzenia<\/strong>: Nepal<\/p>\n<p><strong>Producent<\/strong>: Everest Ayurveda s.r.o<\/p>\n<div id=\"tab-description\" class=\"woocommerce-Tabs-panel woocommerce-Tabs-panel--description panel entry-content wc-tab\" role=\"tabpanel\" aria-labelledby=\"tab-title-description\">\n<p>&nbsp;<\/p>\n<\/div>\n","protected":false},"excerpt":{"rendered":"<p><strong>Suplement diety w postaci suszu ro\u015blinnego<\/strong><\/p>\n<h2>Wsparcie dla staw\u00f3w i uk\u0142adu moczowego<\/h2>\n<p>Ajurwedyjska mieszanka zio\u0142owa w formie herbatki do zaparzania <strong>Shalari Tea<\/strong> mo\u017ce wspomaga\u0107 czynno\u015bci uk\u0142adu ruchowego i staw\u00f3w dzia\u0142aj\u0105c przeciwb\u00f3lowo i przeciwzapalnie. Pomocna mo\u017ce by\u0107 tak\u017ce w utrzymaniu optymalnego dzia\u0142ania uk\u0142adu moczowego, w tym dr\u00f3g moczowych. Mo\u017ce korzystnie wp\u0142ywa\u0107 na metabolizm moczu pomagaj\u0105c regulowa\u0107 mocz i normalizuj\u0105c poziom kwasu moczowego.<\/p>\n","protected":false},"featured_media":9659,"comment_status":"closed","ping_status":"closed","template":"","meta":[],"product_brand":[],"product_cat":[79],"product_tag":[],"class_list":{"0":"post-1455","1":"product","2":"type-product","3":"status-publish","4":"has-post-thumbnail","6":"product_cat-ziola-i-herbatki-ziolowe","8":"first","9":"instock","10":"sale","11":"taxable","12":"shipping-taxable","13":"purchasable","14":"product-type-simple"},"_links":{"self":[{"href":"https:\/\/ziolazycia.com\/nowa\/wp-json\/wp\/v2\/product\/1455","targetHints":{"allow":["GET"]}}],"collection":[{"href":"https:\/\/ziolazycia.com\/nowa\/wp-json\/wp\/v2\/product"}],"about":[{"href":"https:\/\/ziolazycia.com\/nowa\/wp-json\/wp\/v2\/types\/product"}],"replies":[{"embeddable":true,"href":"https:\/\/ziolazycia.com\/nowa\/wp-json\/wp\/v2\/comments?post=1455"}],"wp:featuredmedia":[{"embeddable":true,"href":"https:\/\/ziolazycia.com\/nowa\/wp-json\/wp\/v2\/media\/9659"}],"wp:attachment":[{"href":"https:\/\/ziolazycia.com\/nowa\/wp-json\/wp\/v2\/media?parent=1455"}],"wp:term":[{"taxonomy":"product_brand","embeddable":true,"href":"https:\/\/ziolazycia.com\/nowa\/wp-json\/wp\/v2\/product_brand?post=1455"},{"taxonomy":"product_cat","embeddable":true,"href":"https:\/\/ziolazycia.com\/nowa\/wp-json\/wp\/v2\/product_cat?post=1455"},{"taxonomy":"product_tag","embeddable":true,"href":"https:\/\/ziolazycia.com\/nowa\/wp-json\/wp\/v2\/product_tag?post=1455"}],"curies":[{"name":"wp","href":"https:\/\/api.w.org\/{rel}","templated":true}]}}