{"id":1443,"date":"2023-12-01T08:06:00","date_gmt":"2023-12-01T07:06:00","guid":{"rendered":"https:\/\/ziolazycia.com\/nowa\/?post_type=product&#038;p=1443"},"modified":"2025-11-26T15:58:50","modified_gmt":"2025-11-26T14:58:50","slug":"pitta-tea-100g-everest-ayurveda","status":"publish","type":"product","link":"https:\/\/ziolazycia.com\/nowa\/product\/pitta-tea-100g-everest-ayurveda\/","title":{"rendered":"Pitta Tea (Spok\u00f3j i r\u00f3wnowaga) 100g"},"content":{"rendered":"<div id=\"tab-description\" class=\"woocommerce-Tabs-panel woocommerce-Tabs-panel--description panel entry-content wc-tab\" role=\"tabpanel\" aria-labelledby=\"tab-title-description\">\n<p>Ajurwedyjskie mieszanki zio\u0142owe s\u0105 przygotowywane pod \u015bcis\u0142\u0105 kontrol\u0105 nepalskiego lekarza ajurwedyjskiego dr Ka Dev Jha, kt\u00f3ry uko\u0144czy\u0142 studia medycyny ajurwedyjskiej na Uniwersytecie Pa\u0144stwowym w Patne oraz wydzia\u0142 medycyny na Uniwersytecie Benarest. Herbatki posiadaj\u0105 \u015bwiadectwa i atesty do sprzeda\u017cy na terenie Unii Europejskiej.<\/p>\n<h2 data-sourcepos=\"49:1-49:37\"><strong>Korzy\u015bci ze stosowania Pitta Tea:<\/strong><\/h2>\n<ul data-sourcepos=\"51:1-56:0\">\n<li data-sourcepos=\"51:1-51:27\">Zr\u00f3wnowa\u017cenie doszy Pitta<\/li>\n<li data-sourcepos=\"52:1-52:27\">Uczucie spokoju i och\u0142ody, zmniejszenie pocenia si\u0119<\/li>\n<li data-sourcepos=\"53:1-53:19\">Poprawa trawienia i wydalania<\/li>\n<li data-sourcepos=\"54:1-54:23\">Wzmocnienie organizmu<\/li>\n<li data-sourcepos=\"55:1-56:0\">Dzia\u0142anie antyoksydacyjne<\/li>\n<li data-sourcepos=\"55:1-56:0\">Z\u0142agodzenie objaw\u00f3w stresu, rozdra\u017cnienia i wybuch\u00f3w gniewu.<\/li>\n<\/ul>\n<h2 data-sourcepos=\"7:1-7:14\"><strong>Sk\u0142adniki herbatki Pitta Tea:<br \/>\n<\/strong><\/h2>\n<ul data-sourcepos=\"9:1-16:0\">\n<li data-sourcepos=\"9:1-9:52\"><strong>Korze\u0144 lukrecji<\/strong> &#8211; dzia\u0142a tonizuj\u0105co i od\u017cywczo<\/li>\n<li data-sourcepos=\"10:1-10:84\"><strong>Koper w\u0142oski<\/strong> &#8211; reguluje trawienie, wych\u0142adza, relaksuje, zwalcza stany zapalne<\/li>\n<li data-sourcepos=\"11:1-11:64\"><strong>Li\u015bcie pokrzywy<\/strong> &#8211; dzia\u0142aj\u0105 detoksykuj\u0105co, wzmacniaj\u0105 nerki<\/li>\n<li data-sourcepos=\"12:1-12:52\"><strong>Mi\u0119ta<\/strong> &#8211; reguluje trawienie, dzia\u0142a rozkurczowo<\/li>\n<li data-sourcepos=\"13:1-13:54\"><strong>Olejek pomara\u0144czowy<\/strong> &#8211; od\u015bwie\u017ca, poprawia nastr\u00f3j<\/li>\n<li data-sourcepos=\"14:1-14:38\"><strong>Kolendra<\/strong> &#8211; \u0142agodzi stany zapalne<\/li>\n<li data-sourcepos=\"15:1-16:0\"><strong>Lawenda<\/strong> &#8211; uspokaja, wp\u0142ywa pozytywnie na sk\u00f3ry<\/li>\n<\/ul>\n<p>Herbatka Pitta Tea jest organiczna, wega\u0144ska, r\u0119cznie robiona.<br \/>\nZawiera du\u017c\u0105 ilo\u015b\u0107 polifenoli.<\/p>\n<p><strong>Sk\u0142ad:<\/strong> Coriandrum sativum, Foeniculum vulgare, Cuminum cyminum, Emblica officinalis, Tinospora cordifolia, Boerhaavia Diffusa, Centella asiatica, Glycyrrhiza glabra, Cymbopogon citratus. Asparagus racemosus, Rubia cordifolia, Mentha Arvensis.<\/p>\n<p data-sourcepos=\"17:1-17:9\"><strong>Smak: <\/strong>Herbatka Pitta Tea ma mi\u0119towo-owocowy smak, lekko s\u0142odki i orze\u017awiaj\u0105cy.<\/p>\n<h2>Herbatka zio\u0142owa Pitta Tea &#8211; spos\u00f3b u\u017cycia:<\/h2>\n<p>Zaleca si\u0119 spo\u017cywa\u0107 do 6 gram produktu dziennie. Jedn\u0105 \u0142y\u017ceczk\u0119 suszu ro\u015blinnego tj.: 2 g zale\u0107 ok. 200 ml wrz\u0105tku i gotowa\u0107 do 3 do 5 minut. Tak przygotowan\u0105 herbatk\u0119 spo\u017cywa\u0107 ciep\u0142\u0105 trzy razy dziennie, najlepiej przed jedzeniem. W razie potrzeby mo\u017cna s\u0142odzi\u0107 miodem, jednak specyficzny smak zi\u00f3\u0142 jest jednym z element\u00f3w terapeutycznych.<\/p>\n<p><strong>Zalecana dawka<\/strong>: 2 -3 fili\u017canki dziennie (do 6 g mieszanki zio\u0142owej).<\/p>\n<p>Zaleca si\u0119 stosowanie maksymalnie dw\u00f3ch rodzaj\u00f3w herbat jednocze\u015bnie, wi\u0119ksz\u0105 ilo\u015b\u0107 mo\u017cna stosowa\u0107 np. w re\u017cimie tygodniowym\u00a0 dla normalizacji bie\u017c\u0105cych objaw\u00f3w. Herbat nie nale\u017cy miesza\u0107, nale\u017cy pi\u0107 je zawsze oddzielnie, w odst\u0119pie przynajmniej godzinnym.<\/p>\n<p data-sourcepos=\"35:1-35:25\"><strong>Dodatkowe informacje:<\/strong><\/p>\n<p>Osoby nale\u017c\u0105ce do doszy Pitta:<\/p>\n<ul>\n<li>Nie lubi\u0105 zbytnio lata i wysokich temperatur<\/li>\n<\/ul>\n<p>&nbsp;<\/p>\n<ul>\n<li>Szybko si\u0119 poc\u0105<\/li>\n<li>Mog\u0105 mie\u0107 t\u0142ust\u0105, zaczerwienion\u0105 i piegowat\u0105 sk\u00f3r\u0119<\/li>\n<\/ul>\n<ul>\n<li>S\u0105 racjonalni, pragmatyczni i lubi\u0105 wsp\u00f3\u0142zawodniczy\u0107<\/li>\n<\/ul>\n<ul>\n<li>Charakteryzuj\u0105 si\u0119 bystrym rozumowaniem, przenikliwym my\u015bleniem i siln\u0105 wol\u0105<\/li>\n<\/ul>\n<ul>\n<li>Posiadaj\u0105 cechy w\u0142adcze, z przyjemno\u015bci\u0105 dyskutuj\u0105 i zwracaj\u0105 na siebie uwag\u0119<\/li>\n<\/ul>\n<ul>\n<li>Pod wp\u0142ywem stresu bywaj\u0105 porywczy, rozdra\u017cnieni i niecierpliwi<\/li>\n<\/ul>\n<ul>\n<li>S\u0105 dobrymi m\u00f3wcami i odpowiedzialnymi organizatorami<\/li>\n<li>Potrafi\u0105 si\u0119 szybko zdenerwowa\u0107 i nieprzyjemnie krytykowa\u0107<\/li>\n<\/ul>\n<p>W przywr\u00f3ceniu r\u00f3wnowagi pomaga im: ch\u0142odniejsze jedzenie i napoje, po\u0142\u0105czenie aktywno\u015bci z odpoczynkiem, dostateczna ilo\u015b\u0107 p\u0142yn\u00f3w. Typ Pitta powinien u\u017cywa\u0107 olejk\u00f3w i krem\u00f3w chroni\u0105cych sk\u00f3r\u0119, wystrzega\u0107 si\u0119 ostrego s\u0142o\u0144ca i wysokich temperatur, palenia papieros\u00f3w, u\u017cywania narkotyk\u00f3w i alkoholu. Powinien ograniczy\u0107 ci\u0119\u017ckostrawne, t\u0142uste, s\u0142one i mocno przyprawione posi\u0142ki. Powinien spo\u017cywa\u0107 mniejsze porcje po\u017cywienia kilka razy dziennie i nie przejada\u0107 si\u0119.<\/p>\n<p><em><strong>Waga<\/strong>: <\/em>100 g suszu ro\u015blinnego<em><br \/>\n<\/em><\/p>\n<p>Nie przekracza\u0107 zalecanej porcji do spo\u017cycia w ci\u0105gu dnia. Produkt nie mo\u017ce by\u0107 stosowany jako substytut zr\u00f3\u017cnicowanej diety. Wa\u017cne jest stosowanie zr\u00f3\u017cnicowanej i zbilansowanej diety oraz prowadzenie zdrowego trybu \u017cycia.<\/p>\n<p>Nie jest przeznaczony dla dzieci poni\u017cej 3 roku \u017cycia, kobiet w ci\u0105\u017cy i karmi\u0105cych.<\/p>\n<p><strong>Przechowywanie:<\/strong> Przechowywa\u0107 w suchym miejscu, w temperaturze do 25 \u00b0C w szczelnie zamkni\u0119tych opakowaniach praz w miejscu niedost\u0119pnym dla ma\u0142ych dzieci<\/p>\n<p><strong>Kraj pochodzenia<\/strong>: Nepal<\/p>\n<p><strong>Producent<\/strong>: Everest Ayurveda s.r.o<\/p>\n<p>&nbsp;<\/p>\n<\/div>\n","protected":false},"excerpt":{"rendered":"<p><strong>Suplement diety w postaci suszu ro\u015blinnego do zaparzania<\/strong><br \/>\nHerbatka Pitta Tea to ajurwedyjska mieszanka zi\u00f3\u0142 i olejk\u00f3w stworzona w celu zr\u00f3wnowa\u017cenia doszy Pitta. Wed\u0142ug filozofii ajurwedy, Pitta odpowiada za ogie\u0144 i trawienie. Nadmiar Pitty mo\u017ce prowadzi\u0107 do uczucia gor\u0105ca, zbytniej pobudliwo\u015bci, problem\u00f3w trawiennych i problem\u00f3w ze sk\u00f3r\u0105. A herbatka Pitta Tea pomaga och\u0142odzi\u0107 organizm, uspokoi\u0107 umys\u0142 oraz wspom\u00f3c trawienie i metabolizm.<\/p>\n","protected":false},"featured_media":9651,"comment_status":"closed","ping_status":"closed","template":"","meta":[],"product_brand":[],"product_cat":[79],"product_tag":[],"class_list":{"0":"post-1443","1":"product","2":"type-product","3":"status-publish","4":"has-post-thumbnail","6":"product_cat-ziola-i-herbatki-ziolowe","8":"first","9":"instock","10":"sale","11":"taxable","12":"shipping-taxable","13":"purchasable","14":"product-type-simple"},"_links":{"self":[{"href":"https:\/\/ziolazycia.com\/nowa\/wp-json\/wp\/v2\/product\/1443","targetHints":{"allow":["GET"]}}],"collection":[{"href":"https:\/\/ziolazycia.com\/nowa\/wp-json\/wp\/v2\/product"}],"about":[{"href":"https:\/\/ziolazycia.com\/nowa\/wp-json\/wp\/v2\/types\/product"}],"replies":[{"embeddable":true,"href":"https:\/\/ziolazycia.com\/nowa\/wp-json\/wp\/v2\/comments?post=1443"}],"wp:featuredmedia":[{"embeddable":true,"href":"https:\/\/ziolazycia.com\/nowa\/wp-json\/wp\/v2\/media\/9651"}],"wp:attachment":[{"href":"https:\/\/ziolazycia.com\/nowa\/wp-json\/wp\/v2\/media?parent=1443"}],"wp:term":[{"taxonomy":"product_brand","embeddable":true,"href":"https:\/\/ziolazycia.com\/nowa\/wp-json\/wp\/v2\/product_brand?post=1443"},{"taxonomy":"product_cat","embeddable":true,"href":"https:\/\/ziolazycia.com\/nowa\/wp-json\/wp\/v2\/product_cat?post=1443"},{"taxonomy":"product_tag","embeddable":true,"href":"https:\/\/ziolazycia.com\/nowa\/wp-json\/wp\/v2\/product_tag?post=1443"}],"curies":[{"name":"wp","href":"https:\/\/api.w.org\/{rel}","templated":true}]}}