{"id":1438,"date":"2023-12-01T08:04:07","date_gmt":"2023-12-01T07:04:07","guid":{"rendered":"https:\/\/ziolazycia.com\/nowa\/?post_type=product&#038;p=1438"},"modified":"2025-11-26T15:58:50","modified_gmt":"2025-11-26T14:58:50","slug":"maricha-tea-100g-everest-ayurveda","status":"publish","type":"product","link":"https:\/\/ziolazycia.com\/nowa\/product\/maricha-tea-100g-everest-ayurveda\/","title":{"rendered":"Maricha Tea (Niskie ci\u015bnienie krwi) 100g"},"content":{"rendered":"<div id=\"tab-description\" class=\"woocommerce-Tabs-panel woocommerce-Tabs-panel--description panel entry-content wc-tab\" role=\"tabpanel\" aria-labelledby=\"tab-title-description\">\n<p>Ajurwedyjska mieszanka zio\u0142owa w formie herbatki do zaparzania zwana tak\u017ce himalajsk\u0105 kaw\u0105. Maricha dzi\u0119ki swoim sk\u0142adnikom mo\u017ce pobudza\u0107 organizm, dodaj\u0105c energii i witalno\u015bci. Mo\u017ce mie\u0107 pozytywny wp\u0142yw na uk\u0142ad nerwowy i uk\u0142ad sercowo-naczyniowy.<\/p>\n<h2>Sk\u0142adniki zawarte w suplemencie diety Maricha Tea:<\/h2>\n<p><strong>Nardostachys jatamansi<\/strong> pomaga w utrzymaniu prawid\u0142owych parametr\u00f3w ci\u015bnienia krwi.<\/p>\n<p><strong>Ocimum sanctum<\/strong> czyli \u015awi\u0119ta Bazylia b\u0105d\u017a Tulsi dzi\u0119ki swoim w\u0142a\u015bciwo\u015bciom\u00a0 wspomaga prac\u0119 serca oraz ma pozytywny wp\u0142yw na witalno\u015b\u0107 organizmu.<\/p>\n<p><strong>Zingiber officinale<\/strong> czyli Imbir ma zdolno\u015bci pobudz\u0105ce organizm w stanach zm\u0119czenia i os\u0142abienia.<\/p>\n<p><strong>Cinnamomum zeylanicum<\/strong> czyli <strong>Cynamonowic Cejlo\u0144ski<\/strong> pobudza do dzia\u0142ania uk\u0142ad trawienny<\/p>\n<p><strong>Withania somnifera<\/strong> czyli <strong>Ashwagandha pomaga<\/strong> w utrzymaniu r\u00f3wnowagi psychicznej w stanach napi\u0119cia nerwowego .<\/p>\n<p>Mieszanki zio\u0142owe s\u0105 przygotowywane pod \u015bcis\u0142\u0105 kontrol\u0105 nepalskiego lekarza ajurwedyjskiego dr Ka Dev Jha, kt\u00f3ry uko\u0144czy\u0142 studia medycyny ajurwedyjskiej na Uniwersytecie Pa\u0144stwowym w Patne oraz wydzia\u0142 medycyny na Uniwersytecie Benarest. Herbatki posiadaj\u0105 \u015bwiadectwa i atesty do sprzeda\u017cy na terenie Unii Europejskiej.<\/p>\n<h2><strong>Maricha Tea 100g<\/strong><strong> \u2013 spos\u00f3b u\u017cycia:<\/strong><\/h2>\n<p>Zaleca si\u0119 spo\u017cywa\u0107 6 gram produktu dziennie. Jedn\u0105 \u0142y\u017ceczk\u0119 suszu ro\u015blinnego tj.: 2 g zale\u0107 ok. 200 ml wrz\u0105tku i gotowa\u0107 do 3 minut. Tak przygotowan\u0105 herbatk\u0119 spo\u017cywa\u0107 ciep\u0142\u0105 lub gor\u0105c\u0105 trzy razy dziennie, najlepiej przed jedzeniem. W razie potrzeby mo\u017cna s\u0142odzi\u0107 miodem, jednak specyficzny smak zi\u00f3\u0142 jest jednym z element\u00f3w terapeutycznych, zgodnie z ajurwedyjsk\u0105 zasad\u0105 6 smak\u00f3w. Zalecana dawka to 2 -3 fili\u017canki dziennie.<\/p>\n<p>Ponadto zaleca si\u0119 stosowanie maksymalnie dw\u00f3ch rodzaj\u00f3w herbat jednocze\u015bnie. Wi\u0119ksz\u0105 ilo\u015b\u0107 mo\u017cna stosowa\u0107 np. w re\u017cimie tygodniowym, dla normalizacji bie\u017c\u0105cych objaw\u00f3w. Herbat nie nale\u017cy miesza\u0107. Nale\u017cy pi\u0107 je zawsze oddzielnie, w odst\u0119pie przynajmniej godzinnym.<\/p>\n<p><strong>Sk\u0142adniki:<\/strong> nardostachys jatamansi, ocimum sanctum, zingiber officinale, cinnamomum zeylanicum, withania somnifera, curcuma longa, tinospora cordifolia, piper nigrum, elettaria cardamomum<\/p>\n<p><strong>Waga:<\/strong>\u00a0100 g<\/p>\n<p>Nie przekracza\u0107 zalecanej porcji do spo\u017cycia w ci\u0105gu dnia. Produkt nie mo\u017ce by\u0107 stosowany jako substytut zr\u00f3\u017cnicowanej diety. Wa\u017cne jest stosowanie zr\u00f3\u017cnicowanej i zbilansowanej diety oraz prowadzenie zdrowego trybu \u017cycia. Nie jest przeznaczony dla dzieci, kobiet w ci\u0105\u017cy i karmi\u0105cych.<\/p>\n<p><strong>Przechowywanie<\/strong>: Przechowywa\u0107 w suchym miejscu, w temperaturze do 25 \u00b0 C.<\/p>\n<p><strong>Kraj pochodzenia<\/strong>: Nepal<\/p>\n<p><strong>Producent:<\/strong>\u00a0Everest Ayurveda s.r.o.<\/p>\n<p>&nbsp;<\/p>\n<p>&nbsp;<\/p>\n<\/div>\n","protected":false},"excerpt":{"rendered":"<p><strong>Suplement diety w postaci suszu ro\u015blinnego<\/strong><\/p>\n<h2>Wsparcie dla os\u00f3b maj\u0105cych problemy z niskim ci\u015bnieniem krwi.<\/h2>\n<p>&nbsp;<\/p>\n","protected":false},"featured_media":9647,"comment_status":"closed","ping_status":"closed","template":"","meta":[],"product_brand":[],"product_cat":[79],"product_tag":[],"class_list":{"0":"post-1438","1":"product","2":"type-product","3":"status-publish","4":"has-post-thumbnail","6":"product_cat-ziola-i-herbatki-ziolowe","8":"first","9":"instock","10":"sale","11":"taxable","12":"shipping-taxable","13":"purchasable","14":"product-type-simple"},"_links":{"self":[{"href":"https:\/\/ziolazycia.com\/nowa\/wp-json\/wp\/v2\/product\/1438","targetHints":{"allow":["GET"]}}],"collection":[{"href":"https:\/\/ziolazycia.com\/nowa\/wp-json\/wp\/v2\/product"}],"about":[{"href":"https:\/\/ziolazycia.com\/nowa\/wp-json\/wp\/v2\/types\/product"}],"replies":[{"embeddable":true,"href":"https:\/\/ziolazycia.com\/nowa\/wp-json\/wp\/v2\/comments?post=1438"}],"wp:featuredmedia":[{"embeddable":true,"href":"https:\/\/ziolazycia.com\/nowa\/wp-json\/wp\/v2\/media\/9647"}],"wp:attachment":[{"href":"https:\/\/ziolazycia.com\/nowa\/wp-json\/wp\/v2\/media?parent=1438"}],"wp:term":[{"taxonomy":"product_brand","embeddable":true,"href":"https:\/\/ziolazycia.com\/nowa\/wp-json\/wp\/v2\/product_brand?post=1438"},{"taxonomy":"product_cat","embeddable":true,"href":"https:\/\/ziolazycia.com\/nowa\/wp-json\/wp\/v2\/product_cat?post=1438"},{"taxonomy":"product_tag","embeddable":true,"href":"https:\/\/ziolazycia.com\/nowa\/wp-json\/wp\/v2\/product_tag?post=1438"}],"curies":[{"name":"wp","href":"https:\/\/api.w.org\/{rel}","templated":true}]}}