{"id":1433,"date":"2023-12-01T08:01:24","date_gmt":"2023-12-01T07:01:24","guid":{"rendered":"https:\/\/ziolazycia.com\/nowa\/?post_type=product&#038;p=1433"},"modified":"2025-11-26T15:58:50","modified_gmt":"2025-11-26T14:58:50","slug":"brahmi-tea-100g-everest-ayurveda","status":"publish","type":"product","link":"https:\/\/ziolazycia.com\/nowa\/product\/brahmi-tea-100g-everest-ayurveda\/","title":{"rendered":"Brahmi Tea (Pami\u0119\u0107 i czynno\u015b\u0107 m\u00f3zgu) 100g"},"content":{"rendered":"<div id=\"tab-description\" class=\"woocommerce-Tabs-panel woocommerce-Tabs-panel--description panel entry-content wc-tab\" role=\"tabpanel\" aria-labelledby=\"tab-title-description\">\n<h2>Sk\u0142adniki aktywne zawarte w Brahmi Tea<\/h2>\n<p><strong>Centella asiatica,<\/strong> kt\u00f3ra wykazuje w\u0142a\u015bciwo\u015bci stymuluj\u0105ce prac\u0119 m\u00f3zgu, poprawiaj\u0105c pami\u0119\u0107 i koncetracj\u0119.<\/p>\n<p><strong>Withania somnifera<\/strong> czyli <strong>Ashwagandha<\/strong> wykazuj\u0105ca zdolno\u015bci pobudzaj\u0105ce organizm, usuwaj\u0105ce zm\u0119czenie, zwi\u0119kszaj\u0105ce odporno\u015b\u0107 uk\u0142adu nerwowego na stres, pozwalaj\u0105c odzyska\u0107 i utrzyma\u0107 r\u00f3wnowag\u0119 psychiczn\u0105.<\/p>\n<p>Mo\u017ce by\u0107 pomocne przy problemach zwi\u0105zanych z zapaleniem \u017cy\u0142, tworzeniem si\u0119\u00a0 \u017cylak\u00f3w i owrzodze\u0144 podudzi. Ponadto mo\u017ce sprzyja\u0107 rozrzedzaniu krwi i chroni\u0107 przed jej krzepni\u0119ciem. Mo\u017ce wp\u0142ywa\u0107 na utrzymanie prawid\u0142owego poziomu cholesterolu i regulacj\u0119 ci\u015bnienia krwi. Mo\u017ce mie\u0107 korzystny wp\u0142yw przy problemach zwi\u0105zanych z zakrzepic\u0105, emboli\u0105, problemami z mi\u0119\u015bniem sercowym, uk\u0142adem naczyniowym, niedotleniem m\u00f3zgu.<\/p>\n<p>Mieszanki zio\u0142owe s\u0105 przygotowywane pod \u015bcis\u0142\u0105 kontrol\u0105 nepalskiego lekarza ajurwedyjskiego dr Ka Dev Jha, kt\u00f3ry uko\u0144czy\u0142 studia medycyny ajurwedyjskiej na Uniwersytecie Pa\u0144stwowym w Patne oraz wydzia\u0142 medycyny na Uniwersytecie Benarest. Herbatki posiadaj\u0105 \u015bwiadectwa i atesty do sprzeda\u017cy na terenie Unii Europejskiej.<\/p>\n<h2><strong>Brahmi Tea 100g \u2013 spos\u00f3b u\u017cycia:<\/strong><\/h2>\n<p>Zaleca si\u0119 spo\u017cywa\u0107 6 gram produktu dziennie. Jedn\u0105 \u0142y\u017ceczk\u0119 suszu ro\u015blinnego tj.: 2 g zale\u0107 ok. 200 ml wrz\u0105tku i gotowa\u0107 do 3 minut. Tak przygotowan\u0105 herbatk\u0119 spo\u017cywa\u0107 ciep\u0142\u0105 lub gor\u0105c\u0105 trzy razy dziennie, najlepiej przed jedzeniem. W razie potrzeby mo\u017cna s\u0142odzi\u0107 miodem, jednak specyficzny smak zi\u00f3\u0142 jest jednym z element\u00f3w terapeutycznych, zgodnie z ajurwedyjsk\u0105 zasad\u0105 6 smak\u00f3w. Zalecana dawka to 2 -3 fili\u017canki dziennie.<\/p>\n<p>Ponadto zaleca si\u0119 stosowanie maksymalnie dw\u00f3ch rodzaj\u00f3w herbat jednocze\u015bnie. Wi\u0119ksz\u0105 ilo\u015b\u0107 mo\u017cna stosowa\u0107 np. w re\u017cimie tygodniowym, dla normalizacji bie\u017c\u0105cych objaw\u00f3w. Herbat nie nale\u017cy miesza\u0107. Nale\u017cy pi\u0107 je zawsze oddzielnie, w odst\u0119pie przynajmniej godzinnym.<\/p>\n<p><strong>Sk\u0142ad<\/strong>: centella asiatica, valeriana officinalis, terminalia bellirica, terminalia arjuna, emblica officinalis, terminalia chebula, andrographis paniculata, punica granatum.<\/p>\n<p><strong>Waga:<\/strong>\u00a0100 g<\/p>\n<p>Nie przekracza\u0107 zalecanej porcji do spo\u017cycia w ci\u0105gu dnia. Produkt nie mo\u017ce by\u0107 stosowany jako substytut zr\u00f3\u017cnicowanej diety. Wa\u017cne jest stosowanie zr\u00f3\u017cnicowanej i zbilansowanej diety oraz prowadzenie zdrowego trybu \u017cycia. Nie jest przeznaczony dla dzieci, kobiet w ci\u0105\u017cy i karmi\u0105cych.<\/p>\n<p>Przechowywanie\u00a0 Przechowywa\u0107 w suchym miejscu, w temperaturze do 25 \u00b0 C.<\/p>\n<p><strong>Kraj pochodzenia<\/strong>: Nepal<\/p>\n<p><strong>Producent:<\/strong>\u00a0Everest Ayurveda s.r.o.<\/p>\n<\/div>\n","protected":false},"excerpt":{"rendered":"<p><strong>Suplement diety w postaci suszu ro\u015blinnego<\/strong><\/p>\n<h2>Wsparcie w problemach zwi\u0105zanych z pami\u0119ci\u0105\u00a0 i aktywno\u015bci\u0105 m\u00f3zgu.<\/h2>\n<p><strong>Brahmi<\/strong> to Ajurwedyjska mieszanka zio\u0142owa w formie herbatki do zaparzania,. Sk\u0142adniki suplementu diety w postaci suszu zio\u0142owego mog\u0105 stanowi\u0107 wsparcie przy likwidacji zm\u0119czenia spowodowanego d\u0142ugotrwa\u0142ym wysi\u0142kiem umys\u0142owym, poprawia\u0107 pami\u0119\u0107 i koncentracj\u0119.<\/p>\n","protected":false},"featured_media":9643,"comment_status":"closed","ping_status":"closed","template":"","meta":[],"product_brand":[],"product_cat":[79],"product_tag":[],"class_list":{"0":"post-1433","1":"product","2":"type-product","3":"status-publish","4":"has-post-thumbnail","6":"product_cat-ziola-i-herbatki-ziolowe","8":"first","9":"instock","10":"sale","11":"taxable","12":"shipping-taxable","13":"purchasable","14":"product-type-simple"},"_links":{"self":[{"href":"https:\/\/ziolazycia.com\/nowa\/wp-json\/wp\/v2\/product\/1433","targetHints":{"allow":["GET"]}}],"collection":[{"href":"https:\/\/ziolazycia.com\/nowa\/wp-json\/wp\/v2\/product"}],"about":[{"href":"https:\/\/ziolazycia.com\/nowa\/wp-json\/wp\/v2\/types\/product"}],"replies":[{"embeddable":true,"href":"https:\/\/ziolazycia.com\/nowa\/wp-json\/wp\/v2\/comments?post=1433"}],"wp:featuredmedia":[{"embeddable":true,"href":"https:\/\/ziolazycia.com\/nowa\/wp-json\/wp\/v2\/media\/9643"}],"wp:attachment":[{"href":"https:\/\/ziolazycia.com\/nowa\/wp-json\/wp\/v2\/media?parent=1433"}],"wp:term":[{"taxonomy":"product_brand","embeddable":true,"href":"https:\/\/ziolazycia.com\/nowa\/wp-json\/wp\/v2\/product_brand?post=1433"},{"taxonomy":"product_cat","embeddable":true,"href":"https:\/\/ziolazycia.com\/nowa\/wp-json\/wp\/v2\/product_cat?post=1433"},{"taxonomy":"product_tag","embeddable":true,"href":"https:\/\/ziolazycia.com\/nowa\/wp-json\/wp\/v2\/product_tag?post=1433"}],"curies":[{"name":"wp","href":"https:\/\/api.w.org\/{rel}","templated":true}]}}