{"id":1428,"date":"2023-12-01T07:57:59","date_gmt":"2023-12-01T06:57:59","guid":{"rendered":"https:\/\/ziolazycia.com\/nowa\/?post_type=product&#038;p=1428"},"modified":"2025-11-26T15:58:49","modified_gmt":"2025-11-26T14:58:49","slug":"bhrihgaraj-tea-100g-everest-ayurveda","status":"publish","type":"product","link":"https:\/\/ziolazycia.com\/nowa\/product\/bhrihgaraj-tea-100g-everest-ayurveda\/","title":{"rendered":"Bhrinhgaraj Tea (Wzrost w\u0142os\u00f3w) 100g"},"content":{"rendered":"<h2>Zawarte w suplemencie diety Bhringaraj sk\u0142adniki czynne to m.in.:<\/h2>\n<p><strong>Curcuma longa<\/strong> pomagaj\u0105ca utrzyma\u0107 optymalny stan sk\u00f3ry i w\u0142os\u00f3w, przyczyniaj\u0105ca si\u0119 do prawid\u0142owego funkcjonowania w\u0105troby.<\/p>\n<p><strong>Centella asiatica<\/strong> wspomagaj\u0105ca kr\u0105\u017cenie peryferyjne i przekrwienie sk\u00f3ry.<\/p>\n<p><strong>Terminalia bellirica<\/strong> korzystnie wp\u0142ywaj\u0105ca na prac\u0119 uk\u0142adu trawiennego, pobudzaj\u0105ca prac\u0119 w\u0105troby i uk\u0142adu odporno\u015bciowego.<\/p>\n<p style=\"background: white; margin: 0cm 0cm 12.0pt 0cm;\"><span style=\"font-family: 'Helvetica',sans-serif; color: #194a33;\">Mieszanki zio\u0142owe s\u0105 przygotowywane pod \u015bcis\u0142\u0105 kontrol\u0105 nepalskiego lekarza ajurwedyjskiego dr Ka Dev Jha, kt\u00f3ry uko\u0144czy\u0142 studia medycyny ajurwedyjskiej na Uniwersytecie Pa\u0144stwowym w Patne oraz wydzia\u0142 medycyny na Uniwersytecie Benarest. Herbatki posiadaj\u0105 \u015bwiadectwa i atesty do sprzeda\u017cy na terenie Unii Europejskiej.<\/span><\/p>\n<p><strong>Sk\u0142ad:<\/strong> Curcuma longa (kurkuma d\u0142uga &#8211; korze\u0144), Centella asiatica (w\u0105krotka azjatycka-li\u015b\u0107), Terminalia bellirica (Bibhitaka-owoc), Emblica officinalis (li\u015bciokwiat garbnikowy-owoc), Glycyrrhiza glabra (lukrecja g\u0142adka-korze\u0144).<\/p>\n<h2><strong>Bhringaraj Tea 100g<\/strong><strong> \u2013 spos\u00f3b u\u017cycia:<\/strong><\/h2>\n<p>Zaleca si\u0119 spo\u017cywa\u0107 6 gram produktu dziennie. Jedn\u0105 \u0142y\u017ceczk\u0119 suszu ro\u015blinnego tj.: 2 g zale\u0107 ok. 200 ml wrz\u0105tku i gotowa\u0107 do 3 minut. Tak przygotowan\u0105 herbatk\u0119 spo\u017cywa\u0107 ciep\u0142\u0105 lub gor\u0105c\u0105 trzy razy dziennie, najlepiej przed jedzeniem. W razie potrzeby mo\u017cna s\u0142odzi\u0107 miodem, jednak specyficzny smak zi\u00f3\u0142 jest jednym z element\u00f3w terapeutycznych, zgodnie z ajurwedyjsk\u0105 zasad\u0105 6 smak\u00f3w. Zalecana dawka to 2 -3 fili\u017canki dziennie.<\/p>\n<p>Ponadto zaleca si\u0119 stosowanie maksymalnie dw\u00f3ch rodzaj\u00f3w herbat jednocze\u015bnie. Wi\u0119ksz\u0105 ilo\u015b\u0107 mo\u017cna stosowa\u0107 np. w re\u017cimie tygodniowym, dla normalizacji bie\u017c\u0105cych objaw\u00f3w. Herbat nie nale\u017cy miesza\u0107. Nale\u017cy pi\u0107 je zawsze oddzielnie, w odst\u0119pie przynajmniej godzinnym.<\/p>\n<p>Nie przekracza\u0107 zalecanej porcji do spo\u017cycia w ci\u0105gu dnia. Produkt nie mo\u017ce by\u0107 stosowany jako substytut zr\u00f3\u017cnicowanej diety. Wa\u017cne jest stosowanie zr\u00f3\u017cnicowanej i zbilansowanej diety oraz prowadzenie zdrowego trybu \u017cycia. Nie jest przeznaczony dla dzieci, kobiet w ci\u0105\u017cy i karmi\u0105cych.<\/p>\n<p><strong>Waga:<\/strong>\u00a0100 g<\/p>\n<p><strong>Przechowywanie:<\/strong> w suchym miejscu, w temperaturze do 25 \u00b0 C.<\/p>\n<p><strong>Kraj pochodzenia<\/strong>: Nepal<\/p>\n<p><strong>Producent:<\/strong>\u00a0Everest Ayurveda s.r.o.<\/p>\n","protected":false},"excerpt":{"rendered":"<p><strong>Suplement diety w postaci suszu ro\u015blinnego<\/strong><\/p>\n<h2>Wsparcie dla wzrostu w\u0142os\u00f3w i ich kondycji.<\/h2>\n<p>Ajurwedyjska mieszanka zio\u0142owa w formie herbatki do zaparzania korzystnie wp\u0142ywaj\u0105ca na przyspieszenie wzrost w\u0142os\u00f3w, ich wygl\u0105d i wytrzyma\u0142o\u015b\u0107. Herbatka Bhringaraj mo\u017ce zapobiega\u0107 wcze\u015bniejszemu siwieniu i wypadaniu w\u0142os\u00f3w (\u0142ysieniu). Od\u017cywia bowiem cebulki w\u0142os\u00f3w i sk\u00f3r\u0119 g\u0142owy, zapobiegaj\u0105c jej wysuszeniu oraz powstawaniu \u0142upie\u017cu, a tak\u017ce przet\u0142uszczaniu si\u0119 w\u0142os\u00f3w.\u00a0 Mo\u017ce by\u0107 tak\u017ce pomocna przy problemach z \u0142uszczyc\u0105 i sw\u0119dzeniem sk\u00f3ry g\u0142owy. Wspomaga paznokcie i wp\u0142ywa na popraw\u0119 ich stanu.<\/p>\n","protected":false},"featured_media":9639,"comment_status":"closed","ping_status":"closed","template":"","meta":[],"product_brand":[],"product_cat":[79],"product_tag":[],"class_list":{"0":"post-1428","1":"product","2":"type-product","3":"status-publish","4":"has-post-thumbnail","6":"product_cat-ziola-i-herbatki-ziolowe","8":"first","9":"instock","10":"sale","11":"taxable","12":"shipping-taxable","13":"purchasable","14":"product-type-simple"},"_links":{"self":[{"href":"https:\/\/ziolazycia.com\/nowa\/wp-json\/wp\/v2\/product\/1428","targetHints":{"allow":["GET"]}}],"collection":[{"href":"https:\/\/ziolazycia.com\/nowa\/wp-json\/wp\/v2\/product"}],"about":[{"href":"https:\/\/ziolazycia.com\/nowa\/wp-json\/wp\/v2\/types\/product"}],"replies":[{"embeddable":true,"href":"https:\/\/ziolazycia.com\/nowa\/wp-json\/wp\/v2\/comments?post=1428"}],"wp:featuredmedia":[{"embeddable":true,"href":"https:\/\/ziolazycia.com\/nowa\/wp-json\/wp\/v2\/media\/9639"}],"wp:attachment":[{"href":"https:\/\/ziolazycia.com\/nowa\/wp-json\/wp\/v2\/media?parent=1428"}],"wp:term":[{"taxonomy":"product_brand","embeddable":true,"href":"https:\/\/ziolazycia.com\/nowa\/wp-json\/wp\/v2\/product_brand?post=1428"},{"taxonomy":"product_cat","embeddable":true,"href":"https:\/\/ziolazycia.com\/nowa\/wp-json\/wp\/v2\/product_cat?post=1428"},{"taxonomy":"product_tag","embeddable":true,"href":"https:\/\/ziolazycia.com\/nowa\/wp-json\/wp\/v2\/product_tag?post=1428"}],"curies":[{"name":"wp","href":"https:\/\/api.w.org\/{rel}","templated":true}]}}