{"id":14215,"date":"2025-10-02T21:59:12","date_gmt":"2025-10-02T19:59:12","guid":{"rendered":"https:\/\/ziolazycia.com\/nowa\/?post_type=product&#038;p=14215"},"modified":"2025-11-26T15:59:50","modified_gmt":"2025-11-26T14:59:50","slug":"supra3-koncentracja-pamiec-150g","status":"publish","type":"product","link":"https:\/\/ziolazycia.com\/nowa\/product\/supra3-koncentracja-pamiec-150g\/","title":{"rendered":"Supra3 Koncentracja-Pami\u0119\u0107 150G"},"content":{"rendered":"<p data-start=\"303\" data-end=\"782\"><strong data-start=\"303\" data-end=\"339\">SUPRA3 Koncentracja\u2011Pami\u0119\u0107 150\u202fg<\/strong> to suplement typu premium w formie p\u00f3\u0142p\u0142ynnej na bazie miodu akacjowego, stworzony z my\u015bl\u0105 o osobach pragn\u0105cych wspiera\u0107 wydolno\u015b\u0107 umys\u0142u, skupienie i sprawno\u015b\u0107 intelektualn\u0105. Produkt \u0142\u0105czy dzia\u0142anie starannie dobranych <strong data-start=\"560\" data-end=\"583\">grzyb\u00f3w leczniczych<\/strong> (sopl\u00f3wka je\u017cowata \u2013 <em data-start=\"605\" data-end=\"625\">Hericium erinaceus<\/em>, reishi \u2013 <em data-start=\"636\" data-end=\"655\">Ganoderma lucidum<\/em>) oraz <strong data-start=\"662\" data-end=\"687\">zio\u0142owych adaptogen\u00f3w<\/strong> (bakopa drobnolistna, ashwagandha), wzbogaconych o olejki cytrynowy i cynamonowy oraz kakao.<\/p>\n<h6 data-start=\"784\" data-end=\"831\">Najwa\u017cniejsze w\u0142a\u015bciwo\u015bci i zastosowanie<\/h6>\n<ul data-start=\"832\" data-end=\"1178\">\n<li data-start=\"832\" data-end=\"933\">\n<p data-start=\"834\" data-end=\"933\">Wspiera <strong data-start=\"842\" data-end=\"858\">koncentracj\u0119<\/strong>, zdolno\u015b\u0107 uczenia si\u0119 i funkcje poznawcze dzi\u0119ki ashwagandzie i bakopie.<\/p>\n<\/li>\n<li data-start=\"934\" data-end=\"1005\">\n<p data-start=\"936\" data-end=\"1005\">Wspomaga <strong data-start=\"945\" data-end=\"955\">pami\u0119\u0107<\/strong> kr\u00f3tko- i d\u0142ugotrwa\u0142\u0105 oraz klarowno\u015b\u0107 my\u015blenia.<\/p>\n<\/li>\n<li data-start=\"1006\" data-end=\"1095\">\n<p data-start=\"1008\" data-end=\"1095\">Synergiczne po\u0142\u0105czenie sk\u0142adnik\u00f3w dzia\u0142a uspokajaj\u0105co i wspiera r\u00f3wnowag\u0119 psychiczn\u0105.<\/p>\n<\/li>\n<li data-start=\"1096\" data-end=\"1178\">\n<p data-start=\"1098\" data-end=\"1178\">Preparat przyjmowany <strong data-start=\"1119\" data-end=\"1132\">pod j\u0119zyk<\/strong>, co u\u0142atwia wch\u0142anianie sk\u0142adnik\u00f3w aktywnych.<\/p>\n<\/li>\n<\/ul>\n<h6 data-start=\"1180\" data-end=\"1215\">Sk\u0142adniki (1 \u0142y\u017ceczka \u2248 5\u202fg)<\/h6>\n<ul data-start=\"1216\" data-end=\"1487\">\n<li data-start=\"1216\" data-end=\"1233\">\n<p data-start=\"1218\" data-end=\"1233\">mi\u00f3d akacjowy<\/p>\n<\/li>\n<li data-start=\"1234\" data-end=\"1276\">\n<p data-start=\"1236\" data-end=\"1276\">ekstrakt z sopl\u00f3wki je\u017cowatej \u2013 375\u202fmg<\/p>\n<\/li>\n<li data-start=\"1277\" data-end=\"1321\">\n<p data-start=\"1279\" data-end=\"1321\">ekstrakt z bakopy drobnolistnej \u2013 250\u202fmg<\/p>\n<\/li>\n<li data-start=\"1322\" data-end=\"1352\">\n<p data-start=\"1324\" data-end=\"1352\">ekstrakt z reishi \u2013 125\u202fmg<\/p>\n<\/li>\n<li data-start=\"1353\" data-end=\"1397\">\n<p data-start=\"1355\" data-end=\"1397\">ekstrakt z korzenia ashwagandhy \u2013 125\u202fmg<\/p>\n<\/li>\n<li data-start=\"1398\" data-end=\"1428\">\n<p data-start=\"1400\" data-end=\"1428\">sproszkowane kakao \u2013 75\u202fmg<\/p>\n<\/li>\n<li data-start=\"1429\" data-end=\"1457\">\n<p data-start=\"1431\" data-end=\"1457\">olejek cytrynowy \u2013 20\u202fmg<\/p>\n<\/li>\n<li data-start=\"1458\" data-end=\"1487\">\n<p data-start=\"1460\" data-end=\"1487\">olejek cynamonowy \u2013 18\u202fmg<\/p>\n<\/li>\n<\/ul>\n<h6 data-start=\"1489\" data-end=\"1506\">Dawkowanie<\/h6>\n<p data-start=\"1507\" data-end=\"1604\">Przyjmuj <strong data-start=\"1516\" data-end=\"1535\">1 \u0142y\u017ceczk\u0119 rano<\/strong>, najlepiej nie na czczo, przez 5 dni, po czym zr\u00f3b 2\u2011dniow\u0105 przerw\u0119.<\/p>\n<h6 data-start=\"1606\" data-end=\"1629\">Dla kogo i kiedy<\/h6>\n<p data-start=\"1630\" data-end=\"1688\">SUPRA3 Koncentracja\u2011Pami\u0119\u0107 150\u202fg jest dedykowany osobom:<\/p>\n<ul data-start=\"1689\" data-end=\"1842\">\n<li data-start=\"1689\" data-end=\"1720\">\n<p data-start=\"1691\" data-end=\"1720\">z problemami z koncentracj\u0105<\/p>\n<\/li>\n<li data-start=\"1721\" data-end=\"1778\">\n<p data-start=\"1723\" data-end=\"1778\">potrzebuj\u0105cym wsparcia przy nauce lub pracy umys\u0142owej<\/p>\n<\/li>\n<li data-start=\"1779\" data-end=\"1842\">\n<p data-start=\"1781\" data-end=\"1842\">poszukuj\u0105cym naturalnych metod na popraw\u0119 jasno\u015bci my\u015blenia<\/p>\n<\/li>\n<\/ul>\n","protected":false},"excerpt":{"rendered":"<p><strong data-start=\"84\" data-end=\"120\">SUPRA3 Koncentracja\u2011Pami\u0119\u0107 150\u202fg<\/strong> \u2014 unikalna formu\u0142a \u0142\u0105cz\u0105ca grzyby lecznicze (sopl\u00f3wka, reishi) i adaptogeny (bakopa, ashwagandha) wspieraj\u0105ca koncentracj\u0119, jasno\u015b\u0107 my\u015blenia i pami\u0119\u0107.<\/p>\n","protected":false},"featured_media":14216,"comment_status":"open","ping_status":"closed","template":"","meta":[],"product_brand":[],"product_cat":[72],"product_tag":[],"class_list":{"0":"post-14215","1":"product","2":"type-product","3":"status-publish","4":"has-post-thumbnail","6":"product_cat-suplementy-diety","8":"first","9":"instock","10":"taxable","11":"shipping-taxable","12":"purchasable","13":"product-type-simple"},"_links":{"self":[{"href":"https:\/\/ziolazycia.com\/nowa\/wp-json\/wp\/v2\/product\/14215","targetHints":{"allow":["GET"]}}],"collection":[{"href":"https:\/\/ziolazycia.com\/nowa\/wp-json\/wp\/v2\/product"}],"about":[{"href":"https:\/\/ziolazycia.com\/nowa\/wp-json\/wp\/v2\/types\/product"}],"replies":[{"embeddable":true,"href":"https:\/\/ziolazycia.com\/nowa\/wp-json\/wp\/v2\/comments?post=14215"}],"wp:featuredmedia":[{"embeddable":true,"href":"https:\/\/ziolazycia.com\/nowa\/wp-json\/wp\/v2\/media\/14216"}],"wp:attachment":[{"href":"https:\/\/ziolazycia.com\/nowa\/wp-json\/wp\/v2\/media?parent=14215"}],"wp:term":[{"taxonomy":"product_brand","embeddable":true,"href":"https:\/\/ziolazycia.com\/nowa\/wp-json\/wp\/v2\/product_brand?post=14215"},{"taxonomy":"product_cat","embeddable":true,"href":"https:\/\/ziolazycia.com\/nowa\/wp-json\/wp\/v2\/product_cat?post=14215"},{"taxonomy":"product_tag","embeddable":true,"href":"https:\/\/ziolazycia.com\/nowa\/wp-json\/wp\/v2\/product_tag?post=14215"}],"curies":[{"name":"wp","href":"https:\/\/api.w.org\/{rel}","templated":true}]}}