{"id":14212,"date":"2025-10-02T21:02:26","date_gmt":"2025-10-02T19:02:26","guid":{"rendered":"https:\/\/ziolazycia.com\/nowa\/?post_type=product&#038;p=14212"},"modified":"2025-11-26T15:59:50","modified_gmt":"2025-11-26T14:59:50","slug":"supra3-odpornosc-stres-energia-150-gramow","status":"publish","type":"product","link":"https:\/\/ziolazycia.com\/nowa\/product\/supra3-odpornosc-stres-energia-150-gramow\/","title":{"rendered":"Supra3 Odporno\u015b\u0107 Stres Energia 150 gram\u00f3w"},"content":{"rendered":"<p data-start=\"479\" data-end=\"590\"><strong data-start=\"479\" data-end=\"526\">SUPRA3 \u2013 Grzyby Witalne i Zio\u0142a Adaptogenne<\/strong><br data-start=\"526\" data-end=\"529\" \/><strong data-start=\"529\" data-end=\"590\">Naturalne wsparcie dla odporno\u015bci, koncentracji i energii<\/strong><\/p>\n<p data-start=\"592\" data-end=\"887\">SUPRA3 to starannie opracowana mieszanka grzyb\u00f3w witalnych oraz zi\u00f3\u0142 adaptogennych, stworzona z my\u015bl\u0105 o osobach funkcjonuj\u0105cych w wymagaj\u0105cym, szybkim tempie \u017cycia. To naturalna formu\u0142a dla tych, kt\u00f3rzy chc\u0105 zadba\u0107 o odporno\u015b\u0107, wspom\u00f3c uk\u0142ad nerwowy i poprawi\u0107 jako\u015b\u0107 codziennego funkcjonowania.<\/p>\n<p data-start=\"889\" data-end=\"999\">Produkt ma posta\u0107 p\u00f3\u0142p\u0142ynn\u0105 na bazie miodu akacjowego i stanowi idealne uzupe\u0142nienie zdrowej, aktywnej rutyny.<\/p>\n<hr data-start=\"1001\" data-end=\"1004\" \/>\n<h6 data-start=\"1006\" data-end=\"1031\">\u2726 <strong data-start=\"1012\" data-end=\"1031\">Dlaczego warto?<\/strong><\/h6>\n<ul data-start=\"1032\" data-end=\"1358\">\n<li data-start=\"1032\" data-end=\"1075\">\n<p data-start=\"1034\" data-end=\"1075\">Naturalne wsparcie odporno\u015bci organizmu<\/p>\n<\/li>\n<li data-start=\"1076\" data-end=\"1126\">\n<p data-start=\"1078\" data-end=\"1126\">Pomoc w radzeniu sobie ze stresem i zm\u0119czeniem<\/p>\n<\/li>\n<li data-start=\"1127\" data-end=\"1170\">\n<p data-start=\"1129\" data-end=\"1170\">Wsparcie koncentracji i jasno\u015bci umys\u0142u<\/p>\n<\/li>\n<li data-start=\"1171\" data-end=\"1232\">\n<p data-start=\"1173\" data-end=\"1232\">Wzmacnia regeneracj\u0119 po wysi\u0142ku fizycznym lub psychicznym<\/p>\n<\/li>\n<li data-start=\"1233\" data-end=\"1291\">\n<p data-start=\"1235\" data-end=\"1291\">Dzia\u0142a antyoksydacyjnie i wspiera r\u00f3wnowag\u0119 wewn\u0119trzn\u0105<\/p>\n<\/li>\n<li data-start=\"1292\" data-end=\"1358\">\n<p data-start=\"1294\" data-end=\"1358\">Bez efekt\u00f3w ubocznych \u2013 formu\u0142a oparta na sk\u0142adnikach ro\u015blinnych<\/p>\n<\/li>\n<\/ul>\n<hr data-start=\"1360\" data-end=\"1363\" \/>\n<h6 data-start=\"1365\" data-end=\"1392\">\u2726 <strong data-start=\"1371\" data-end=\"1392\">G\u0142\u00f3wne sk\u0142adniki:<\/strong><\/h6>\n<ul data-start=\"1393\" data-end=\"1654\">\n<li data-start=\"1393\" data-end=\"1442\">\n<p data-start=\"1395\" data-end=\"1442\"><strong data-start=\"1395\" data-end=\"1414\">Grzyby witalne:<\/strong> maitake, shiitake, reishi<\/p>\n<\/li>\n<li data-start=\"1443\" data-end=\"1492\">\n<p data-start=\"1445\" data-end=\"1492\"><strong data-start=\"1445\" data-end=\"1467\">Zio\u0142a adaptogenne:<\/strong> ashwagandha, gotu kola<\/p>\n<\/li>\n<li data-start=\"1493\" data-end=\"1555\">\n<p data-start=\"1495\" data-end=\"1555\"><strong data-start=\"1495\" data-end=\"1521\">Olej z konopi siewnych<\/strong> (z naturalnymi fitosk\u0142adnikami)<\/p>\n<\/li>\n<li data-start=\"1556\" data-end=\"1597\">\n<p data-start=\"1558\" data-end=\"1597\"><strong data-start=\"1558\" data-end=\"1575\">Mi\u00f3d akacjowy<\/strong> jako naturalna baza<\/p>\n<\/li>\n<li data-start=\"1598\" data-end=\"1654\">\n<p data-start=\"1600\" data-end=\"1654\">Naturalne olejki eteryczne: <strong data-start=\"1628\" data-end=\"1654\">cytrynowy i cynamonowy<\/strong><\/p>\n<\/li>\n<\/ul>\n<hr data-start=\"1656\" data-end=\"1659\" \/>\n<h6 data-start=\"1661\" data-end=\"1700\">\u2726 <strong data-start=\"1667\" data-end=\"1700\">Zastosowanie i spos\u00f3b u\u017cycia:<\/strong><\/h6>\n<ul data-start=\"1701\" data-end=\"1890\">\n<li data-start=\"1701\" data-end=\"1750\">\n<p data-start=\"1703\" data-end=\"1750\">Zalecana porcja dzienna: 1 \u0142y\u017ceczka (ok. 5 g)<\/p>\n<\/li>\n<li data-start=\"1751\" data-end=\"1786\">\n<p data-start=\"1753\" data-end=\"1786\">Najlepiej stosowa\u0107 po \u015bniadaniu<\/p>\n<\/li>\n<li data-start=\"1787\" data-end=\"1825\">\n<p data-start=\"1789\" data-end=\"1825\">Nie zaleca si\u0119 stosowania na czczo<\/p>\n<\/li>\n<li data-start=\"1826\" data-end=\"1890\">\n<p data-start=\"1828\" data-end=\"1890\">Zalecany schemat stosowania: 5 dni stosowania, 2 dni przerwy<\/p>\n<\/li>\n<\/ul>\n<hr data-start=\"1892\" data-end=\"1895\" \/>\n<h6 data-start=\"1897\" data-end=\"1925\">\u26a0\ufe0f <strong data-start=\"1904\" data-end=\"1925\">Wa\u017cne informacje:<\/strong><\/h6>\n<ul data-start=\"1926\" data-end=\"2222\">\n<li data-start=\"1926\" data-end=\"1981\">\n<p data-start=\"1928\" data-end=\"1981\">Suplement diety \u2013 nie zast\u0119puje zr\u00f3\u017cnicowanej diety<\/p>\n<\/li>\n<li data-start=\"1982\" data-end=\"2030\">\n<p data-start=\"1984\" data-end=\"2030\">Nie przekracza\u0107 zalecanej porcji do spo\u017cycia<\/p>\n<\/li>\n<li data-start=\"2031\" data-end=\"2075\">\n<p data-start=\"2033\" data-end=\"2075\">Produkt nie jest przeznaczony dla dzieci<\/p>\n<\/li>\n<li data-start=\"2076\" data-end=\"2149\">\n<p data-start=\"2078\" data-end=\"2149\">Kobiety w ci\u0105\u017cy i karmi\u0105ce powinny skonsultowa\u0107 stosowanie z lekarzem<\/p>\n<\/li>\n<li data-start=\"2150\" data-end=\"2222\">\n<p data-start=\"2152\" data-end=\"2222\">Przechowywa\u0107 w suchym i ciemnym miejscu, z dala od \u015bwiat\u0142a i wilgoci<\/p>\n<\/li>\n<\/ul>\n<hr data-start=\"2224\" data-end=\"2227\" \/>\n<p data-start=\"2229\" data-end=\"2387\"><strong data-start=\"2229\" data-end=\"2387\">SUPRA3 to naturalne, ro\u015blinne wsparcie dla cia\u0142a i umys\u0142u \u2013 gdy potrzebujesz wi\u0119kszej odporno\u015bci, koncentracji i stabilno\u015bci emocjonalnej, bez obci\u0105\u017cenia.<\/strong><\/p>\n","protected":false},"excerpt":{"rendered":"<p>SUPRA3 \u2013 mieszanka grzyb\u00f3w witalnych i adaptogen\u00f3w dla odporno\u015bci, energii i r\u00f3wnowagi w codziennym stresie. Naturalne wsparcie umys\u0142u i cia\u0142a.<\/p>\n","protected":false},"featured_media":14213,"comment_status":"open","ping_status":"closed","template":"","meta":[],"product_brand":[],"product_cat":[75,72],"product_tag":[],"class_list":{"0":"post-14212","1":"product","2":"type-product","3":"status-publish","4":"has-post-thumbnail","6":"product_cat-konsultacje","7":"product_cat-suplementy-diety","9":"first","10":"instock","11":"taxable","12":"shipping-taxable","13":"purchasable","14":"product-type-simple"},"_links":{"self":[{"href":"https:\/\/ziolazycia.com\/nowa\/wp-json\/wp\/v2\/product\/14212","targetHints":{"allow":["GET"]}}],"collection":[{"href":"https:\/\/ziolazycia.com\/nowa\/wp-json\/wp\/v2\/product"}],"about":[{"href":"https:\/\/ziolazycia.com\/nowa\/wp-json\/wp\/v2\/types\/product"}],"replies":[{"embeddable":true,"href":"https:\/\/ziolazycia.com\/nowa\/wp-json\/wp\/v2\/comments?post=14212"}],"wp:featuredmedia":[{"embeddable":true,"href":"https:\/\/ziolazycia.com\/nowa\/wp-json\/wp\/v2\/media\/14213"}],"wp:attachment":[{"href":"https:\/\/ziolazycia.com\/nowa\/wp-json\/wp\/v2\/media?parent=14212"}],"wp:term":[{"taxonomy":"product_brand","embeddable":true,"href":"https:\/\/ziolazycia.com\/nowa\/wp-json\/wp\/v2\/product_brand?post=14212"},{"taxonomy":"product_cat","embeddable":true,"href":"https:\/\/ziolazycia.com\/nowa\/wp-json\/wp\/v2\/product_cat?post=14212"},{"taxonomy":"product_tag","embeddable":true,"href":"https:\/\/ziolazycia.com\/nowa\/wp-json\/wp\/v2\/product_tag?post=14212"}],"curies":[{"name":"wp","href":"https:\/\/api.w.org\/{rel}","templated":true}]}}