{"id":14208,"date":"2025-10-02T20:39:29","date_gmt":"2025-10-02T18:39:29","guid":{"rendered":"https:\/\/ziolazycia.com\/nowa\/?post_type=product&#038;p=14208"},"modified":"2025-11-26T15:59:50","modified_gmt":"2025-11-26T14:59:50","slug":"treenes-15-1-mm-mini-absorber-pem-do-portfela-i-telefonu","status":"publish","type":"product","link":"https:\/\/ziolazycia.com\/nowa\/product\/treenes-15-1-mm-mini-absorber-pem-do-portfela-i-telefonu\/","title":{"rendered":"Absorber Funkcyjny Treenes Business Premium Gold 15\/1 mm Sterling 925 24 K Do Telefonu Oraz Portfela"},"content":{"rendered":"<p data-start=\"620\" data-end=\"767\"><strong data-start=\"620\" data-end=\"680\">Absorber Funkcyjny Treenes Business Premium Gold 15\/1 mm<\/strong><br data-start=\"680\" data-end=\"683\" \/><strong data-start=\"683\" data-end=\"767\">Do telefonu i portfela | Sterling 925 poz\u0142acane 24K | Ultra cienki | Bia\u0142y rdze\u0144<\/strong><\/p>\n<p data-start=\"769\" data-end=\"1065\">Model <strong data-start=\"775\" data-end=\"786\">15\/1 mm<\/strong> z presti\u017cowej serii <strong data-start=\"807\" data-end=\"832\">Business Premium Gold<\/strong> to <strong data-start=\"836\" data-end=\"876\">kompaktowy i ultralekki absorber PEM<\/strong> zaprojektowany z my\u015bl\u0105 o wygodnym noszeniu przy sobie \u2013 w telefonie, portfelu, torebce czy etui. Brak uchwytu czyni go idealnym do miejsc, gdzie liczy si\u0119 maksymalna dyskrecja i mobilno\u015b\u0107.<\/p>\n<p data-start=\"1067\" data-end=\"1286\">Wewn\u0105trz zawiera spiralny rdze\u0144 dzia\u0142aj\u0105cy jak miniaturowa antena, kt\u00f3ra poch\u0142ania komponenty smogu elektromagnetycznego (PEM) i przekszta\u0142ca je w bezpieczne ciep\u0142o \u2013 chroni\u0105c Twoj\u0105 przestrze\u0144 osobist\u0105 w promieniu 360\u00b0.<\/p>\n<hr data-start=\"1288\" data-end=\"1291\" \/>\n<h6 data-start=\"1293\" data-end=\"1325\">\u2726 <strong data-start=\"1299\" data-end=\"1325\">Specyfikacja produktu:<\/strong><\/h6>\n<ul data-start=\"1326\" data-end=\"1668\">\n<li data-start=\"1326\" data-end=\"1354\">\n<p data-start=\"1328\" data-end=\"1354\"><strong data-start=\"1328\" data-end=\"1341\">\u015arednica:<\/strong> ok. 1,7 cm<\/p>\n<\/li>\n<li data-start=\"1355\" data-end=\"1409\">\n<p data-start=\"1357\" data-end=\"1409\"><strong data-start=\"1357\" data-end=\"1369\">Grubo\u015b\u0107:<\/strong> 1 mm \u2013 najcie\u0144szy model z serii 15 mm<\/p>\n<\/li>\n<li data-start=\"1410\" data-end=\"1438\">\n<p data-start=\"1412\" data-end=\"1438\"><strong data-start=\"1412\" data-end=\"1430\">Kolor rdzenia:<\/strong> bia\u0142y<\/p>\n<\/li>\n<li data-start=\"1439\" data-end=\"1475\">\n<p data-start=\"1441\" data-end=\"1475\"><strong data-start=\"1441\" data-end=\"1452\">Zasi\u0119g:<\/strong> do 4 m\u00b2 (pe\u0142ne 360\u00b0)<\/p>\n<\/li>\n<li data-start=\"1476\" data-end=\"1543\">\n<p data-start=\"1478\" data-end=\"1543\"><strong data-start=\"1478\" data-end=\"1491\">Materia\u0142:<\/strong> Srebro Sterling 925 poz\u0142acane 24-karatowym z\u0142otem<\/p>\n<\/li>\n<li data-start=\"1544\" data-end=\"1607\">\n<p data-start=\"1546\" data-end=\"1607\"><strong data-start=\"1546\" data-end=\"1556\">Forma:<\/strong> bez zawieszki \u2013 idealny do telefonu lub portfela<\/p>\n<\/li>\n<li data-start=\"1608\" data-end=\"1633\">\n<p data-start=\"1610\" data-end=\"1633\"><strong data-start=\"1610\" data-end=\"1624\">Gwarancja:<\/strong> 10 lat<\/p>\n<\/li>\n<li data-start=\"1634\" data-end=\"1668\">\n<p data-start=\"1636\" data-end=\"1668\"><strong data-start=\"1636\" data-end=\"1645\">Styl:<\/strong> unisex \u2013 dla ka\u017cdego<\/p>\n<\/li>\n<\/ul>\n<hr data-start=\"1670\" data-end=\"1673\" \/>\n<h6 data-start=\"1675\" data-end=\"1706\">\u2726 <strong data-start=\"1681\" data-end=\"1706\">Dodatkowe informacje:<\/strong><\/h6>\n<ul data-start=\"1707\" data-end=\"2047\">\n<li data-start=\"1707\" data-end=\"1754\">\n<p data-start=\"1709\" data-end=\"1754\"><strong data-start=\"1709\" data-end=\"1724\">Dost\u0119pno\u015b\u0107:<\/strong> wysy\u0142ka w ci\u0105gu 1\u20133 tygodni<\/p>\n<\/li>\n<li data-start=\"1755\" data-end=\"1804\">\n<p data-start=\"1757\" data-end=\"1804\"><strong data-start=\"1757\" data-end=\"1781\">Umieszczony w kapslu<\/strong> \u2013 gotowy do noszenia<\/p>\n<\/li>\n<li data-start=\"1805\" data-end=\"1879\">\n<p data-start=\"1807\" data-end=\"1879\"><strong data-start=\"1807\" data-end=\"1877\">Produkt nie traci skuteczno\u015bci w opakowaniach, etui lub pokrowcach<\/strong><\/p>\n<\/li>\n<li data-start=\"1880\" data-end=\"1940\">\n<p data-start=\"1882\" data-end=\"1940\"><strong data-start=\"1882\" data-end=\"1896\">Zalecenie:<\/strong> nie moczy\u0107 \u2013 produkt nie jest wodoodporny<\/p>\n<\/li>\n<li data-start=\"1941\" data-end=\"2047\">\n<p data-start=\"1943\" data-end=\"2047\">Na zdj\u0119ciach pokazane s\u0105 r\u00f3wnie\u017c inne modele (15\/1 i 25\/1 mm) \u2013 <strong data-start=\"2007\" data-end=\"2045\">ta oferta dotyczy 1 sztuki 15\/1 mm<\/strong><\/p>\n<\/li>\n<\/ul>\n<hr data-start=\"2049\" data-end=\"2052\" \/>\n<p data-start=\"2054\" data-end=\"2227\">\ud83c\udf81 <strong data-start=\"2057\" data-end=\"2090\">Gratis do ka\u017cdego zam\u00f3wienia:<\/strong><br data-start=\"2090\" data-end=\"2093\" \/><strong data-start=\"2093\" data-end=\"2158\">Naturalny olejek eteryczny z dzikiej pomara\u0144czy marki doTERRA<\/strong> \u2013 doskona\u0142y do aromaterapii, relaksu i wsparcia codziennej harmonii.<\/p>\n<hr data-start=\"2229\" data-end=\"2232\" \/>\n<blockquote data-start=\"2234\" data-end=\"2431\">\n<p data-start=\"2236\" data-end=\"2431\">Produkt nie jest wyrobem medycznym i nie zast\u0119puje porady lekarskiej. Opinie u\u017cytkownik\u00f3w s\u0105 subiektywnym wyrazem ich do\u015bwiadcze\u0144 i nie stanowi\u0105 podstawy do przypisywania w\u0142a\u015bciwo\u015bci zdrowotnych.<\/p>\n<\/blockquote>\n","protected":false},"excerpt":{"rendered":"<p>Treenes 15\/1 mm \u2013 mini absorber PEM do portfela i telefonu. Poz\u0142acane srebro 925, bia\u0142y rdze\u0144, zasi\u0119g 4 m\u00b2. Gratis: olejek z dzikiej pomara\u0144czy doTERRA.<\/p>\n","protected":false},"featured_media":14209,"comment_status":"open","ping_status":"closed","template":"","meta":[],"product_brand":[],"product_cat":[81],"product_tag":[],"class_list":{"0":"post-14208","1":"product","2":"type-product","3":"status-publish","4":"has-post-thumbnail","6":"product_cat-absorbery","8":"first","9":"instock","10":"taxable","11":"shipping-taxable","12":"purchasable","13":"product-type-simple"},"_links":{"self":[{"href":"https:\/\/ziolazycia.com\/nowa\/wp-json\/wp\/v2\/product\/14208","targetHints":{"allow":["GET"]}}],"collection":[{"href":"https:\/\/ziolazycia.com\/nowa\/wp-json\/wp\/v2\/product"}],"about":[{"href":"https:\/\/ziolazycia.com\/nowa\/wp-json\/wp\/v2\/types\/product"}],"replies":[{"embeddable":true,"href":"https:\/\/ziolazycia.com\/nowa\/wp-json\/wp\/v2\/comments?post=14208"}],"wp:featuredmedia":[{"embeddable":true,"href":"https:\/\/ziolazycia.com\/nowa\/wp-json\/wp\/v2\/media\/14209"}],"wp:attachment":[{"href":"https:\/\/ziolazycia.com\/nowa\/wp-json\/wp\/v2\/media?parent=14208"}],"wp:term":[{"taxonomy":"product_brand","embeddable":true,"href":"https:\/\/ziolazycia.com\/nowa\/wp-json\/wp\/v2\/product_brand?post=14208"},{"taxonomy":"product_cat","embeddable":true,"href":"https:\/\/ziolazycia.com\/nowa\/wp-json\/wp\/v2\/product_cat?post=14208"},{"taxonomy":"product_tag","embeddable":true,"href":"https:\/\/ziolazycia.com\/nowa\/wp-json\/wp\/v2\/product_tag?post=14208"}],"curies":[{"name":"wp","href":"https:\/\/api.w.org\/{rel}","templated":true}]}}