{"id":14159,"date":"2025-09-30T20:36:11","date_gmt":"2025-09-30T18:36:11","guid":{"rendered":"https:\/\/ziolazycia.com\/nowa\/?post_type=product&#038;p=14159"},"modified":"2025-11-26T15:59:49","modified_gmt":"2025-11-26T14:59:49","slug":"poduszka-treenes-carbon-black-visco","status":"publish","type":"product","link":"https:\/\/ziolazycia.com\/nowa\/product\/poduszka-treenes-carbon-black-visco\/","title":{"rendered":"Poduszka Treenes Carbon Black Visco"},"content":{"rendered":"<p data-start=\"174\" data-end=\"626\"><strong data-start=\"174\" data-end=\"221\">Kosmiczna technologia w klasycznym wydaniu.<\/strong><br data-start=\"221\" data-end=\"224\" \/>Poduszka <strong data-start=\"233\" data-end=\"263\">Treenes Carbon Black Visco<\/strong> to ekskluzywny produkt zaprojektowany z my\u015bl\u0105 o najwy\u017cszym komforcie snu. Zastosowanie nowoczesnych w\u0142\u00f3kien w\u0119glowych <strong data-start=\"382\" data-end=\"392\">Carbon<\/strong> w pokrowcu nadaje poduszce w\u0142a\u015bciwo\u015bci <strong data-start=\"432\" data-end=\"449\">antystatyczne<\/strong> i wspiera <strong data-start=\"460\" data-end=\"478\">termoregulacj\u0119<\/strong>, dzi\u0119ki czemu Twoja g\u0142owa utrzymuje optymaln\u0105 temperatur\u0119 przez ca\u0142\u0105 noc. To przek\u0142ada si\u0119 na lepszy, g\u0142\u0119bszy sen i mniejsze ryzyko wybudzania si\u0119.<\/p>\n<p data-start=\"628\" data-end=\"891\">Poduszka zosta\u0142a wype\u0142niona <strong data-start=\"656\" data-end=\"690\">termoelastyczn\u0105 piank\u0105 w\u0119glow\u0105<\/strong>, kt\u00f3ra idealnie dopasowuje si\u0119 do kszta\u0142tu g\u0142owy i karku, zapewniaj\u0105c ergonomiczne podparcie. Dodatkowa perforacja kanalikowa gwarantuje znakomit\u0105 <strong data-start=\"838\" data-end=\"862\">cyrkulacj\u0119 powietrza<\/strong>, co zapobiega przegrzewaniu.<\/p>\n<p data-start=\"893\" data-end=\"912\"><strong data-start=\"893\" data-end=\"912\">Cechy produktu:<\/strong><\/p>\n<ul data-start=\"913\" data-end=\"1231\">\n<li data-start=\"913\" data-end=\"940\">\n<p data-start=\"915\" data-end=\"940\"><strong data-start=\"915\" data-end=\"927\">Wymiary:<\/strong> 35 \u00d7 70 cm<\/p>\n<\/li>\n<li data-start=\"941\" data-end=\"964\">\n<p data-start=\"943\" data-end=\"964\"><strong data-start=\"943\" data-end=\"956\">Wysoko\u015b\u0107:<\/strong> 11 cm<\/p>\n<\/li>\n<li data-start=\"965\" data-end=\"1024\">\n<p data-start=\"967\" data-end=\"1024\"><strong data-start=\"967\" data-end=\"983\">Wype\u0142nienie:<\/strong> termoelastyczna pianka w\u0119glowa Treenes<\/p>\n<\/li>\n<li data-start=\"1025\" data-end=\"1096\">\n<p data-start=\"1027\" data-end=\"1096\"><strong data-start=\"1027\" data-end=\"1041\">Pokrowiec:<\/strong> 99% poliester, 1% w\u0142\u00f3kno w\u0119glowe (mo\u017cna pra\u0107 w 30\u00b0C)<\/p>\n<\/li>\n<li data-start=\"1097\" data-end=\"1163\">\n<p data-start=\"1099\" data-end=\"1163\"><strong data-start=\"1099\" data-end=\"1113\">Gwarancja:<\/strong> 10 lat na wype\u0142nienie, 24 miesi\u0105ce na pokrowiec<\/p>\n<\/li>\n<li data-start=\"1164\" data-end=\"1190\">\n<p data-start=\"1166\" data-end=\"1190\"><strong data-start=\"1166\" data-end=\"1188\">Wyprodukowano w UE<\/strong><\/p>\n<\/li>\n<li data-start=\"1191\" data-end=\"1231\">\n<p data-start=\"1193\" data-end=\"1231\"><strong data-start=\"1193\" data-end=\"1213\">Czas realizacji:<\/strong> 1\u20133 dni robocze<\/p>\n<\/li>\n<\/ul>\n<p data-start=\"1233\" data-end=\"1464\">Dzi\u0119ki nowoczesnym materia\u0142om i zaawansowanej technologii produkcji, <strong data-start=\"1302\" data-end=\"1332\">Treenes Carbon Black Visco<\/strong> to poduszka, kt\u00f3ra wyr\u00f3\u017cnia si\u0119 nie tylko wygl\u0105dem, ale te\u017c funkcjonalno\u015bci\u0105 \u2014 <strong data-start=\"1412\" data-end=\"1438\">idealna przez ca\u0142y rok<\/strong>, niezale\u017cnie od warunk\u00f3w.<\/p>\n<blockquote data-start=\"1466\" data-end=\"1515\">\n<p data-start=\"1468\" data-end=\"1515\"><strong data-start=\"1468\" data-end=\"1478\">Uwaga:<\/strong> Poduszka nie jest wyrobem medycznym.<\/p>\n<\/blockquote>\n","protected":false},"excerpt":{"rendered":"<p>Ekskluzywna poduszka Treenes Carbon Black Visco z termoelastyczn\u0105 piank\u0105 i w\u0142\u00f3knami w\u0119glowymi. Zapewnia antystatyczne dzia\u0142anie, doskona\u0142\u0105 cyrkulacj\u0119 powietrza i idealn\u0105 termoregulacj\u0119. Komfortowy sen przez ca\u0142y rok. Wymiary: 35&#215;70 cm.<\/p>\n","protected":false},"featured_media":14160,"comment_status":"open","ping_status":"closed","template":"","meta":[],"product_brand":[],"product_cat":[80],"product_tag":[],"class_list":{"0":"post-14159","1":"product","2":"type-product","3":"status-publish","4":"has-post-thumbnail","6":"product_cat-akcesoria","8":"first","9":"instock","10":"taxable","11":"shipping-taxable","12":"purchasable","13":"product-type-simple"},"_links":{"self":[{"href":"https:\/\/ziolazycia.com\/nowa\/wp-json\/wp\/v2\/product\/14159","targetHints":{"allow":["GET"]}}],"collection":[{"href":"https:\/\/ziolazycia.com\/nowa\/wp-json\/wp\/v2\/product"}],"about":[{"href":"https:\/\/ziolazycia.com\/nowa\/wp-json\/wp\/v2\/types\/product"}],"replies":[{"embeddable":true,"href":"https:\/\/ziolazycia.com\/nowa\/wp-json\/wp\/v2\/comments?post=14159"}],"wp:featuredmedia":[{"embeddable":true,"href":"https:\/\/ziolazycia.com\/nowa\/wp-json\/wp\/v2\/media\/14160"}],"wp:attachment":[{"href":"https:\/\/ziolazycia.com\/nowa\/wp-json\/wp\/v2\/media?parent=14159"}],"wp:term":[{"taxonomy":"product_brand","embeddable":true,"href":"https:\/\/ziolazycia.com\/nowa\/wp-json\/wp\/v2\/product_brand?post=14159"},{"taxonomy":"product_cat","embeddable":true,"href":"https:\/\/ziolazycia.com\/nowa\/wp-json\/wp\/v2\/product_cat?post=14159"},{"taxonomy":"product_tag","embeddable":true,"href":"https:\/\/ziolazycia.com\/nowa\/wp-json\/wp\/v2\/product_tag?post=14159"}],"curies":[{"name":"wp","href":"https:\/\/api.w.org\/{rel}","templated":true}]}}