{"id":1414,"date":"2023-11-30T13:41:44","date_gmt":"2023-11-30T12:41:44","guid":{"rendered":"https:\/\/ziolazycia.com\/nowa\/?post_type=product&#038;p=1414"},"modified":"2025-11-26T15:58:49","modified_gmt":"2025-11-26T14:58:49","slug":"witaminy-dla-dzieci-240-tabletek-do-ssania-sanct-bernhard","status":"publish","type":"product","link":"https:\/\/ziolazycia.com\/nowa\/product\/witaminy-dla-dzieci-240-tabletek-do-ssania-sanct-bernhard\/","title":{"rendered":"Witaminy dla dzieci &#8211; 240 tabletek do ssania"},"content":{"rendered":"<p>Preparat zawiera witamin\u0119 C, wa\u017cne witaminy z grupy B &#8211; B1, B2, B6, B12, kwas foliowy, biotyna, niacyna, kwas pantotenowy i witamina D, kt\u00f3re s\u0105 niezb\u0119dne dla zdrowego wzrostu i rozwoju dziecka.<\/p>\n<p><strong>Zawarto\u015b\u0107 opakowania:<\/strong>\u00a0240 tabletek do ssania<\/p>\n<p><strong>Dzienne spo\u017cycie<\/strong>:\u00a04 tabletki<\/p>\n<p><strong>Sk\u0142adniki aktywne:<\/strong><\/p>\n<table width=\"100%\">\n<thead>\n<tr>\n<td><\/td>\n<td width=\"23%\">1 tabletka<\/td>\n<td width=\"1%\"><\/td>\n<\/tr>\n<\/thead>\n<tbody>\n<tr>\n<td>\n<table>\n<tbody>\n<tr>\n<td width=\"398\">Witamina C<\/p>\n<p>Witamina E<\/p>\n<p>Niacyna<\/p>\n<p>Kwas pantotenowy<\/p>\n<p>Witamina B2<\/p>\n<p>Witamina B1<\/p>\n<p>Witamina B6<\/p>\n<p>Kwas foliowy<\/p>\n<p>Biotyna<\/p>\n<p>Witamina B12<\/p>\n<p>Witamina D<\/p>\n<p>&nbsp;<\/p>\n<p>&nbsp;<\/td>\n<td width=\"1\"><\/td>\n<\/tr>\n<tr>\n<td width=\"398\"><\/td>\n<td width=\"1\"><\/td>\n<\/tr>\n<\/tbody>\n<\/table>\n<\/td>\n<td width=\"23%\">25 mg<\/p>\n<p>26 mg<\/p>\n<p>5 mg<\/p>\n<p>1,8 mg<\/p>\n<p>0,45 mg<\/p>\n<p>0,4 mg<\/p>\n<p>0,25 mg<\/p>\n<p>150 mcg<\/p>\n<p>7,5 mcg<\/p>\n<p>0,5 mcg<\/p>\n<p>2,5 mcg<\/td>\n<td width=\"1%\"><\/td>\n<\/tr>\n<\/tbody>\n<\/table>\n<p><strong>Sk\u0142adniki:<\/strong> substancja s\u0142odz\u0105ca: sorbitol, substancje wype\u0142niaj\u0105ce: wodorow\u0119glan sodu, wodorotlenek magnezu, regulator kwasowo\u015bci: kwas cytrynowy, witamina C, naturalny aromat, substancje przeciwzbrylaj\u0105ce: sole magnezowe kwas\u00f3w t\u0142uszczowych, dwutlenek krzemu,\u00a0koncentrat z \u017curawiny\u00a0(Vaccinium subg. Oxycoccus), niacyna,\u00a0witamina E, kwas pantotenowy, witamina D (cholekalcyferol), witamina B1, witamina B2, witamina B6, kwas foliowy, biotyna, witamina B12.<\/p>\n<p>Witaminy dla dzieci 240 tabletek do ssania &#8211; spos\u00f3b u\u017cycia:<\/p>\n<p>&#8211; dzieci od 4 do 9 roku \u017cycia: 2 tabletki dziennie,<\/p>\n<p>&#8211; dzieci powy\u017cej 10 roku \u017cycia: 4 tabletki dziennie.<\/p>\n<p><strong>Nie przekracza\u0107 zalecanej porcji do spo\u017cycia w ci\u0105gu dnia. Produkt nie mo\u017ce by\u0107 stosowany jako substytut zr\u00f3\u017cnicowanej diety. Wa\u017cne jest stosowanie zr\u00f3\u017cnicowanej i zbilansowanej diety oraz prowadzenie zdrowego trybu \u017cycia.<\/strong><\/p>\n<p><strong>Przechowywanie:<\/strong><\/p>\n<p>Po otwarciu przechowywa\u0107 w suchym i ciemnym miejscu, z dala od ma\u0142ych dzieci.<\/p>\n<p><strong>Producent:<\/strong><\/p>\n<p>Kr\u00e4uterhaus Sanct Bernhard KG, Niemcy<\/p>\n<p>&nbsp;<\/p>\n","protected":false},"excerpt":{"rendered":"<p><strong>Suplement diety<\/strong><\/p>\n<p>G\u0142\u00f3wnym sk\u0142adnikiem suplementu diety <strong>Witaminy dla dzieci 240 tabletek do ssania<\/strong> jest zestaw witamin dedykowanych dzieciom Tabletki z witaminami dla dzieci zawieraj\u0105 specjalnie zbilansowan\u0105 kombinacj\u0119 niezb\u0119dnych sk\u0142adnik\u00f3w od\u017cywczych.<\/p>\n","protected":false},"featured_media":9636,"comment_status":"closed","ping_status":"closed","template":"","meta":[],"product_brand":[],"product_cat":[72],"product_tag":[],"class_list":{"0":"post-1414","1":"product","2":"type-product","3":"status-publish","4":"has-post-thumbnail","6":"product_cat-suplementy-diety","8":"first","9":"instock","10":"sale","11":"taxable","12":"shipping-taxable","13":"purchasable","14":"product-type-simple"},"_links":{"self":[{"href":"https:\/\/ziolazycia.com\/nowa\/wp-json\/wp\/v2\/product\/1414","targetHints":{"allow":["GET"]}}],"collection":[{"href":"https:\/\/ziolazycia.com\/nowa\/wp-json\/wp\/v2\/product"}],"about":[{"href":"https:\/\/ziolazycia.com\/nowa\/wp-json\/wp\/v2\/types\/product"}],"replies":[{"embeddable":true,"href":"https:\/\/ziolazycia.com\/nowa\/wp-json\/wp\/v2\/comments?post=1414"}],"wp:featuredmedia":[{"embeddable":true,"href":"https:\/\/ziolazycia.com\/nowa\/wp-json\/wp\/v2\/media\/9636"}],"wp:attachment":[{"href":"https:\/\/ziolazycia.com\/nowa\/wp-json\/wp\/v2\/media?parent=1414"}],"wp:term":[{"taxonomy":"product_brand","embeddable":true,"href":"https:\/\/ziolazycia.com\/nowa\/wp-json\/wp\/v2\/product_brand?post=1414"},{"taxonomy":"product_cat","embeddable":true,"href":"https:\/\/ziolazycia.com\/nowa\/wp-json\/wp\/v2\/product_cat?post=1414"},{"taxonomy":"product_tag","embeddable":true,"href":"https:\/\/ziolazycia.com\/nowa\/wp-json\/wp\/v2\/product_tag?post=1414"}],"curies":[{"name":"wp","href":"https:\/\/api.w.org\/{rel}","templated":true}]}}