{"id":14115,"date":"2025-09-23T20:51:54","date_gmt":"2025-09-23T18:51:54","guid":{"rendered":"https:\/\/ziolazycia.com\/nowa\/?post_type=product&#038;p=14115"},"modified":"2025-11-26T15:59:49","modified_gmt":"2025-11-26T14:59:49","slug":"detox-pure-kapsulki-200-szt","status":"publish","type":"product","link":"https:\/\/ziolazycia.com\/nowa\/product\/detox-pure-kapsulki-200-szt\/","title":{"rendered":"Detox Pure \u2013 kapsu\u0142ki 200 szt."},"content":{"rendered":"<p data-start=\"122\" data-end=\"569\"><strong data-start=\"122\" data-end=\"179\">Niesamowity minera\u0142 o szerokim zastosowaniu medycznym<\/strong><br data-start=\"179\" data-end=\"182\" \/>Zeolit zyskuje coraz wi\u0119ksze uznanie w \u015brodowisku medycznym, szczeg\u00f3lnie dzi\u0119ki swoim w\u0142a\u015bciwo\u015bciom detoksykuj\u0105cym. Detox Pure to 100% naturalny, certyfikowany wyr\u00f3b medyczny zawieraj\u0105cy klinoptylolit \u2013 wyj\u0105tkow\u0105 form\u0119 zeolitu o strukturze przypominaj\u0105cej molekularne sito. Ta struktura umo\u017cliwia skuteczne wi\u0105zanie i usuwanie z organizmu metali ci\u0119\u017ckich, toksyn oraz pozosta\u0142o\u015bci lek\u00f3w.<\/p>\n<p data-start=\"571\" data-end=\"979\">Produkt wyst\u0119puje w dw\u00f3ch formach \u2013 kapsu\u0142ek oraz proszku do sporz\u0105dzania zawiesiny. Jest \u0142atwy w stosowaniu, a jego sk\u0142ad nie zawiera dodatk\u00f3w chemicznych ani konserwant\u00f3w. Szczeg\u00f3lnie polecany osobom po 50. roku \u017cycia, w okresie obci\u0105\u017cenia organizmu lub przy zwi\u0119kszonym zapotrzebowaniu na minera\u0142y, takie jak krzem. Detox Pure wspiera codzienn\u0105 higien\u0119 wewn\u0119trzn\u0105, r\u00f3wnowag\u0119 mineraln\u0105 i komfort trawienny.<\/p>\n<p data-start=\"981\" data-end=\"1176\">Regularne stosowanie preparatu to naturalny spos\u00f3b na oczyszczenie organizmu \u2013 por\u00f3wnywalny z codziennym myciem z\u0119b\u00f3w. Dla d\u0142ugotrwa\u0142ego efektu zaleca si\u0119 stosowanie przez minimum 12\u201324 tygodnie.<\/p>\n","protected":false},"excerpt":{"rendered":"<p>Detox Pure \u2013 certyfikowany wyr\u00f3b medyczny z naturalnym zeolitem klinoptylolitem. Wspiera oczyszczanie organizmu z toksyn i metali ci\u0119\u017ckich. Idealny na co dzie\u0144.<\/p>\n","protected":false},"featured_media":14113,"comment_status":"open","ping_status":"closed","template":"","meta":[],"product_brand":[],"product_cat":[72],"product_tag":[],"class_list":{"0":"post-14115","1":"product","2":"type-product","3":"status-publish","4":"has-post-thumbnail","6":"product_cat-suplementy-diety","8":"first","9":"onbackorder","10":"taxable","11":"shipping-taxable","12":"purchasable","13":"product-type-simple"},"_links":{"self":[{"href":"https:\/\/ziolazycia.com\/nowa\/wp-json\/wp\/v2\/product\/14115","targetHints":{"allow":["GET"]}}],"collection":[{"href":"https:\/\/ziolazycia.com\/nowa\/wp-json\/wp\/v2\/product"}],"about":[{"href":"https:\/\/ziolazycia.com\/nowa\/wp-json\/wp\/v2\/types\/product"}],"replies":[{"embeddable":true,"href":"https:\/\/ziolazycia.com\/nowa\/wp-json\/wp\/v2\/comments?post=14115"}],"wp:featuredmedia":[{"embeddable":true,"href":"https:\/\/ziolazycia.com\/nowa\/wp-json\/wp\/v2\/media\/14113"}],"wp:attachment":[{"href":"https:\/\/ziolazycia.com\/nowa\/wp-json\/wp\/v2\/media?parent=14115"}],"wp:term":[{"taxonomy":"product_brand","embeddable":true,"href":"https:\/\/ziolazycia.com\/nowa\/wp-json\/wp\/v2\/product_brand?post=14115"},{"taxonomy":"product_cat","embeddable":true,"href":"https:\/\/ziolazycia.com\/nowa\/wp-json\/wp\/v2\/product_cat?post=14115"},{"taxonomy":"product_tag","embeddable":true,"href":"https:\/\/ziolazycia.com\/nowa\/wp-json\/wp\/v2\/product_tag?post=14115"}],"curies":[{"name":"wp","href":"https:\/\/api.w.org\/{rel}","templated":true}]}}