{"id":1396,"date":"2023-11-30T13:35:04","date_gmt":"2023-11-30T12:35:04","guid":{"rendered":"https:\/\/ziolazycia.com\/nowa\/?post_type=product&#038;p=1396"},"modified":"2025-11-26T15:58:49","modified_gmt":"2025-11-26T14:58:49","slug":"probiotyk-eko-joy-day-500ml-living-food","status":"publish","type":"product","link":"https:\/\/ziolazycia.com\/nowa\/product\/probiotyk-eko-joy-day-500ml-living-food\/","title":{"rendered":"Probiotyk Eko Joy Day w p\u0142ynie 500 ml"},"content":{"rendered":"<h2 data-sourcepos=\"7:1-7:44\"><strong>Dlaczego warto wybra\u0107 Joy Day Probiotyk?<\/strong><\/h2>\n<ul data-sourcepos=\"9:1-15:0\">\n<li data-sourcepos=\"9:1-9:284\"><strong>Kompleksowa odbudowa mikroflory jelitowej:<\/strong> Joy Day Probiotyk zawiera szerok\u0105 gam\u0119 szczep\u00f3w bakterii probiotycznych, kt\u00f3re pomagaj\u0105 w odbudowie mikroflory jelitowej. Jest to wa\u017cne dla prawid\u0142owego trawienia, wch\u0142aniania sk\u0142adnik\u00f3w od\u017cywczych, odporno\u015bci i og\u00f3lnego stanu zdrowia.<\/li>\n<li data-sourcepos=\"10:1-10:172\"><strong>Znoszenie negatywnych skutk\u00f3w antybiotyk\u00f3w:<\/strong> Joy Day Probiotyk pomaga w znoszeniu negatywnych skutk\u00f3w antybiotykoterapii, takich jak biegunka, zaparcia i b\u00f3le brzucha.<\/li>\n<li data-sourcepos=\"11:1-11:138\"><strong>Regulacja pracy uk\u0142adu odporno\u015bciowego:<\/strong> Joy Day Probiotyk pomaga w regulacji pracy uk\u0142adu odporno\u015bciowego i chroni przed infekcjami.<\/li>\n<li data-sourcepos=\"12:1-12:186\"><strong>Najbardziej naturalny i zaawansowany probiotyk:<\/strong> Joy Day Probiotyk jest produktem naturalnym, kt\u00f3ry nie zawiera sztucznych dodatk\u00f3w. Jest on r\u00f3wnie\u017c wolny od glutenu, laktozy i GMO.<\/li>\n<li data-sourcepos=\"13:1-13:177\"><strong>Zawiera \u017cywe i witalne bakterie probiotyczne<\/strong>, kt\u00f3re s\u0105 niezb\u0119dne dla prawid\u0142owego funkcjonowania organizmu.<\/li>\n<li data-sourcepos=\"14:1-15:0\"><strong>Probiotyk w formie p\u0142ynnej:<\/strong> Joy Day Probiotyk jest dost\u0119pny w formie p\u0142ynnej, co u\u0142atwia jego stosowanie.<\/li>\n<\/ul>\n<h2>Sk\u0142adniki Joy Day Probiotyk w p\u0142ynie:<\/h2>\n<p>Produkt otrzymuje si\u0119 w naturalnym procesie fermentacji z wykorzystaniem \u017cywych i aktywnych szczep\u00f3w bakterii probiotycznych w tym: Lactobacillus rhamnosus GG (ATCC 53103), L. rhamnosus LR 04 (DSM 16605), L. rhamnosus ATB-LRS905 (LMG 25626), L. acidophilus LA 02 (DSM 21717), L. plantarum LP 09 (DSM 25710), L. plantarum ATB-LPM907 (LMG 26655), L. paracasei LPC 00 (LMG P-21380), Bifidobacterium breve BR 03 (DSM 16604), B. breve ATB-BBE804 (LMG 13208), B. animalis ssp. lactis BS 01 (LMG P-21384), B. longum ATB-BLM802 (LMG 26652), Streptococcus thermophilus FP 4 (DSM 18616).<\/p>\n<p>Ponadto w trakcie tego procesu uzyskuje si\u0119 szereg prozdrowotnych metabolit\u00f3w bakterii probiotycznych zwanych postbiotykami. Produkty Joy Day jako nieliczne probiotyki na \u015bwiecie zawieraj\u0105 te zwi\u0105zki. Ich dzia\u0142anie jest coraz szerzej opisywane i coraz bardziej docenianie przez fachowc\u00f3w. Niekiedy m\u00f3wi si\u0119 nawet, \u017ce s\u0105 r\u00f3wnie wa\u017cne co same bakterie probiotyczne w utrzymaniu zdrowia.<\/p>\n<h2>Spos\u00f3b u\u017cycia Joy Day Probiotyk:<\/h2>\n<p>Joy Day Probiotyk zalecany jest jako element codziennej zr\u00f3wnowa\u017conej diety. Mog\u0105 go stosowa\u0107 zar\u00f3wno osoby doros\u0142e, starsze jak i dzieci powy\u017cej 3 roku \u017cycia. W dodatku nadaje si\u0119 do spo\u017cycia dla wegan, diabetyk\u00f3w oraz ludzi nietoleruj\u0105cych glutenu i laktozy. Z uwagi na du\u017c\u0105 liczb\u0119 bakterii oraz zwi\u0105zk\u00f3w postbiotycznych zalecany jest szczeg\u00f3lnie w trakcie i po antybiotykoterapii. Polecany jest r\u00f3wnie z dla os\u00f3b chorych i w okresie rekonwalescencji.<\/p>\n<p><strong>Doro\u015bli i osoby starsze:<\/strong> oko\u0142o 40 ml na dob\u0119 (4 \u0142y\u017cki) rozcie\u0144czone w dowolnym ch\u0142odnym napoju z wykluczeniem napoj\u00f3w alkoholowych.<br \/>\n<strong>Dzieci powy\u017cej 3 roku \u017cycia:<\/strong> oko\u0142o 20 ml na dob\u0119 (2 \u0142y\u017cki) rozcie\u0144czone w dowolnym ch\u0142odnym napoju z szczeg\u00f3lnym wykluczeniem napoj\u00f3w alkoholowych.<\/p>\n<p>Z uwagi na nieprzetworzon\u0105 form\u0119 bakterii oraz niezwyk\u0142\u0105 witalno\u015b\u0107 zaleca si\u0119 przyjmowanie produktu w czasie posi\u0142k\u00f3w. Zapewni to dobre pod\u0142o\u017ce do ich rozwoju i u\u0142atwi transport do jelita grubego. Idealnie je\u015bli posi\u0142ki b\u0119d\u0105 zawiera\u0142y warzywa, owoce i produkty zbo\u017cowe, poniewa\u017c s\u0105 doskona\u0142ym prebiotykiem \u2013 po\u017cywk\u0105 dla bakterii probiotycznych. Produkt wstrz\u0105sn\u0105\u0107 przed u\u017cyciem.<\/p>\n<p><strong>Przechowywanie<\/strong>: Probiotyk Joy Day nale\u017cy przechowywa\u0107 w przyciemnionym i suchym miejscu. Zamkni\u0119ty mo\u017ce sta\u0107 w temperaturze pokojowej ale po otwarciu najlepiej w lod\u00f3wce. Od momentu otwarcia optymalny czas do spo\u017cycia nie powinien przekracza\u0107 30 dni. Nale\u017cy pami\u0119ta\u0107 aby po ka\u017cdym u\u017cyciu dok\u0142adnie zakr\u0119ci\u0107 butelk\u0119. W mi\u0119dzy czasie mo\u017ce pojawi\u0107 si\u0119 osad na dnie butelki, nalot \u201cbia\u0142ego grzybka\u201d oraz wzmo\u017cona kwasowo\u015b\u0107 ale jest to naturalny efekt fermentacji.<\/p>\n<p><strong>Pojemno\u015b\u0107<\/strong>: 500 ml<\/p>\n<p data-sourcepos=\"18:1-18:57\"><strong>Producent:<br \/>\n<\/strong>Living Food Sp. z o. o.<br \/>\nGraniczna 15<br \/>\n66-320 Trzciel<\/p>\n<p>&nbsp;<\/p>\n","protected":false},"excerpt":{"rendered":"<div class=\"avatar-gutter ng-tns-c416889924-17 ng-star-inserted\">\n<div class=\"bard-avatar ng-tns-c1690977895-19 ui-v2\">\n<div class=\"avatar-container ng-tns-c1690977895-19 ui-v2\"><\/div>\n<\/div>\n<div class=\"resize-observable\"><\/div>\n<\/div>\n<div class=\"response-container-content ng-tns-c416889924-17\">\n<div class=\"response-content ng-tns-c416889924-17 ng-animate-disabled\">\n<div class=\"markdown markdown-main-panel ui-v2-enabled\" dir=\"ltr\">\n<h2 data-sourcepos=\"1:1-1:64\">Probiotyk Joy Day &#8211; kompleksowa odbudowa mikroflory jelitowej.<\/h2>\n<\/div>\n<p>Stosowanie probiotyku Joy Day warunkuje kompleksow\u0105 odbudow\u0119 mikroflory jelitowej. Ponadto bakterie probiotyczne w po\u0142\u0105czeniu z postbiotykami znosz\u0105 negatywne skutki antybiotyk\u00f3w i reguluj\u0105 prac\u0119 uk\u0142adu odporno\u015bciowego oraz trawiennego. <strong>Joy Day Probiotyk<\/strong> to doskona\u0142y wyb\u00f3r dla os\u00f3b, kt\u00f3re chc\u0105 zadba\u0107 o swoje zdrowie w naturalny spos\u00f3b. Zawiera on 12 rekomendowanych szczep\u00f3w bakterii probiotycznych oraz 1,8 miliarda witalnych bakterii probiotycznych w dziennej porcji. Ponadto, Joy Day Probiotyk jest bogatym \u017ar\u00f3d\u0142em cennych dla zdrowia postbiotyk\u00f3w.<\/p>\n<\/div>\n<\/div>\n","protected":false},"featured_media":9634,"comment_status":"closed","ping_status":"closed","template":"","meta":[],"product_brand":[],"product_cat":[76,72],"product_tag":[],"class_list":{"0":"post-1396","1":"product","2":"type-product","3":"status-publish","4":"has-post-thumbnail","6":"product_cat-probiotyki","7":"product_cat-suplementy-diety","9":"first","10":"instock","11":"sale","12":"taxable","13":"shipping-taxable","14":"purchasable","15":"product-type-simple"},"_links":{"self":[{"href":"https:\/\/ziolazycia.com\/nowa\/wp-json\/wp\/v2\/product\/1396","targetHints":{"allow":["GET"]}}],"collection":[{"href":"https:\/\/ziolazycia.com\/nowa\/wp-json\/wp\/v2\/product"}],"about":[{"href":"https:\/\/ziolazycia.com\/nowa\/wp-json\/wp\/v2\/types\/product"}],"replies":[{"embeddable":true,"href":"https:\/\/ziolazycia.com\/nowa\/wp-json\/wp\/v2\/comments?post=1396"}],"wp:featuredmedia":[{"embeddable":true,"href":"https:\/\/ziolazycia.com\/nowa\/wp-json\/wp\/v2\/media\/9634"}],"wp:attachment":[{"href":"https:\/\/ziolazycia.com\/nowa\/wp-json\/wp\/v2\/media?parent=1396"}],"wp:term":[{"taxonomy":"product_brand","embeddable":true,"href":"https:\/\/ziolazycia.com\/nowa\/wp-json\/wp\/v2\/product_brand?post=1396"},{"taxonomy":"product_cat","embeddable":true,"href":"https:\/\/ziolazycia.com\/nowa\/wp-json\/wp\/v2\/product_cat?post=1396"},{"taxonomy":"product_tag","embeddable":true,"href":"https:\/\/ziolazycia.com\/nowa\/wp-json\/wp\/v2\/product_tag?post=1396"}],"curies":[{"name":"wp","href":"https:\/\/api.w.org\/{rel}","templated":true}]}}