{"id":1389,"date":"2023-11-30T13:31:59","date_gmt":"2023-11-30T12:31:59","guid":{"rendered":"https:\/\/ziolazycia.com\/nowa\/?post_type=product&#038;p=1389"},"modified":"2025-11-26T15:58:49","modified_gmt":"2025-11-26T14:58:49","slug":"olej-z-nasion-czarnuszki-siewnej-180-kapsulek-sanct-bernhard","status":"publish","type":"product","link":"https:\/\/ziolazycia.com\/nowa\/product\/olej-z-nasion-czarnuszki-siewnej-180-kapsulek-sanct-bernhard\/","title":{"rendered":"Olej z nasion czarnuszki siewnej &#8211; 180 kapsu\u0142ek"},"content":{"rendered":"<p>Czarnuszka siewna zawiera nienasycone kwasy t\u0142uszczowe.<\/p>\n<p>Zast\u0119powanie w diecie t\u0142uszcz\u00f3w nasyconych t\u0142uszczami nienasyconymi pomaga w utrzymaniu prawid\u0142owego poziomu cholesterolu we krwi jak i mo\u017ce przynosi\u0107 ulg\u0119 w okresach nasilonych alergii wiosennych.<\/p>\n<p>Nie bez kozery czarnuszka jest nazywana z\u0142otem Faraon\u00f3w.<\/p>\n<p>Surowiec wykorzystany w tym suplemencie pochodzi z Egiptu i jest bogaty w ponad sto substancji czynnych, np.: mikro i makroelementy, witaminy (E i F), a przede wszystkim nienasycone kwasy t\u0142uszczowe, w tym kwas linolowy (84%).<\/p>\n<p><strong>Zawarto\u015b\u0107 opakowania:<\/strong> 180 kapsu\u0142ek<\/p>\n<p><strong>Dzienne spo\u017cycie:<\/strong>\u00a06 kapsu\u0142ek<\/p>\n<p><strong>Sk\u0142adniki aktywne:<\/strong><\/p>\n<table width=\"100%\">\n<thead>\n<tr>\n<td width=\"73%\"><\/td>\n<td width=\"23%\"><strong>1 kapsu\u0142ka<\/strong><\/td>\n<td width=\"1%\"><\/td>\n<td width=\"1%\">&nbsp;<\/td>\n<\/tr>\n<\/thead>\n<tbody>\n<tr>\n<td width=\"73%\">\n<table>\n<tbody>\n<tr>\n<td>Olej z nasion czarnuszki siewnej<\/p>\n<p>&#8211; t\u0142uszcz<\/p>\n<p>W tym<\/p>\n<p>Kwasy t\u0142uszczowe nasycone<\/p>\n<p>Kwasy t\u0142uszczowe nasycone<\/td>\n<td><\/td>\n<\/tr>\n<tr>\n<td>\n<table>\n<tbody>\n<tr>\n<td width=\"252\">W tym<\/p>\n<p>Kwasy t\u0142uszczowe jednonienasycone<\/p>\n<p>Kwasy t\u0142uszczowe wielonienasycone<\/p>\n<p>&nbsp;<\/p>\n<p>&nbsp;<\/td>\n<td width=\"1\">&nbsp;<\/td>\n<\/tr>\n<tr>\n<td width=\"252\">&nbsp;<\/td>\n<td width=\"1\"><\/td>\n<\/tr>\n<tr>\n<td width=\"252\">&nbsp;<\/td>\n<td width=\"1\"><\/td>\n<\/tr>\n<tr>\n<td width=\"252\">&nbsp;<\/td>\n<td width=\"1\">&nbsp;<\/td>\n<\/tr>\n<\/tbody>\n<\/table>\n<\/td>\n<td>&nbsp;<\/td>\n<\/tr>\n<tr>\n<td>&nbsp;<\/td>\n<td>&nbsp;<\/td>\n<\/tr>\n<\/tbody>\n<\/table>\n<\/td>\n<td width=\"23%\">500 mg<\/p>\n<p>500 mg<\/p>\n<p>&nbsp;<\/p>\n<p>80 mg<\/p>\n<p>420 mg<\/p>\n<p>&nbsp;<\/p>\n<p>&nbsp;<\/p>\n<p>&nbsp;<\/p>\n<p>125 mg<\/p>\n<p>295 mg<\/td>\n<td width=\"1%\"><\/td>\n<td width=\"1%\">&nbsp;<\/td>\n<\/tr>\n<\/tbody>\n<\/table>\n<p><strong>Sk\u0142adniki:<\/strong> Olej z czarnuszki siewnej.<\/p>\n<h2>Olej z czarnuszki siewnej 180 kapsu\u0142ek &#8211; spos\u00f3b u\u017cycia:<\/h2>\n<p>3 razy dziennie po 2 kapsu\u0142ki popijaj\u0105c wod\u0105.<\/p>\n<p><strong>Nie przekracza\u0107 zalecanej porcji do spo\u017cycia w ci\u0105gu dnia. Produkt nie mo\u017ce by\u0107 stosowany jako substytut zr\u00f3\u017cnicowanej diety. Wa\u017cne jest stosowanie zr\u00f3\u017cnicowanej i zbilansowanej diety oraz prowadzenie zdrowego trybu \u017cycia.<\/strong><\/p>\n<p><strong>Przechowywanie:<\/strong><\/p>\n<p>Po otwarciu przechowywa\u0107 w suchym i ciemnym miejscu, z dala od ma\u0142ych dzieci.<\/p>\n<p><strong>Producent:<\/strong><\/p>\n<p>Kr\u00e4uterhaus Sanct Bernhard KG, Niemcy<\/p>\n<p>&nbsp;<\/p>\n","protected":false},"excerpt":{"rendered":"<p><strong>Suplement diety<\/strong><\/p>\n<h2>Wsparcie dla alergik\u00f3w<\/h2>\n<p>G\u0142\u00f3wnym sk\u0142adnikiem preparatu jest olej z nasion czarnuszki siewnej w wygodnej formie kapsu\u0142ki dla os\u00f3b nie toleruj\u0105cych charakterystycznego smaku oleju z czarnuszki.<\/p>\n","protected":false},"featured_media":9631,"comment_status":"closed","ping_status":"closed","template":"","meta":[],"product_brand":[],"product_cat":[72],"product_tag":[],"class_list":{"0":"post-1389","1":"product","2":"type-product","3":"status-publish","4":"has-post-thumbnail","6":"product_cat-suplementy-diety","8":"first","9":"instock","10":"sale","11":"featured","12":"taxable","13":"shipping-taxable","14":"purchasable","15":"product-type-simple"},"_links":{"self":[{"href":"https:\/\/ziolazycia.com\/nowa\/wp-json\/wp\/v2\/product\/1389","targetHints":{"allow":["GET"]}}],"collection":[{"href":"https:\/\/ziolazycia.com\/nowa\/wp-json\/wp\/v2\/product"}],"about":[{"href":"https:\/\/ziolazycia.com\/nowa\/wp-json\/wp\/v2\/types\/product"}],"replies":[{"embeddable":true,"href":"https:\/\/ziolazycia.com\/nowa\/wp-json\/wp\/v2\/comments?post=1389"}],"wp:featuredmedia":[{"embeddable":true,"href":"https:\/\/ziolazycia.com\/nowa\/wp-json\/wp\/v2\/media\/9631"}],"wp:attachment":[{"href":"https:\/\/ziolazycia.com\/nowa\/wp-json\/wp\/v2\/media?parent=1389"}],"wp:term":[{"taxonomy":"product_brand","embeddable":true,"href":"https:\/\/ziolazycia.com\/nowa\/wp-json\/wp\/v2\/product_brand?post=1389"},{"taxonomy":"product_cat","embeddable":true,"href":"https:\/\/ziolazycia.com\/nowa\/wp-json\/wp\/v2\/product_cat?post=1389"},{"taxonomy":"product_tag","embeddable":true,"href":"https:\/\/ziolazycia.com\/nowa\/wp-json\/wp\/v2\/product_tag?post=1389"}],"curies":[{"name":"wp","href":"https:\/\/api.w.org\/{rel}","templated":true}]}}