{"id":1381,"date":"2023-11-30T13:29:30","date_gmt":"2023-11-30T12:29:30","guid":{"rendered":"https:\/\/ziolazycia.com\/nowa\/?post_type=product&#038;p=1381"},"modified":"2025-11-26T15:58:47","modified_gmt":"2025-11-26T14:58:47","slug":"nanokoloidalne-srebro-50ppm-100ml","status":"publish","type":"product","link":"https:\/\/ziolazycia.com\/nowa\/product\/nanokoloidalne-srebro-50ppm-100ml\/","title":{"rendered":"Srebro Nanokoloidalne 50ppm 100ml"},"content":{"rendered":"<p>Uzasadnione by\u0142o r\u00f3wnie\u017c u\u017cywanie srebrnych naczy\u0144 i sztu\u0107c\u00f3w. Dzi\u0119ki temu neutralizowano wyst\u0119puj\u0105ce na powierzchni naczy\u0144 wirusy, bakterie i grzyby.<br \/>\nZastosowanie Srebra nanokoloidalnego w medycynie znane jest od dawien dawna.<br \/>\nWyst\u0119puje w postaci roztworu z destylowanej wody oraz drobinek srebra. Dzi\u0119ki formie koloidalnej mo\u017ce by\u0107 bezproblemowo stosowane na cia\u0142o cz\u0142owieka. Roztw\u00f3r koloidalny srebra charakteryzuje si\u0119 wysokim poziomem rozdrobnienia, dlatego jego cz\u0105steczki s\u0105 ca\u0142kowicie wydalane z organizmu w ci\u0105gu kilku dni.<\/p>\n<p>Dowiedziono, \u017ce zabija ponad 650 patogen\u00f3w oraz niszczy grzyby i ple\u015b\u0144. Zewn\u0119trznie stosuje si\u0119 je w przy:<br \/>\n&#8211; odka\u017caniu nawet trudno goj\u0105cych si\u0119 ran, oparze\u0144, zadrapa\u0144 i skalecze\u0144,<br \/>\n&#8211; tr\u0105dziku, wysypki i wyprysk\u00f3w<br \/>\n&#8211; zmianach sk\u00f3rnych, \u0142uszczycy, opryszczce czy ospie wietrznej,<br \/>\n&#8211; uk\u0105szeniach owad\u00f3w,<br \/>\n&#8211; stanach sk\u00f3ry, uszu i oczu, a nawet dr\u00f3g p\u0142ciowych.<\/p>\n<p>Do stosowania zewn\u0119trznego lub jako p\u0142ukanka do jamy ustnej.<\/p>\n<p><strong>Zawarto\u015b\u0107 opakowania<\/strong>:\u00a0100 ml<\/p>\n<p><strong>Sk\u0142adniki<\/strong>: niejonowy nanokoloid srebra PPM 50 (czyli 50 mg\/1l)<\/p>\n<h2>Srebro nanokoloidalne &#8211; spos\u00f3b u\u017cycia:<\/h2>\n<p>Stosowa\u0107 miejscowo.<\/p>\n<p><strong>Przechowywanie: <\/strong>Przechowywa\u0107 w spos\u00f3b niedost\u0119pny dla ma\u0142ych dzieci.<\/p>\n<p><strong>Producent:<\/strong><br \/>\nBio Nature<\/p>\n","protected":false},"excerpt":{"rendered":"<p><strong>Srebro nanokoloidalne 50 PPM<\/strong> to niejonowy koloid srebra o silnym dzia\u0142aniu antybakteryjnym, przeciwzapalnym i przeciwgrzybiczym. Nie podra\u017cnia b\u0142on \u015bluzowych i nie niszczy mikroflory jelitowej. Jest bezpieczne dla kobiet w ci\u0105\u017cy i matek karmi\u0105cych.<br \/>\nWyj\u0105tkowe w\u0142a\u015bciwo\u015bci srebra zauwa\u017cono ju\u017c w staro\u017cytno\u015bci. Zaobserwowano bowiem, \u017ce srebrne monety przy\u0142o\u017cone do rany przyspiesza\u0142y ich gojenie.<\/p>\n","protected":false},"featured_media":9625,"comment_status":"closed","ping_status":"closed","template":"","meta":[],"product_brand":[],"product_cat":[72],"product_tag":[],"class_list":{"0":"post-1381","1":"product","2":"type-product","3":"status-publish","4":"has-post-thumbnail","6":"product_cat-suplementy-diety","8":"first","9":"instock","10":"sale","11":"taxable","12":"shipping-taxable","13":"purchasable","14":"product-type-simple"},"_links":{"self":[{"href":"https:\/\/ziolazycia.com\/nowa\/wp-json\/wp\/v2\/product\/1381","targetHints":{"allow":["GET"]}}],"collection":[{"href":"https:\/\/ziolazycia.com\/nowa\/wp-json\/wp\/v2\/product"}],"about":[{"href":"https:\/\/ziolazycia.com\/nowa\/wp-json\/wp\/v2\/types\/product"}],"replies":[{"embeddable":true,"href":"https:\/\/ziolazycia.com\/nowa\/wp-json\/wp\/v2\/comments?post=1381"}],"wp:featuredmedia":[{"embeddable":true,"href":"https:\/\/ziolazycia.com\/nowa\/wp-json\/wp\/v2\/media\/9625"}],"wp:attachment":[{"href":"https:\/\/ziolazycia.com\/nowa\/wp-json\/wp\/v2\/media?parent=1381"}],"wp:term":[{"taxonomy":"product_brand","embeddable":true,"href":"https:\/\/ziolazycia.com\/nowa\/wp-json\/wp\/v2\/product_brand?post=1381"},{"taxonomy":"product_cat","embeddable":true,"href":"https:\/\/ziolazycia.com\/nowa\/wp-json\/wp\/v2\/product_cat?post=1381"},{"taxonomy":"product_tag","embeddable":true,"href":"https:\/\/ziolazycia.com\/nowa\/wp-json\/wp\/v2\/product_tag?post=1381"}],"curies":[{"name":"wp","href":"https:\/\/api.w.org\/{rel}","templated":true}]}}