{"id":1377,"date":"2023-11-30T13:28:14","date_gmt":"2023-11-30T12:28:14","guid":{"rendered":"https:\/\/ziolazycia.com\/nowa\/?post_type=product&#038;p=1377"},"modified":"2025-11-26T15:58:47","modified_gmt":"2025-11-26T14:58:47","slug":"joy-day-koncentrat-napoju-probiotycznego-500ml-living-food","status":"publish","type":"product","link":"https:\/\/ziolazycia.com\/nowa\/product\/joy-day-koncentrat-napoju-probiotycznego-500ml-living-food\/","title":{"rendered":"Joy Day Koncentrat napoju probiotycznego 500 ml"},"content":{"rendered":"<h2><strong>W sk\u0142adzie<\/strong> Joy Day Koncentrat napoju probiotycznego 500 ml znajdziemy:<\/h2>\n<p>\u017cywe i aktywne szczepy bakterii takich jak: Lactobacillus rhamnosus GG, L. rhamnosus LR 04, L. rhamnosus LR 05, L. acidophilus LA 1, L. delbrueckii ssp. bulgaricus LB 2, L. plantarum LP 02, L. plantarum LP 01, L. fermentum LF2, Bifidobacterium breve BL 10, B. breve Bbr 8, B. longum BL 03, B. animalis ssp. lactis Bi 1 MDX, Streptococcus thermophilus Z 57, S. thermophilus 9 Y, L. casei 101\/37.<\/p>\n<h2><strong>Sk\u0142adniki aktywne zawarte w 5 ml Joy Day Koncentrat napoju probiotycznego:<\/strong><\/h2>\n<p>Kompozycja \u017cywych kultur bakterii probiotycznych w postaci p\u0142ynnej (min. 2&#215;107 jtk\/ml):<\/p>\n<p>Ekstrakt z fermentowanych ro\u015blin zio\u0142owych i owoc\u00f3w 20% (w tym:li\u015bcie czarnej porzeczki 16,7%,<\/p>\n<p>li\u015bcie je\u017cyny 16,7%,<\/p>\n<p>li\u015bcie poziomki 16,7%,<\/p>\n<p>ziele skrzypu 16,6%,<\/p>\n<p>owoce czarnej porzeczki 16% i je\u017cyny 16,6%),<\/p>\n<p>sok jab\u0142kowy (20%).<\/p>\n<h2>Spos\u00f3b u\u017cycia Joy Day Koncentrat napoju probiotycznego:<\/h2>\n<p><strong>Doro\u015bli<\/strong>: od 10 do 15 ml (2-3 \u0142y\u017ceczki) 3 razy dziennie rozcie\u0144czone w ok. 100 ml wody lub innego napoju.<br \/>\n<strong>Dzieci powy\u017cej 3-go roku \u017cycia<\/strong>: 5 ml (1 \u0142y\u017ceczka) 3 razy dziennie rozcie\u0144czone w ok. 50 ml wody lub innego napoju.<\/p>\n<p><strong>Dzienne spo\u017cycie<\/strong>: do 15 ml. Dzienna porcja zawiera 600 milion\u00f3w bakterii.<\/p>\n<p><strong>Nie przekracza\u0107 zalecanej porcji do spo\u017cycia w ci\u0105gu dnia. Produkt nie mo\u017ce by\u0107 stosowany jako substytut zr\u00f3\u017cnicowanej diety. Wa\u017cne jest stosowanie zr\u00f3\u017cnicowanej i zbilansowanej diety oraz prowadzenie zdrowego trybu \u017cycia.<\/strong><\/p>\n<p><strong>Zawarto\u015b\u0107 opakowania:<\/strong>\u00a0500 ml<\/p>\n<p><strong>Przechowywanie: <\/strong>Po otwarciu przechowywa\u0107 w suchym i ciemnym miejscu, z dala od ma\u0142ych dzieci.<\/p>\n<p><strong>Producent:<\/strong><br \/>\nLiving Food Sp. z.o.o<br \/>\nul.Graniczna 15, 66-320 Trzciel<\/p>\n<table width=\"100%\">\n<thead>\n<tr>\n<td><\/td>\n<td style=\"text-align: right;\" width=\"23%\"><strong>5 ml<\/strong><\/td>\n<td width=\"1%\"><\/td>\n<\/tr>\n<\/thead>\n<\/table>\n","protected":false},"excerpt":{"rendered":"<p><strong>Suplement diety<\/strong><\/p>\n<h2>Naturalny probiotyk<\/h2>\n<h2>Preparat Joy Day wyst\u0119puje w postaci wydajnego koncentrat napoju probiotycznego.<\/h2>\n<p>Bezalkoholowy koncentrat napoju\u00a0 probiotycznego uzyskany w wyniku fermentacji zio\u0142owo-owocowej.<br \/>\nCharakteryzuje si\u0119 \u015bwie\u017cym, zio\u0142owo-owocowym aromatem i naturalnym, orze\u017awiaj\u0105cym smakiem.<br \/>\nBez dodatku cukru i substancji s\u0142odz\u0105cych (zawiera naturalnie wyst\u0119puj\u0105ce cukry).<br \/>\nProdukt bezglutenowy, nieklarowany, niepasteryzowany.<\/p>\n","protected":false},"featured_media":9622,"comment_status":"closed","ping_status":"closed","template":"","meta":[],"product_brand":[],"product_cat":[76,72],"product_tag":[],"class_list":{"0":"post-1377","1":"product","2":"type-product","3":"status-publish","4":"has-post-thumbnail","6":"product_cat-probiotyki","7":"product_cat-suplementy-diety","9":"first","10":"instock","11":"sale","12":"taxable","13":"shipping-taxable","14":"purchasable","15":"product-type-simple"},"_links":{"self":[{"href":"https:\/\/ziolazycia.com\/nowa\/wp-json\/wp\/v2\/product\/1377","targetHints":{"allow":["GET"]}}],"collection":[{"href":"https:\/\/ziolazycia.com\/nowa\/wp-json\/wp\/v2\/product"}],"about":[{"href":"https:\/\/ziolazycia.com\/nowa\/wp-json\/wp\/v2\/types\/product"}],"replies":[{"embeddable":true,"href":"https:\/\/ziolazycia.com\/nowa\/wp-json\/wp\/v2\/comments?post=1377"}],"wp:featuredmedia":[{"embeddable":true,"href":"https:\/\/ziolazycia.com\/nowa\/wp-json\/wp\/v2\/media\/9622"}],"wp:attachment":[{"href":"https:\/\/ziolazycia.com\/nowa\/wp-json\/wp\/v2\/media?parent=1377"}],"wp:term":[{"taxonomy":"product_brand","embeddable":true,"href":"https:\/\/ziolazycia.com\/nowa\/wp-json\/wp\/v2\/product_brand?post=1377"},{"taxonomy":"product_cat","embeddable":true,"href":"https:\/\/ziolazycia.com\/nowa\/wp-json\/wp\/v2\/product_cat?post=1377"},{"taxonomy":"product_tag","embeddable":true,"href":"https:\/\/ziolazycia.com\/nowa\/wp-json\/wp\/v2\/product_tag?post=1377"}],"curies":[{"name":"wp","href":"https:\/\/api.w.org\/{rel}","templated":true}]}}