{"id":1374,"date":"2023-11-30T13:26:40","date_gmt":"2023-11-30T12:26:40","guid":{"rendered":"https:\/\/ziolazycia.com\/nowa\/?post_type=product&#038;p=1374"},"modified":"2025-11-26T15:58:47","modified_gmt":"2025-11-26T14:58:47","slug":"droserin-krem-do-twarzy-50ml-energy-poland","status":"publish","type":"product","link":"https:\/\/ziolazycia.com\/nowa\/product\/droserin-krem-do-twarzy-50ml-energy-poland\/","title":{"rendered":"Droserin Zio\u0142owy krem do twarzy i cia\u0142a 50 ml"},"content":{"rendered":"<p>Zgodnie z TCM nale\u017cy do elementu metalu (p\u0142uca, jelito grube)\u00a0.<\/p>\n<h2><strong>Ro\u015bliny wchodz\u0105ce w sk\u0142ad kremu Droserin i ich tradycyjne zastosowania:<\/strong><\/h2>\n<section class=\"miniArticle2 center\">\n<div class=\"content\">\n<ul>\n<li class=\"p4\"><b>Miodunka lekarska: <\/b>zawiera kwas krzemowy w formie rozpuszczalnej i nierozpuszczalnej, saponiny, alantoin\u0119, substancje mineralne; zewn\u0119trznie ma w\u0142a\u015bciwo\u015bci \u015bci\u0105gaj\u0105ce i zmi\u0119kczaj\u0105ce,dzia\u0142a przeciwzapalnie, stosowana przy katarach oskrzeli.<\/li>\n<li class=\"p4\"><b>Lebiodka pospolita: <\/b>ze wzgl\u0119du na du\u017c\u0105 zawarto\u015b\u0107 olejk\u00f3w, tanin, flawonoid\u00f3w i substancji gorzkich stosowana przy chorobach p\u0142uc; stosowana przeciwskurczowo, wzmacniaj\u0105co na nerwy, by popraw\u0107 prac\u0119 serca i obwodowy uk\u0142ad krwiono\u015bny.<\/li>\n<li class=\"p4\"><b>Babka lancetowata:<\/b> zawiera taniny, \u015bluz, enzymy, witamin\u0119 C, kwas krzemowy, wap\u0144 i potas; zewn\u0119trznie stosowana na \u017ale goj\u0105ce si\u0119 rany i problemy sk\u00f3rne (przeciwgrzybicze); przy astmie i kaszlu.<\/li>\n<li class=\"p4\"><b>Dziewanna wielkokwiatowa: <\/b>stosowana w astmie oskrzelowej dla \u0142agodzenia skurcz\u00f3w oskrzeli, u\u0142atwienia odkas\u0142ywania; zawiera saponiny, taniny, flawonoidy i \u015bluz.<\/li>\n<li class=\"p4\"><b>Lukrecja g\u0142adka:<\/b> zawarto\u015b\u0107 substancji przeciwzapalnych i fitohormon\u00f3w dzia\u0142a podobnie do kortykoid\u00f3w. Stosowana przeciw skurczom, do rozpuszczania \u015bluzu.<\/li>\n<li class=\"p4\"><strong>Pere\u0142kowiec japo\u0144ski:<\/strong> ze wzgl\u0119du na zawarto\u015b\u0107 rutyny wp\u0142ywa na naczynia, alergie i choroby sk\u00f3ry; stosowany przeciwzapalnie.<\/li>\n<li class=\"p4\"><b>Podbia\u0142 pospolity:<\/b> zawiera du\u017c\u0105 ilo\u015b\u0107 cynku i potasu, \u015bluz, flawonoidy i taniny; stosowany przy astmie, kaszlu i katarach g\u00f3rnych dr\u00f3g oddechowych.<\/li>\n<li class=\"p4\"><b>Nasturcja wi\u0119ksza:<\/b> stosowana jako naturalny antybiotyk, kt\u00f3ry nawet w najmniejszych st\u0119\u017ceniach dzia\u0142a\u0142 m. in. na 46 typ\u00f3w bakterii gronkowca.<\/li>\n<li class=\"p4\"><b>Ostry\u017c d\u0142ugi:<\/b> zawiera barwnik, ostre substancje gorzkie oraz olejki; zewn\u0119trznie stosowany na niegoj\u0105ce si\u0119 wrzody, b\u00f3le gard\u0142a, przy gor\u0105czce; \u0142agodz\u0105co przy sw\u0119dzeniu sk\u00f3ry.<\/li>\n<li class=\"p4\"><b>Hyzop lekarski:<\/b> ze wzgl\u0119du na wyra\u017anie antybiotyczne w\u0142a\u015bciwo\u015bci stosowany zw\u0142aszcza w zapaleniu oskrzeli, b\u00f3lach gard\u0142a, ale r\u00f3wnie\u017c w astmie; zawiera olejki eteryczne, kwasy organiczne i taniny.<\/li>\n<li class=\"p4\"><b>Chinowiec lekarski:<\/b> zawiera substancje o charakterze antybiotycznym; stosowany w malarii i podobnych infekcjach zwi\u0105zanych z gor\u0105czk\u0105 i dreszczami.<\/li>\n<li class=\"p4\"><b>P\u0142ucnica islandzka:<\/b> zawiera \u015bluz, substancje gorzkie oraz tzw. kwasy porostowe; stosowana w katarach, stanach zapalnych g\u00f3rnych dr\u00f3g oddechowych i gru\u017alicy ze wzgl\u0119du na silne w\u0142a\u015bciwo\u015bci przeciwwirusowe i antybiotyczne.<\/li>\n<li class=\"p4\"><b>Tymianek pospolity:<\/b> zawiera olejki eteryczne, taniny, kwasy organiczne,substancje gorzkie i saponiny; stosowany w zapaleniu oskrzeli, \u0142agodzeniu skurczy z uwagi na wyra\u017ane w\u0142a\u015bciwo\u015bci przeciwbakteryjne i przeciwgrzybicze.<\/li>\n<li class=\"p4\"><b>Poziewnik piaskowy: <\/b>zawiera kwas krzemowy, saponiny, taniny i olejki eteryczne; ro\u015blina stosowana zw\u0142aszcza w kolagenozach, gru\u017alicy i stanach zapalnych.<\/li>\n<li class=\"p4\"><b>R\u00f3\u017ca stulistna:<\/b> zawiera \u015bluz, flawonoidy, olejek eteryczny, antocyjany i taniny; stosowana w gru\u017alicy, b\u00f3lu gard\u0142a, kaszlu, katarze i zapaleniu oskrzeli.<\/li>\n<li class=\"p4\"><b>Aralia mand\u017curska:<\/b> Zawiera aralozydy, olejek eteryczny, alkaloidy i saponiny; stosowana do stymulacji centralnego uk\u0142adu nerwowego poprawy pracy uk\u0142adu immunologicznego.<\/li>\n<li class=\"p4\"><b>Imbir lekarski:<\/b> wykorzystywany ze wzgl\u0119du na zawarto\u015b\u0107 olejk\u00f3w eterycznych, fosforu, witaminy C; stosowany ze wzgl\u0119du na silne w\u0142a\u015bciwo\u015bci przeciwbakteryjne.<\/li>\n<li class=\"p4\"><strong>Skrzyp polny<\/strong>: ze wzgl\u0119du na zawarto\u015b\u0107 krzemu ma silne regeneracyjne dzia\u0142anie na tkanki, ponadto zawiera kwas krzemowy, flawonoidy, saponiny; stosowany zewn\u0119trznie na \u017ale goj\u0105ce si\u0119 rany i wysypki.<\/li>\n<li class=\"p4\"><b>Prawo\u015blaz lekarski:<\/b> zawiera \u015bluz, taniny, antocyjanowe glikozydy i fitohormony; stosowany w schorzeniach sk\u00f3ry i stanach zapalnych oskrzeli dla z\u0142agodzenia kaszlu.<\/li>\n<\/ul>\n<\/div>\n<\/section>\n<p>Krem Droserin zawiera ponadto wod\u0119 z trzeciorz\u0119du z Podhajskiej. Woda ta ma wielki potencja\u0142 energetyczny i wyj\u0105tkowy sk\u0142ad. Charakteryzuje si\u0119 wysok\u0105 zawarto\u015bci\u0105 borku, krzemu, chlorku, siarczanu, fluoru, w\u0119glanu, jodu, bromu, potasu, wapnia, magnezu, litu, \u017celaza, \u015bladowe ilo\u015bci miedzi, chromu, cynku, tytanu i innych pierwiastk\u00f3w i minera\u0142\u00f3w. Jej efekt regeneracyjny jest wi\u0119kszy ni\u017c wody z Morza Martwego.<\/p>\n<p><strong>Sk\u0142adniki aktywne:<\/strong> Ekstrakt zio\u0142owy (Miodunka lekarska, R\u00f3\u017ca stulistna, Chinowiec lekarski, Pere\u0142kowiec japo\u0144ski, Dziewanna wielkokwiatowa, Imbir lekarski, P\u0142ucnica islandzka, Podbia\u0142 pospolity, Poziewnik piaskowy, Lukrecja g\u0142adka, Hyzop lekarski, Tymianek pospolity, Aralia mand\u017curska, Ostry\u017c d\u0142ugi, Skrzyp polny, Lebiodka pospolita, Babka lancetowata, Nasturcja wi\u0119ksza, Prawo\u015blaz lekarski), oleje ro\u015blinne (sezam, olej rycynowy, len, orzeszki ziemne, konopny, mak), olejki eteryczne (benzoes, cedr, eukaliptus, pelargonia, kamfora, koper, macierzanka, mirra, palczatka, guajak, drzewo herbaciane, terpentyna, tymianek, imbir), trzeciorz\u0119dowa woda termalna, potasowa substancja humusowa, witamina A i E, kombinacje ekstrakt\u00f3w z mirry, kadzid\u0142owca i draceny.<\/p>\n<p><strong>Sk\u0142ad<\/strong><strong> (INCI):<\/strong> Extractum Herbarum (Pulmonaria Officinalis Extract, Rosa Centifolia Flower Extract, Cinchona Calisaya Bark Extract, Sophora Japonica Fruit Extract, Verbascum Thapsus Extract, Zingiber Officinale Root Extract, Cetraria Islandica Extract, Tussilago Farfara Flower Extract, Galeopsis Segetum Extract, Glycyrrhiza Glabra Root Extract, Hyssopus Officinalis Herb Extract, Thymus Vulgaris Extract, Aralia Cordata Extract, Curcuma Longa Root Extract, Equisetum Arvense Extract, Origanum Vulgare Extract, Plantago Lanceolata Leaf Extract, Tropaeolum Majus Seed Extract, Althaea Rosea Flower Extract, Mineral Water, Alcohol Denat., Vinegar), Glyceryl Stearate, Hydrogenated Polyisobutene, Glycerin, Cetyl Palmitate, Glyceryl Stearate Citrate, Hydrogenated Hemp Seed Oil, Cetearyl Alcohol, Urea, Sesamum Indicum Seed Oil, Arachis Hypogaea Oil, Polysorbate 60, Butyrospermum Parkii Butter, Ricinus Communis Seed Oil, Linum Usitatissimum Seed Oil, Parfum (Cinnamomum Camphora Leaf\u00a0 Oil, Foeniculum Vulgare Oil, Cymbopogon Martini Oil, Guajacum Officinale Wood Extract, Styrax Benzoin Resin Extract, Melaleuca Alternifolia Leaf Oil, Melaleuca Cajaputi Extract, Pinus Palustris Oil, Thymus Serpillum Extract, Commiphora Myrrha Oil, Eucalyptus Globulus Leaf Oil, Juniperus Virginiana Oil, Zingiber Officinale Root Oil, Pelargonium Graveolens Oil, Thymus Vulgaris Oil), Papaver Orientale Seed Oil, Commiphora Myrrha Gum Extract, Boswellia Carterii Gum Extract, Croton Lechleri Resin Extract, Lecithin, Tocopheryl Acetate, Ascorbyl Palmitate, Niacinamide, Bisabolol, Panthenol, Glyceryl Caprylate, Caprylyl Glycol, Phenylpropanol,\u00a0 Potassium Humate, Xanthan Gum, Hydroxyethyl Ethylcellulose, Sodium Acrylate\/Sodium Acryloyldimethyl Taurate\/Acrylamide Copolymer, Citronellol, Geraniol, Limonene, Linalool.<\/p>\n<h2><strong>Spos\u00f3b u\u017cycia Kremu zio\u0142owego Droserin:<br \/>\n<\/strong><\/h2>\n<p>Do stosowania zewn\u0119trznego na twarz i cia\u0142o. Niewielk\u0105 ilo\u015b\u0107 kremu rozprowadzi\u0107 na powierzchni sk\u00f3ry. Nak\u0142ada\u0107 szczeg\u00f3lnie na okolice twarzy, szyi i dekoltu.<\/p>\n<p><strong>Przechowywanie: <\/strong>Produkt nale\u017cy przechowywa\u0107 w suchym miejscu, z dala od bezpo\u015bredniego \u015bwiat\u0142a s\u0142onecznego, w temperaturze 10-25 \u00b0 C i chroni\u0107 przed mrozem.<\/p>\n<p><strong>Pojemno\u015b\u0107:<\/strong> 50 ml<\/p>\n<p><strong>Producent:<\/strong><br \/>\nENERGY GROUP a.s.<br \/>\nCzechy<\/p>\n","protected":false},"excerpt":{"rendered":"<h2><strong>Zio\u0142owy krem do twarzy i cia\u0142a Droserin Energy<\/strong> to delikatny krem bioinformacyjny o szerokim spektrum dzia\u0142ania.<\/h2>\n<p>Przeznaczony jest do piel\u0119gnacji sk\u00f3ry suchej, wymagaj\u0105cej nawil\u017cenia. Pomaga przywr\u00f3ci\u0107 naturaln\u0105 elastyczno\u015b\u0107, j\u0119drno\u015b\u0107 i napi\u0119cie sk\u00f3ry. Ro\u015blinne sk\u0142adniki wspomagaj\u0105 proces regeneracji, nawil\u017caj\u0105 i dog\u0142\u0119bnie od\u017cywiaj\u0105 nask\u00f3rek. Ponadto zapobiegaj\u0105 wiotczeniu sk\u00f3ry.<\/p>\n","protected":false},"featured_media":9620,"comment_status":"closed","ping_status":"closed","template":"","meta":[],"product_brand":[],"product_cat":[82],"product_tag":[],"class_list":{"0":"post-1374","1":"product","2":"type-product","3":"status-publish","4":"has-post-thumbnail","6":"product_cat-kosmetyki-naturalne","8":"first","9":"outofstock","10":"taxable","11":"shipping-taxable","12":"product-type-simple"},"_links":{"self":[{"href":"https:\/\/ziolazycia.com\/nowa\/wp-json\/wp\/v2\/product\/1374","targetHints":{"allow":["GET"]}}],"collection":[{"href":"https:\/\/ziolazycia.com\/nowa\/wp-json\/wp\/v2\/product"}],"about":[{"href":"https:\/\/ziolazycia.com\/nowa\/wp-json\/wp\/v2\/types\/product"}],"replies":[{"embeddable":true,"href":"https:\/\/ziolazycia.com\/nowa\/wp-json\/wp\/v2\/comments?post=1374"}],"wp:featuredmedia":[{"embeddable":true,"href":"https:\/\/ziolazycia.com\/nowa\/wp-json\/wp\/v2\/media\/9620"}],"wp:attachment":[{"href":"https:\/\/ziolazycia.com\/nowa\/wp-json\/wp\/v2\/media?parent=1374"}],"wp:term":[{"taxonomy":"product_brand","embeddable":true,"href":"https:\/\/ziolazycia.com\/nowa\/wp-json\/wp\/v2\/product_brand?post=1374"},{"taxonomy":"product_cat","embeddable":true,"href":"https:\/\/ziolazycia.com\/nowa\/wp-json\/wp\/v2\/product_cat?post=1374"},{"taxonomy":"product_tag","embeddable":true,"href":"https:\/\/ziolazycia.com\/nowa\/wp-json\/wp\/v2\/product_tag?post=1374"}],"curies":[{"name":"wp","href":"https:\/\/api.w.org\/{rel}","templated":true}]}}