{"id":1356,"date":"2023-11-30T13:04:14","date_gmt":"2023-11-30T12:04:14","guid":{"rendered":"https:\/\/ziolazycia.com\/nowa\/?post_type=product&#038;p=1356"},"modified":"2025-11-26T15:58:46","modified_gmt":"2025-11-26T14:58:46","slug":"ultimate-16-strain-probiotic-z-fos-probiotyk-60-kapsulek-swanson","status":"publish","type":"product","link":"https:\/\/ziolazycia.com\/nowa\/product\/ultimate-16-strain-probiotic-z-fos-probiotyk-60-kapsulek-swanson\/","title":{"rendered":"Ultimate 16 Strain Probiotic z FOS (Probiotyk) 60 kapsu\u0142ek"},"content":{"rendered":"<p><strong>Zawarto\u015b\u0107 opakowania:<\/strong>\u00a060 kapsu\u0142ek vege<\/p>\n<p><strong>Dzienne spo\u017cycie:<\/strong>\u00a01 kapsu\u0142ka<\/p>\n<p><strong>Sk\u0142adniki aktywne:<\/strong><\/p>\n<table width=\"100%\">\n<thead>\n<tr>\n<td><\/td>\n<td width=\"23%\"><\/td>\n<td width=\"1%\"><\/td>\n<\/tr>\n<\/thead>\n<tbody>\n<tr>\n<td>Sk\u0142adniki\u00a0\u00a0\u00a0 \u00a0\u00a0\u00a0\u00a0\u00a0\u00a0\u00a0\u00a0\u00a0\u00a0\u00a0\u00a0\u00a0\u00a0\u00a0\u00a0\u00a0\u00a0\u00a0\u00a0\u00a0\u00a0\u00a0\u00a0\u00a0\u00a0\u00a0\u00a0\u00a0\u00a0\u00a0\u00a0\u00a0\u00a0\u00a0\u00a0\u00a0\u00a0\u00a0\u00a0\u00a0\u00a0\u00a0\u00a0\u00a0\u00a0\u00a0\u00a0\u00a0\u00a0\u00a0\u00a0\u00a0\u00a0\u00a0\u00a0\u00a0\u00a0\u00a0\u00a0\u00a0\u00a0\u00a0\u00a0\u00a0\u00a0\u00a0\u00a0\u00a0\u00a0\u00a0\u00a0\u00a0\u00a0\u00a01 kapsu\u0142ka<\/p>\n<table width=\"0\">\n<tbody>\n<tr>\n<td><strong>FOS\u00ae\u00a0<\/strong>(fruktooligosacharydy)<\/td>\n<td width=\"239\">50 mg<\/td>\n<td width=\"26\"><\/td>\n<\/tr>\n<tr>\n<td><strong>Bifidobacterium longum<\/strong><\/td>\n<td width=\"239\">430 milion\u00f3w CFU<\/td>\n<td width=\"26\"><\/td>\n<\/tr>\n<tr>\n<td><strong>Lactobacillus acidophilus<\/strong><\/td>\n<td width=\"239\">430 milion\u00f3w CFU<\/td>\n<td width=\"26\"><\/td>\n<\/tr>\n<tr>\n<td><strong>Bifidobacterium bifidum<\/strong><\/td>\n<td width=\"239\">180 milion\u00f3w CFU<\/td>\n<td width=\"26\"><\/td>\n<\/tr>\n<tr>\n<td><strong>Bifidobacterium breve<\/strong><\/td>\n<td width=\"239\">180 milion\u00f3w CFU<\/td>\n<td width=\"26\">&lt;&gt;<\/td>\n<\/tr>\n<tr>\n<td><strong>Bifidobacterium lactis<\/strong><\/td>\n<td width=\"239\">180 milion\u00f3w CFU<\/td>\n<td width=\"26\">&lt;&gt;<\/td>\n<\/tr>\n<tr>\n<td><strong>Lactobacillus brevis<\/strong><\/td>\n<td width=\"239\">180 milion\u00f3w CFU<\/td>\n<td width=\"26\">&lt;&gt;<\/td>\n<\/tr>\n<tr>\n<td><strong>Lactobacillus bulgaricus<\/strong><\/td>\n<td width=\"239\">180 milion\u00f3w CFU<\/td>\n<td width=\"26\">&lt;&gt;<\/td>\n<\/tr>\n<tr>\n<td><strong>Lactobacillus casei<\/strong><\/td>\n<td width=\"239\">180 milion\u00f3w CFU<\/td>\n<td width=\"26\">&lt;&gt;<\/td>\n<\/tr>\n<tr>\n<td><strong>Lactobacillus helveticus<\/strong><\/td>\n<td width=\"239\">180 milion\u00f3w CFU<\/td>\n<td width=\"26\">&lt;&gt;<\/td>\n<\/tr>\n<tr>\n<td><strong>Lactobacillus plantarum<\/strong><\/td>\n<td width=\"239\">180 milion\u00f3w CFU<\/td>\n<td width=\"26\">&lt;&gt;<\/td>\n<\/tr>\n<tr>\n<td><strong>Rhamnosus<\/strong><\/td>\n<td width=\"239\">180 milion\u00f3w CFU<\/td>\n<td width=\"26\">&lt;&gt;<\/td>\n<\/tr>\n<tr>\n<td><strong>Lactobacillus salivarius<\/strong><\/td>\n<td width=\"239\">180 milion\u00f3w CFU<\/td>\n<td width=\"26\">&lt;&gt;<\/td>\n<\/tr>\n<tr>\n<td><strong>Lactococcus lactis<\/strong><\/td>\n<td width=\"239\">180 milion\u00f3w CFU<\/td>\n<td width=\"26\">&lt;&gt;<\/td>\n<\/tr>\n<tr>\n<td><strong>Streptococcus thermophilus<\/strong><\/td>\n<td width=\"239\">180 milion\u00f3w CFU<\/td>\n<td width=\"26\">&lt;&gt;<\/td>\n<\/tr>\n<tr>\n<td><strong>Bifidobacterium infantis<\/strong><\/td>\n<td width=\"239\">90 milion\u00f3w CFU<\/td>\n<td width=\"26\"><\/td>\n<\/tr>\n<\/tbody>\n<\/table>\n<\/td>\n<td width=\"23%\"><\/td>\n<td width=\"1%\"><\/td>\n<\/tr>\n<\/tbody>\n<\/table>\n<p><strong>Sk\u0142adniki:<\/strong> FOS, Bifidobacterium (longum, bifidum, breve, lactis), Lactobacillus (acidophilus, brevis, bulgaricus, casei, Helvetius, rhamnosus), Lactococcus lactis, stretococcus thermophilus, bifidobacterium infamis, Concentrace\u00ae Trace Minerals, no\u015bnik: hydroksypropylometyloceluloza, stabilizator: guma gelan, alfalfa, substancje przeciwzbrylaj\u0105ce: sole magnezowe kwas\u00f3w t\u0142uszczowych i dwutlenek krzemu<\/p>\n<h2><strong>Ultimate 16 Strain Probiotic z FOS &#8211; spos\u00f3b u\u017cycia:<\/strong><\/h2>\n<p>1 kapsu\u0142ka dziennie<\/p>\n<p><strong>Nie przekracza\u0107 zalecanej porcji do spo\u017cycia w ci\u0105gu dnia. Produkt nie mo\u017ce by\u0107 stosowany jako substytut zr\u00f3\u017cnicowanej diety. Wa\u017cne jest stosowanie zr\u00f3\u017cnicowanej i zbilansowanej diety oraz prowadzenie zdrowego trybu \u017cycia.<\/strong><\/p>\n<p><strong>Przechowywanie<\/strong><br \/>\nPrzechowywa\u0107 w temperaturze pokojowej w suchym i ciemnym miejscu, z dala od ma\u0142ych dzieci.<\/p>\n<p><strong>Producent:<\/strong><br \/>\nSwanson Health Products Fargo<br \/>\nFargo, ND 58108, USA<\/p>\n<p>&nbsp;<\/p>\n<p>&nbsp;<\/p>\n","protected":false},"excerpt":{"rendered":"<p><strong>Suplement diety<\/strong><\/p>\n<h2><strong>Superfood<\/strong><\/h2>\n<p>G\u0142\u00f3wnym sk\u0142adnikiem tego suplementu diety s\u0105 bakterie probiotyczne. Nowoczesna formu\u0142a Ultimate 16 Strain Probiotic opracowana przez <strong>dr Stephena Langera <\/strong>zawiera ponad czterokrotnie wi\u0119cej szczep\u00f3w i ponad dwukrotnie wi\u0119cej CFU w por\u00f3wnaniu do wielu popularnych preparat\u00f3w probiotycznych dost\u0119pnych na rynku. Formu\u0142a 16 Strain Probiotics zawiera dwa 5 szczep\u00f3w bifidobakterii oraz 10 szczep\u00f3w bakterii mlekowych, w tym <strong>Lactobacillus reuteri<\/strong>.<\/p>\n","protected":false},"featured_media":9610,"comment_status":"closed","ping_status":"closed","template":"","meta":[],"product_brand":[],"product_cat":[76,72],"product_tag":[],"class_list":{"0":"post-1356","1":"product","2":"type-product","3":"status-publish","4":"has-post-thumbnail","6":"product_cat-probiotyki","7":"product_cat-suplementy-diety","9":"first","10":"instock","11":"sale","12":"taxable","13":"shipping-taxable","14":"purchasable","15":"product-type-simple"},"_links":{"self":[{"href":"https:\/\/ziolazycia.com\/nowa\/wp-json\/wp\/v2\/product\/1356","targetHints":{"allow":["GET"]}}],"collection":[{"href":"https:\/\/ziolazycia.com\/nowa\/wp-json\/wp\/v2\/product"}],"about":[{"href":"https:\/\/ziolazycia.com\/nowa\/wp-json\/wp\/v2\/types\/product"}],"replies":[{"embeddable":true,"href":"https:\/\/ziolazycia.com\/nowa\/wp-json\/wp\/v2\/comments?post=1356"}],"wp:featuredmedia":[{"embeddable":true,"href":"https:\/\/ziolazycia.com\/nowa\/wp-json\/wp\/v2\/media\/9610"}],"wp:attachment":[{"href":"https:\/\/ziolazycia.com\/nowa\/wp-json\/wp\/v2\/media?parent=1356"}],"wp:term":[{"taxonomy":"product_brand","embeddable":true,"href":"https:\/\/ziolazycia.com\/nowa\/wp-json\/wp\/v2\/product_brand?post=1356"},{"taxonomy":"product_cat","embeddable":true,"href":"https:\/\/ziolazycia.com\/nowa\/wp-json\/wp\/v2\/product_cat?post=1356"},{"taxonomy":"product_tag","embeddable":true,"href":"https:\/\/ziolazycia.com\/nowa\/wp-json\/wp\/v2\/product_tag?post=1356"}],"curies":[{"name":"wp","href":"https:\/\/api.w.org\/{rel}","templated":true}]}}