{"id":13526,"date":"2025-07-30T15:10:34","date_gmt":"2025-07-30T13:10:34","guid":{"rendered":"https:\/\/ziolazycia.com\/nowa\/?post_type=product&#038;p=13526"},"modified":"2025-11-26T15:59:48","modified_gmt":"2025-11-26T14:59:48","slug":"balsam-z-omulka-zielonowargowego","status":"publish","type":"product","link":"https:\/\/ziolazycia.com\/nowa\/product\/balsam-z-omulka-zielonowargowego\/","title":{"rendered":"Balsam z omu\u0142ka zielonowargowego"},"content":{"rendered":"<p>Balsam z omu\u0142ka zielonowargowego to kosmetyk przeznaczony do piel\u0119gnacji sk\u00f3ry, mi\u0119\u015bni i staw\u00f3w. Zawiera ekstrakt z mi\u0119sa nowozelandzkiego ma\u0142\u017ca zielonowargowego (Perna canaliculus), oleje ro\u015blinne, kadzid\u0142o oraz olejek z gruszyczki. Formu\u0142a zapewnia pocz\u0105tkowo delikatny efekt ch\u0142odzenia, kt\u00f3ry przechodzi w przyjemne uczucie ciep\u0142a. Balsam dobrze si\u0119 rozprowadza, wch\u0142ania si\u0119 ca\u0142kowicie i pozostawia sk\u00f3r\u0119 mi\u0119kk\u0105 oraz elastyczn\u0105. Produkt o przyjemnym zapachu, wydajny, z wygodnym i ergonomicznym opakowaniem. W sk\u0142adzie znajduj\u0105 si\u0119 tak\u017ce naturalne olejki eteryczne oraz witamina E, A i inne substancje piel\u0119gnuj\u0105ce. Przeznaczony do stosowania na barki, ramiona, \u0142okcie, biodra, nogi, kolana i plecy. Nie stosowa\u0107 na podra\u017cnion\u0105 sk\u00f3r\u0119, b\u0142ony \u015bluzowe i u dzieci poni\u017cej 6 roku \u017cycia.<\/p>\n","protected":false},"excerpt":{"rendered":"<p>Balsam z omu\u0142ka zielonowargowego \u2013 kosmetyk z ekstraktem z ma\u0142\u017ca, olejami ro\u015blinnymi i olejkami eterycznymi. Rozgrzewaj\u0105co-ch\u0142odz\u0105ca piel\u0119gnacja sk\u00f3ry i staw\u00f3w. Opakowanie 150 ml.<\/p>\n","protected":false},"featured_media":13527,"comment_status":"open","ping_status":"closed","template":"","meta":[],"product_brand":[],"product_cat":[82],"product_tag":[],"class_list":{"0":"post-13526","1":"product","2":"type-product","3":"status-publish","4":"has-post-thumbnail","6":"product_cat-kosmetyki-naturalne","8":"first","9":"instock","10":"taxable","11":"shipping-taxable","12":"purchasable","13":"product-type-simple"},"_links":{"self":[{"href":"https:\/\/ziolazycia.com\/nowa\/wp-json\/wp\/v2\/product\/13526","targetHints":{"allow":["GET"]}}],"collection":[{"href":"https:\/\/ziolazycia.com\/nowa\/wp-json\/wp\/v2\/product"}],"about":[{"href":"https:\/\/ziolazycia.com\/nowa\/wp-json\/wp\/v2\/types\/product"}],"replies":[{"embeddable":true,"href":"https:\/\/ziolazycia.com\/nowa\/wp-json\/wp\/v2\/comments?post=13526"}],"wp:featuredmedia":[{"embeddable":true,"href":"https:\/\/ziolazycia.com\/nowa\/wp-json\/wp\/v2\/media\/13527"}],"wp:attachment":[{"href":"https:\/\/ziolazycia.com\/nowa\/wp-json\/wp\/v2\/media?parent=13526"}],"wp:term":[{"taxonomy":"product_brand","embeddable":true,"href":"https:\/\/ziolazycia.com\/nowa\/wp-json\/wp\/v2\/product_brand?post=13526"},{"taxonomy":"product_cat","embeddable":true,"href":"https:\/\/ziolazycia.com\/nowa\/wp-json\/wp\/v2\/product_cat?post=13526"},{"taxonomy":"product_tag","embeddable":true,"href":"https:\/\/ziolazycia.com\/nowa\/wp-json\/wp\/v2\/product_tag?post=13526"}],"curies":[{"name":"wp","href":"https:\/\/api.w.org\/{rel}","templated":true}]}}