{"id":13523,"date":"2025-07-30T14:58:24","date_gmt":"2025-07-30T12:58:24","guid":{"rendered":"https:\/\/ziolazycia.com\/nowa\/?post_type=product&#038;p=13523"},"modified":"2025-11-26T15:59:48","modified_gmt":"2025-11-26T14:59:48","slug":"ashwagandha-ksm-66-200-mg-120szt","status":"publish","type":"product","link":"https:\/\/ziolazycia.com\/nowa\/product\/ashwagandha-ksm-66-200-mg-120szt\/","title":{"rendered":"Ashwagandha KSM-66\u00ae 200 mg 120szt"},"content":{"rendered":"<p>Ashwagandha KSM-66\u00ae 200 mg to suplement diety w kapsu\u0142kach wega\u0144skich, zawieraj\u0105cy standaryzowany ekstrakt z korzenia ashwagandhy (Withania somnifera), pozyskiwany wy\u0142\u0105cznie z korzenia metod\u0105 ekstrakcji wodnej. Ka\u017cda kapsu\u0142ka dostarcza 200 mg KSM-66\u00ae standaryzowanego na 5% witanolid\u00f3w (10 mg). Produkt nie zawiera zb\u0119dnych dodatk\u00f3w, glutenu, laktozy, soi ani GMO, jest odpowiedni dla wegetarian i wegan. Sk\u0142adniki: ekstrakt z korzenia ashwagandhy KSM-66\u00ae, inulina, otoczka kapsu\u0142ki (hydroksypropylometyloceluloza). Zalecane spo\u017cycie: 1 kapsu\u0142ka dziennie, popi\u0107 wod\u0105. 60 kapsu\u0142ek. Przechowywa\u0107 w suchym, zacienionym miejscu, poza zasi\u0119giem dzieci. Suplement diety nie mo\u017ce by\u0107 stosowany jako substytut zr\u00f3\u017cnicowanej diety.<\/p>\n","protected":false},"excerpt":{"rendered":"<p>Ashwagandha KSM-66\u00ae 200 mg \u2013 suplement diety w kapsu\u0142kach wega\u0144skich z ekstraktem z korzenia ashwagandhy (5% witanolid\u00f3w). 60 kapsu\u0142ek.<\/p>\n","protected":false},"featured_media":13524,"comment_status":"open","ping_status":"closed","template":"","meta":[],"product_brand":[],"product_cat":[72],"product_tag":[],"class_list":{"0":"post-13523","1":"product","2":"type-product","3":"status-publish","4":"has-post-thumbnail","6":"product_cat-suplementy-diety","8":"first","9":"instock","10":"taxable","11":"shipping-taxable","12":"purchasable","13":"product-type-simple"},"_links":{"self":[{"href":"https:\/\/ziolazycia.com\/nowa\/wp-json\/wp\/v2\/product\/13523","targetHints":{"allow":["GET"]}}],"collection":[{"href":"https:\/\/ziolazycia.com\/nowa\/wp-json\/wp\/v2\/product"}],"about":[{"href":"https:\/\/ziolazycia.com\/nowa\/wp-json\/wp\/v2\/types\/product"}],"replies":[{"embeddable":true,"href":"https:\/\/ziolazycia.com\/nowa\/wp-json\/wp\/v2\/comments?post=13523"}],"wp:featuredmedia":[{"embeddable":true,"href":"https:\/\/ziolazycia.com\/nowa\/wp-json\/wp\/v2\/media\/13524"}],"wp:attachment":[{"href":"https:\/\/ziolazycia.com\/nowa\/wp-json\/wp\/v2\/media?parent=13523"}],"wp:term":[{"taxonomy":"product_brand","embeddable":true,"href":"https:\/\/ziolazycia.com\/nowa\/wp-json\/wp\/v2\/product_brand?post=13523"},{"taxonomy":"product_cat","embeddable":true,"href":"https:\/\/ziolazycia.com\/nowa\/wp-json\/wp\/v2\/product_cat?post=13523"},{"taxonomy":"product_tag","embeddable":true,"href":"https:\/\/ziolazycia.com\/nowa\/wp-json\/wp\/v2\/product_tag?post=13523"}],"curies":[{"name":"wp","href":"https:\/\/api.w.org\/{rel}","templated":true}]}}