{"id":13520,"date":"2025-07-30T14:54:07","date_gmt":"2025-07-30T12:54:07","guid":{"rendered":"https:\/\/ziolazycia.com\/nowa\/?post_type=product&#038;p=13520"},"modified":"2025-11-26T15:59:48","modified_gmt":"2025-11-26T14:59:48","slug":"olej-z-wiesiolka-1800-mg-z-witamina-a-i-e-120-kapsulek-miekkich","status":"publish","type":"product","link":"https:\/\/ziolazycia.com\/nowa\/product\/olej-z-wiesiolka-1800-mg-z-witamina-a-i-e-120-kapsulek-miekkich\/","title":{"rendered":"Olej z wiesio\u0142ka 1800 mg z witamin\u0105 A i E &#8211; 120 kapsu\u0142ek mi\u0119kkich"},"content":{"rendered":"<p>Olej z wiesio\u0142ka 1800 mg z witamin\u0105 A i E to suplement diety w formie mi\u0119kkich kapsu\u0142ek, zawieraj\u0105cy t\u0142oczony na zimno olej z nasion wiesio\u0142ka dwuletniego (Oenothera biennis), standaryzowany na zawarto\u015b\u0107 kwasu gamma-linolenowego (GLA). Formu\u0142a zosta\u0142a wzbogacona o witamin\u0119 A (palmitynian retinylu) oraz naturaln\u0105 witamin\u0119 E (D-alfa-tokoferol). Zalecana dzienna porcja (3 kapsu\u0142ki) dostarcza 1800 mg oleju z wiesio\u0142ka (min. 144 mg GLA), 600 \u03bcg witaminy A (75% RWS) i 18 mg witaminy E (150% RWS). Produkt nie zawiera glutenu, laktozy, soi, GMO i cukru. Sk\u0142adniki: olej z wiesio\u0142ka, \u017celatyna wo\u0142owa, glicerol, woda, witamina E, witamina A. Kapsu\u0142ki s\u0105 \u0142atwe do po\u0142kni\u0119cia. Opakowanie dost\u0119pne w kilku wariantach ilo\u015bciowych i wykonane z BioPET. Przechowywa\u0107 w temperaturze pokojowej, w suchym miejscu, poza zasi\u0119giem dzieci. Suplement diety nie mo\u017ce by\u0107 stosowany jako substytut zr\u00f3\u017cnicowanej diety. Zalecane spo\u017cycie: 1 kapsu\u0142ka trzy razy dziennie po posi\u0142ku.<\/p>\n","protected":false},"excerpt":{"rendered":"<p>Olej z wiesio\u0142ka 1800 mg z witamin\u0105 A i E \u2013 suplement diety w kapsu\u0142kach mi\u0119kkich, t\u0142oczony na zimno, standaryzowany na GLA. Opakowanie 90 sztuk.<\/p>\n","protected":false},"featured_media":13521,"comment_status":"open","ping_status":"closed","template":"","meta":[],"product_brand":[],"product_cat":[72],"product_tag":[],"class_list":{"0":"post-13520","1":"product","2":"type-product","3":"status-publish","4":"has-post-thumbnail","6":"product_cat-suplementy-diety","8":"first","9":"instock","10":"taxable","11":"shipping-taxable","12":"purchasable","13":"product-type-simple"},"_links":{"self":[{"href":"https:\/\/ziolazycia.com\/nowa\/wp-json\/wp\/v2\/product\/13520","targetHints":{"allow":["GET"]}}],"collection":[{"href":"https:\/\/ziolazycia.com\/nowa\/wp-json\/wp\/v2\/product"}],"about":[{"href":"https:\/\/ziolazycia.com\/nowa\/wp-json\/wp\/v2\/types\/product"}],"replies":[{"embeddable":true,"href":"https:\/\/ziolazycia.com\/nowa\/wp-json\/wp\/v2\/comments?post=13520"}],"wp:featuredmedia":[{"embeddable":true,"href":"https:\/\/ziolazycia.com\/nowa\/wp-json\/wp\/v2\/media\/13521"}],"wp:attachment":[{"href":"https:\/\/ziolazycia.com\/nowa\/wp-json\/wp\/v2\/media?parent=13520"}],"wp:term":[{"taxonomy":"product_brand","embeddable":true,"href":"https:\/\/ziolazycia.com\/nowa\/wp-json\/wp\/v2\/product_brand?post=13520"},{"taxonomy":"product_cat","embeddable":true,"href":"https:\/\/ziolazycia.com\/nowa\/wp-json\/wp\/v2\/product_cat?post=13520"},{"taxonomy":"product_tag","embeddable":true,"href":"https:\/\/ziolazycia.com\/nowa\/wp-json\/wp\/v2\/product_tag?post=13520"}],"curies":[{"name":"wp","href":"https:\/\/api.w.org\/{rel}","templated":true}]}}