{"id":1352,"date":"2023-11-30T13:02:56","date_gmt":"2023-11-30T12:02:56","guid":{"rendered":"https:\/\/ziolazycia.com\/nowa\/?post_type=product&#038;p=1352"},"modified":"2025-11-26T15:58:46","modified_gmt":"2025-11-26T14:58:46","slug":"esenscja-probiotyczna-400ml-primabiotic","status":"publish","type":"product","link":"https:\/\/ziolazycia.com\/nowa\/product\/esenscja-probiotyczna-400ml-primabiotic\/","title":{"rendered":"Esencja probiotyczna Probiotic 400 ml"},"content":{"rendered":"<p>Po\u017cyteczne mikroorganizmy zastosowane w tej kompozycji wyst\u0119puj\u0105 powszechnie w naturze i nie zosta\u0142y poddane modyfikacjom genetycznym.<\/p>\n<p>Suplement diety Esencja probiotyczna 400 ml mo\u017ce wspomaga\u0107 utrzymanie r\u00f3wnowagi mikroflory uk\u0142adu pokarmowego.<\/p>\n<p><strong>Zawarto\u015b\u0107 opakowania:<\/strong>\u00a0400 ml<\/p>\n<p><strong>Dzienne spo\u017cycie:<\/strong>\u00a0do 15 ml<\/p>\n<p><strong>Sk\u0142adniki aktywne:<\/strong><\/p>\n<table width=\"100%\">\n<thead>\n<tr>\n<td><\/td>\n<td width=\"23%\"><strong>5 ml<\/strong><\/td>\n<td width=\"1%\"><\/td>\n<\/tr>\n<\/thead>\n<tbody>\n<tr>\n<td>Kompleks probiotycznych mikroorganizm\u00f3w SCD EP 11<\/td>\n<td width=\"23%\">&lt;1,5 x 10 6 jtk<\/p>\n<p>&nbsp;<\/td>\n<td width=\"1%\"><\/td>\n<\/tr>\n<\/tbody>\n<\/table>\n<p><strong>Sk\u0142adniki:<\/strong> Rewitalizowana woda, ekologiczna melasa z trzciny cukrowej, kultury probiotyczne SCD, koncentrat soku z jag\u00f3d, wi\u015bni i granat\u00f3w. Gatunki kultur po\u017cytecznych mikroorganizm\u00f3w wykorzystane w technologii SCD: Lactobacillus acidophilus SCD208, Lactobacillus plantarum SCD014, Lactobacillus casei SCD469, Bifidobacterium bifidum SCD521, Bifidobacterium longum SCD697, Streptococcus thermophilus SCD258, Lactobacillus bulgaricus SCD210, Lactobacillus fermentum SCDPPW, Saccharomyces cerevisiae SCD058, Bifidobacterium animalis SCD918, Lactococcus lactis subsp. lactis biovar diacetylactis SCD919, Bakterie kwasu mlekowego \u2265 3,0 x 105 jtk\/ml (max. 1 x 108 podczas wytwarzania) Dro\u017cd\u017ce \u2264 1,0 x 106 jtk\/ml.<\/p>\n<h2>Esencja probiotyczna 400 ml &#8211; spos\u00f3b u\u017cycia:<\/h2>\n<p>5 ml dzieci, 15 ml doro\u015bli.<\/p>\n<p><strong>Nie przekracza\u0107 zalecanej porcji do spo\u017cycia w ci\u0105gu dnia. Produkt nie mo\u017ce by\u0107 stosowany jako substytut zr\u00f3\u017cnicowanej diety. Wa\u017cne jest stosowanie zr\u00f3\u017cnicowanej i zbilansowanej diety oraz prowadzenie zdrowego trybu \u017cycia.<\/strong><\/p>\n<p><strong>Przechowywanie:<\/strong><\/p>\n<p>Po otwarciu przechowywa\u0107 w suchym i ciemnym miejscu, z dala od ma\u0142ych dzieci.<\/p>\n<p><strong>Producent:<\/strong><\/p>\n<p>Natubay Sp. z o.o.<br \/>\nul. Hurtowa 2<br \/>\n62-510 Konin<\/p>\n","protected":false},"excerpt":{"rendered":"<p>Suplement diety<\/p>\n<h2>Naturalny probiotyk<\/h2>\n<p>Preparat zawiera <strong>kompozycj\u0119<\/strong> <strong>11 \u017cywych i aktywnych szczep\u00f3w bakterii probiotycznych oraz ich metabolit\u00f3w.<br \/>\n<\/strong><\/p>\n","protected":false},"featured_media":9607,"comment_status":"closed","ping_status":"closed","template":"","meta":[],"product_brand":[],"product_cat":[72],"product_tag":[],"class_list":{"0":"post-1352","1":"product","2":"type-product","3":"status-publish","4":"has-post-thumbnail","6":"product_cat-suplementy-diety","8":"first","9":"outofstock","10":"taxable","11":"shipping-taxable","12":"product-type-simple"},"_links":{"self":[{"href":"https:\/\/ziolazycia.com\/nowa\/wp-json\/wp\/v2\/product\/1352","targetHints":{"allow":["GET"]}}],"collection":[{"href":"https:\/\/ziolazycia.com\/nowa\/wp-json\/wp\/v2\/product"}],"about":[{"href":"https:\/\/ziolazycia.com\/nowa\/wp-json\/wp\/v2\/types\/product"}],"replies":[{"embeddable":true,"href":"https:\/\/ziolazycia.com\/nowa\/wp-json\/wp\/v2\/comments?post=1352"}],"wp:featuredmedia":[{"embeddable":true,"href":"https:\/\/ziolazycia.com\/nowa\/wp-json\/wp\/v2\/media\/9607"}],"wp:attachment":[{"href":"https:\/\/ziolazycia.com\/nowa\/wp-json\/wp\/v2\/media?parent=1352"}],"wp:term":[{"taxonomy":"product_brand","embeddable":true,"href":"https:\/\/ziolazycia.com\/nowa\/wp-json\/wp\/v2\/product_brand?post=1352"},{"taxonomy":"product_cat","embeddable":true,"href":"https:\/\/ziolazycia.com\/nowa\/wp-json\/wp\/v2\/product_cat?post=1352"},{"taxonomy":"product_tag","embeddable":true,"href":"https:\/\/ziolazycia.com\/nowa\/wp-json\/wp\/v2\/product_tag?post=1352"}],"curies":[{"name":"wp","href":"https:\/\/api.w.org\/{rel}","templated":true}]}}