{"id":13517,"date":"2025-07-30T14:46:23","date_gmt":"2025-07-30T12:46:23","guid":{"rendered":"https:\/\/ziolazycia.com\/nowa\/?post_type=product&#038;p=13517"},"modified":"2025-11-26T15:59:48","modified_gmt":"2025-11-26T14:59:48","slug":"pikolinian-cynku-50-mg-kapsulki-weganskie","status":"publish","type":"product","link":"https:\/\/ziolazycia.com\/nowa\/product\/pikolinian-cynku-50-mg-kapsulki-weganskie\/","title":{"rendered":"Pikolinian cynku, 50 mg &#8211; kapsu\u0142ki wega\u0144skie"},"content":{"rendered":"<p>Pikolinian cynku 50 mg OSAVI to suplement diety w formie kapsu\u0142ek wega\u0144skich, zawieraj\u0105cy cynk w organicznej, wysoko przyswajalnej postaci. Ka\u017cda kapsu\u0142ka dostarcza 50 mg pikolinianu cynku, w tym 10 mg cynku, co odpowiada 100% referencyjnej warto\u015bci spo\u017cycia dla doros\u0142ych. Produkt nie zawiera glutenu, cukru, laktozy, soi ani GMO i jest odpowiedni dla wegetarian i wegan. Czysta etykieta \u2013 brak zb\u0119dnych dodatk\u00f3w. Sk\u0142adniki: inulina, hydroksypropylometyloceluloza (otoczka kapsu\u0142ki), pikolinian cynku. Zalecane spo\u017cycie: 1 kapsu\u0142ka dziennie, najlepiej z posi\u0142kiem lub po nim. Produkt dost\u0119pny w opakowaniach 60, 120 lub 180 kapsu\u0142ek. Opakowanie wykonane z BioPET, cz\u0119\u015bciowo pochodz\u0105cego z trzciny cukrowej. Przechowywa\u0107 w suchym miejscu, w temperaturze pokojowej, poza zasi\u0119giem dzieci. Nie przekracza\u0107 zalecanej porcji do spo\u017cycia. Suplement diety nie zast\u0119puje zr\u00f3\u017cnicowanej diety.<\/p>\n","protected":false},"excerpt":{"rendered":"<p>Pikolinian cynku 50 mg OSAVI \u2013 suplement diety w kapsu\u0142kach wega\u0144skich, wysoko przyswajalny cynk. 1 kapsu\u0142ka = 100% dziennego zapotrzebowania.<\/p>\n","protected":false},"featured_media":13518,"comment_status":"open","ping_status":"closed","template":"","meta":[],"product_brand":[],"product_cat":[72],"product_tag":[],"class_list":{"0":"post-13517","1":"product","2":"type-product","3":"status-publish","4":"has-post-thumbnail","6":"product_cat-suplementy-diety","8":"first","9":"instock","10":"taxable","11":"shipping-taxable","12":"purchasable","13":"product-type-simple"},"_links":{"self":[{"href":"https:\/\/ziolazycia.com\/nowa\/wp-json\/wp\/v2\/product\/13517","targetHints":{"allow":["GET"]}}],"collection":[{"href":"https:\/\/ziolazycia.com\/nowa\/wp-json\/wp\/v2\/product"}],"about":[{"href":"https:\/\/ziolazycia.com\/nowa\/wp-json\/wp\/v2\/types\/product"}],"replies":[{"embeddable":true,"href":"https:\/\/ziolazycia.com\/nowa\/wp-json\/wp\/v2\/comments?post=13517"}],"wp:featuredmedia":[{"embeddable":true,"href":"https:\/\/ziolazycia.com\/nowa\/wp-json\/wp\/v2\/media\/13518"}],"wp:attachment":[{"href":"https:\/\/ziolazycia.com\/nowa\/wp-json\/wp\/v2\/media?parent=13517"}],"wp:term":[{"taxonomy":"product_brand","embeddable":true,"href":"https:\/\/ziolazycia.com\/nowa\/wp-json\/wp\/v2\/product_brand?post=13517"},{"taxonomy":"product_cat","embeddable":true,"href":"https:\/\/ziolazycia.com\/nowa\/wp-json\/wp\/v2\/product_cat?post=13517"},{"taxonomy":"product_tag","embeddable":true,"href":"https:\/\/ziolazycia.com\/nowa\/wp-json\/wp\/v2\/product_tag?post=13517"}],"curies":[{"name":"wp","href":"https:\/\/api.w.org\/{rel}","templated":true}]}}