{"id":13508,"date":"2025-07-30T13:32:51","date_gmt":"2025-07-30T11:32:51","guid":{"rendered":"https:\/\/ziolazycia.com\/nowa\/?post_type=product&#038;p=13508"},"modified":"2025-11-26T15:59:47","modified_gmt":"2025-11-26T14:59:47","slug":"cikliwell-forte-30k","status":"publish","type":"product","link":"https:\/\/ziolazycia.com\/nowa\/product\/cikliwell-forte-30k\/","title":{"rendered":"CikliWell Forte 30k."},"content":{"rendered":"<p>CikliWell Forte Herbin 30 kapsu\u0142ek to suplement diety oparty na ekstrakcie z korzenia pluskwicy groniastej (Cimicifuga racemosa) oraz ekstrakcie z koniczyny czerwonej (Trifolium pratense). Produkt przeznaczony dla os\u00f3b doros\u0142ych, szczeg\u00f3lnie kobiet, zawiera izoflawony pochodz\u0105ce z koniczyny czerwonej oraz sk\u0142adniki ro\u015blinne cenione w tradycyjnym zio\u0142olecznictwie. Dzienna porcja (1 kapsu\u0142ka) dostarcza 20 mg ekstraktu z pluskwicy groniastej i 50 mg ekstraktu z koniczyny czerwonej (w tym 20 mg izoflawon\u00f3w). Sk\u0142ad kapsu\u0142ki uzupe\u0142niaj\u0105 substancje pomocnicze: \u017celatyna, mikrokrystaliczna celuloza i kwas magnezowy. Zaleca si\u0119 spo\u017cywa\u0107 1 kapsu\u0142k\u0119 raz dziennie. Przechowywa\u0107 w temperaturze do +25\u2103, w oryginalnym, szczelnie zamkni\u0119tym opakowaniu, z dala od \u015bwiat\u0142a i wilgoci, poza zasi\u0119giem dzieci. Nie przekracza\u0107 zalecanej porcji do spo\u017cycia. Suplement diety nie mo\u017ce by\u0107 stosowany jako substytut zr\u00f3\u017cnicowanej diety. Przeciwwskazania: nietolerancja na sk\u0142adniki, kobiety w ci\u0105\u017cy i karmi\u0105ce piersi\u0105 po konsultacji z lekarzem. Dystrybutor: ARAM NATURA, Aram Szaginian, ul. Kili\u0144skiego 30D, 27-400 Ostrowiec \u015aw.<\/p>\n","protected":false},"excerpt":{"rendered":"<p>CikliWell Forte Herbin 30 kapsu\u0142ek \u2013 suplement diety z ekstraktem z pluskwicy groniastej i koniczyny czerwonej. Porcja dzienna: 1 kapsu\u0142ka. Dystrybutor: ARAM NATURA.<\/p>\n","protected":false},"featured_media":13509,"comment_status":"open","ping_status":"closed","template":"","meta":[],"product_brand":[],"product_cat":[72],"product_tag":[],"class_list":{"0":"post-13508","1":"product","2":"type-product","3":"status-publish","4":"has-post-thumbnail","6":"product_cat-suplementy-diety","8":"first","9":"instock","10":"taxable","11":"shipping-taxable","12":"purchasable","13":"product-type-simple"},"_links":{"self":[{"href":"https:\/\/ziolazycia.com\/nowa\/wp-json\/wp\/v2\/product\/13508","targetHints":{"allow":["GET"]}}],"collection":[{"href":"https:\/\/ziolazycia.com\/nowa\/wp-json\/wp\/v2\/product"}],"about":[{"href":"https:\/\/ziolazycia.com\/nowa\/wp-json\/wp\/v2\/types\/product"}],"replies":[{"embeddable":true,"href":"https:\/\/ziolazycia.com\/nowa\/wp-json\/wp\/v2\/comments?post=13508"}],"wp:featuredmedia":[{"embeddable":true,"href":"https:\/\/ziolazycia.com\/nowa\/wp-json\/wp\/v2\/media\/13509"}],"wp:attachment":[{"href":"https:\/\/ziolazycia.com\/nowa\/wp-json\/wp\/v2\/media?parent=13508"}],"wp:term":[{"taxonomy":"product_brand","embeddable":true,"href":"https:\/\/ziolazycia.com\/nowa\/wp-json\/wp\/v2\/product_brand?post=13508"},{"taxonomy":"product_cat","embeddable":true,"href":"https:\/\/ziolazycia.com\/nowa\/wp-json\/wp\/v2\/product_cat?post=13508"},{"taxonomy":"product_tag","embeddable":true,"href":"https:\/\/ziolazycia.com\/nowa\/wp-json\/wp\/v2\/product_tag?post=13508"}],"curies":[{"name":"wp","href":"https:\/\/api.w.org\/{rel}","templated":true}]}}