{"id":13502,"date":"2025-07-30T13:24:55","date_gmt":"2025-07-30T11:24:55","guid":{"rendered":"https:\/\/ziolazycia.com\/nowa\/?post_type=product&#038;p=13502"},"modified":"2025-11-26T15:59:47","modified_gmt":"2025-11-26T14:59:47","slug":"kordyceps-ekstrakt-81-60-kaps","status":"publish","type":"product","link":"https:\/\/ziolazycia.com\/nowa\/product\/kordyceps-ekstrakt-81-60-kaps\/","title":{"rendered":"Kordyceps Ekstrakt 8:1 60 kaps."},"content":{"rendered":"<p>Kordyceps Golden Pharm to suplement diety w kapsu\u0142kach, zawieraj\u0105cy grzybni\u0119 i ekstrakt z owocnika Cordyceps Sinensis. Produkt nie zawiera GMO. Ka\u017cda kapsu\u0142ka dostarcza 250 mg grzybni oraz 30 mg ekstraktu 8:1 z owocnika kordycepsu, co odpowiada 240 mg suszu. Zalecane stosowanie: doro\u015bli 1 kapsu\u0142ka 1-3 razy dziennie przez 4-8 tygodni. Sk\u0142ad chemiczny kordycepsu obejmuje m.in. kwas kordycepsowy, bia\u0142ka, D-mannitol, aminokwasy, witaminy B12, D, E, C, nienasycone kwasy t\u0142uszczowe oraz minera\u0142y: fosfor, potas, \u017celazo, wap\u0144, magnez, kobalt i ponad 80 enzym\u00f3w. Warto\u015b\u0107 od\u017cywcza produktu na 100 g: bia\u0142ko 0,03 g, t\u0142uszcze 0,0 g, w\u0119glowodany 0,17 g. Warto\u015b\u0107 energetyczna: 0,8 kcal\/3,347 kJ. Nie przekracza\u0107 zalecanej dziennej porcji. Suplement diety nie mo\u017ce by\u0107 stosowany jako substytut zr\u00f3\u017cnicowanej diety. Przeciwwskazania: nietolerancja sk\u0142adnik\u00f3w, kobiety w ci\u0105\u017cy i karmi\u0105ce piersi\u0105 \u2013 po konsultacji z lekarzem. Przechowywa\u0107 w suchym, ciemnym miejscu, w temperaturze 15\u201325\u00b0C, w oryginalnym opakowaniu, poza zasi\u0119giem dzieci. Producent: GoldenPharm, Ukraina. Dystrybutor: ARAM NATURA, Aram Szaginian.<\/p>\n","protected":false},"excerpt":{"rendered":"<p>Kordyceps Golden Pharm 60 kapsu\u0142ek \u2013 suplement diety z grzybni\u0105 i ekstraktem z Cordyceps Sinensis. Bez GMO. Producent: GoldenPharm, dystrybutor: ARAM NATURA.<\/p>\n","protected":false},"featured_media":13503,"comment_status":"open","ping_status":"closed","template":"","meta":[],"product_brand":[],"product_cat":[72],"product_tag":[],"class_list":{"0":"post-13502","1":"product","2":"type-product","3":"status-publish","4":"has-post-thumbnail","6":"product_cat-suplementy-diety","8":"first","9":"instock","10":"taxable","11":"shipping-taxable","12":"purchasable","13":"product-type-simple"},"_links":{"self":[{"href":"https:\/\/ziolazycia.com\/nowa\/wp-json\/wp\/v2\/product\/13502","targetHints":{"allow":["GET"]}}],"collection":[{"href":"https:\/\/ziolazycia.com\/nowa\/wp-json\/wp\/v2\/product"}],"about":[{"href":"https:\/\/ziolazycia.com\/nowa\/wp-json\/wp\/v2\/types\/product"}],"replies":[{"embeddable":true,"href":"https:\/\/ziolazycia.com\/nowa\/wp-json\/wp\/v2\/comments?post=13502"}],"wp:featuredmedia":[{"embeddable":true,"href":"https:\/\/ziolazycia.com\/nowa\/wp-json\/wp\/v2\/media\/13503"}],"wp:attachment":[{"href":"https:\/\/ziolazycia.com\/nowa\/wp-json\/wp\/v2\/media?parent=13502"}],"wp:term":[{"taxonomy":"product_brand","embeddable":true,"href":"https:\/\/ziolazycia.com\/nowa\/wp-json\/wp\/v2\/product_brand?post=13502"},{"taxonomy":"product_cat","embeddable":true,"href":"https:\/\/ziolazycia.com\/nowa\/wp-json\/wp\/v2\/product_cat?post=13502"},{"taxonomy":"product_tag","embeddable":true,"href":"https:\/\/ziolazycia.com\/nowa\/wp-json\/wp\/v2\/product_tag?post=13502"}],"curies":[{"name":"wp","href":"https:\/\/api.w.org\/{rel}","templated":true}]}}