{"id":13496,"date":"2025-07-30T13:17:56","date_gmt":"2025-07-30T11:17:56","guid":{"rendered":"https:\/\/ziolazycia.com\/nowa\/?post_type=product&#038;p=13496"},"modified":"2025-11-26T15:59:46","modified_gmt":"2025-11-26T14:59:46","slug":"mumio-himalajskie-shilajit-z-boswelia-arthroflex-herbin-plyn-100ml","status":"publish","type":"product","link":"https:\/\/ziolazycia.com\/nowa\/product\/mumio-himalajskie-shilajit-z-boswelia-arthroflex-herbin-plyn-100ml\/","title":{"rendered":"Mumio Himalajskie Shilajit z Bosweli\u0105 ArthroFlex Herbin P\u0142yn 100ml"},"content":{"rendered":"<p>HERBIN MUMIO ArthroFlex 100 ml to suplement diety w p\u0142ynnej formie, zawieraj\u0105cy oczyszczony ekstrakt z mumio himalajskiego, ekstrakt z \u017cywicy boswellii (Boswellia serrata, 65% kwasu bosweliowego) oraz magnez. Sk\u0142ad produktu uzupe\u0142niaj\u0105 woda oczyszczona, glukonian magnezu, regulator kwasowo\u015bci (kwas cytrynowy) oraz substancja s\u0142odz\u0105ca (sukraloza). Jedna dzienna porcja (10 ml) dostarcza 500 mg oczyszczonego mumio, 500 mg ekstraktu z boswellii (w tym 325 mg kwasu bosweliowego) i 60 mg magnezu (16% RWS). Produkt przeznaczony dla os\u00f3b doros\u0142ych. Zaleca si\u0119 spo\u017cywanie jednej butelki (10 ml) dziennie, po uprzednim wstrz\u0105\u015bni\u0119ciu. Opakowanie zawiera 10 butelek po 10 ml. Suplement nie zast\u0119puje zr\u00f3\u017cnicowanej diety. Przechowywa\u0107 w ciemnym miejscu, w temperaturze poni\u017cej 25\u00b0C, poza zasi\u0119giem dzieci, w oryginalnym, szczelnie zamkni\u0119tym opakowaniu. Producent: Harbin Yeekong Herb inc. Importer: UAB \u201eBaltkos\u201d. Dystrybutor: ARAM NATURA, Aram Szaginian.<\/p>\n","protected":false},"excerpt":{"rendered":"<p>HERBIN MUMIO ArthroFlex 100 ml \u2013 p\u0142ynny suplement diety z mumio, boswelli\u0105 i magnezem. Wygodne porcjowanie, 10 butelek po 10 ml. Dystrybutor: ARAM NATURA.<\/p>\n","protected":false},"featured_media":13497,"comment_status":"open","ping_status":"closed","template":"","meta":[],"product_brand":[],"product_cat":[72],"product_tag":[],"class_list":{"0":"post-13496","1":"product","2":"type-product","3":"status-publish","4":"has-post-thumbnail","6":"product_cat-suplementy-diety","8":"first","9":"instock","10":"taxable","11":"shipping-taxable","12":"purchasable","13":"product-type-simple"},"_links":{"self":[{"href":"https:\/\/ziolazycia.com\/nowa\/wp-json\/wp\/v2\/product\/13496","targetHints":{"allow":["GET"]}}],"collection":[{"href":"https:\/\/ziolazycia.com\/nowa\/wp-json\/wp\/v2\/product"}],"about":[{"href":"https:\/\/ziolazycia.com\/nowa\/wp-json\/wp\/v2\/types\/product"}],"replies":[{"embeddable":true,"href":"https:\/\/ziolazycia.com\/nowa\/wp-json\/wp\/v2\/comments?post=13496"}],"wp:featuredmedia":[{"embeddable":true,"href":"https:\/\/ziolazycia.com\/nowa\/wp-json\/wp\/v2\/media\/13497"}],"wp:attachment":[{"href":"https:\/\/ziolazycia.com\/nowa\/wp-json\/wp\/v2\/media?parent=13496"}],"wp:term":[{"taxonomy":"product_brand","embeddable":true,"href":"https:\/\/ziolazycia.com\/nowa\/wp-json\/wp\/v2\/product_brand?post=13496"},{"taxonomy":"product_cat","embeddable":true,"href":"https:\/\/ziolazycia.com\/nowa\/wp-json\/wp\/v2\/product_cat?post=13496"},{"taxonomy":"product_tag","embeddable":true,"href":"https:\/\/ziolazycia.com\/nowa\/wp-json\/wp\/v2\/product_tag?post=13496"}],"curies":[{"name":"wp","href":"https:\/\/api.w.org\/{rel}","templated":true}]}}