{"id":13493,"date":"2025-07-30T13:14:43","date_gmt":"2025-07-30T11:14:43","guid":{"rendered":"https:\/\/ziolazycia.com\/nowa\/?post_type=product&#038;p=13493"},"modified":"2025-11-26T15:59:46","modified_gmt":"2025-11-26T14:59:46","slug":"mumio-himalajskie-zywe-shilajit-gold-kapsulki-herbin-60-kaps","status":"publish","type":"product","link":"https:\/\/ziolazycia.com\/nowa\/product\/mumio-himalajskie-zywe-shilajit-gold-kapsulki-herbin-60-kaps\/","title":{"rendered":"Mumio Himalajskie \u017bywe Shilajit Gold Kapsu\u0142ki Herbin 60 kaps."},"content":{"rendered":"<p data-start=\"311\" data-end=\"704\">Mumio w proszku to suplement diety pochodzenia naturalnego, uzyskiwany z g\u00f3rskich rejon\u00f3w takich jak Himalaje, Kaukaz czy A\u0142taj. Cz\u0119sto okre\u015blane jako \u201eg\u00f3rska \u017cywica\u201d, mumio jest substancj\u0105 organiczno-mineraln\u0105 o g\u0119stej konsystencji i ciemnym kolorze. Produkt zawiera oczyszczony ekstrakt mumio Shilajit (Asphaltum Panjabinum), zamkni\u0119ty w kapsu\u0142kach z hydroksypropylometylocelulozy oraz wody.<\/p>\n<p data-start=\"706\" data-end=\"1062\">Sk\u0142ad mumio obejmuje naturalnie wyst\u0119puj\u0105ce minera\u0142y, aminokwasy, fosfolipidy, polifenole oraz kwasy organiczne, a tak\u017ce inne substancje, kt\u00f3re wchodz\u0105 w sk\u0142ad jego struktury. W\u015br\u00f3d obecnych w nim sk\u0142adnik\u00f3w mo\u017cna wymieni\u0107 wap\u0144, magnez, cynk, mied\u017a, \u017celazo, mangan, kwas fulwowy, humusowy, fosfolipidy, polifenole oraz kwasy octowy, cytrynowy i benzoesowy.<\/p>\n<p data-start=\"1064\" data-end=\"1494\">Porcja dzienna dla os\u00f3b doros\u0142ych to 1 kapsu\u0142ka zawieraj\u0105ca 500 mg oczyszczonego ekstraktu mumio. Zaleca si\u0119 stosowanie zgodnie z informacj\u0105 producenta, nie przekraczaj\u0105c zalecanej porcji do spo\u017cycia. Suplement diety nie mo\u017ce by\u0107 stosowany jako substytut zr\u00f3\u017cnicowanej diety. Przechowywa\u0107 w temperaturze do +25\u2103, w suchym miejscu, z dala od \u015bwiat\u0142a s\u0142onecznego, w spos\u00f3b niedost\u0119pny dla dzieci i w szczelnie zamkni\u0119tym opakowaniu.<\/p>\n<p data-start=\"1496\" data-end=\"1536\">Dystrybutor: ARAM NATURA Aram Szaginian.<\/p>\n","protected":false},"excerpt":{"rendered":"<p>Mumio w proszku w kapsu\u0142kach \u2013 suplement diety pochodzenia naturalnego, zawiera oczyszczony ekstrakt Shilajit. Produkt z rejon\u00f3w wysokog\u00f3rskich, opakowanie 500 mg. Dystrybutor: ARAM NATURA.<\/p>\n","protected":false},"featured_media":13494,"comment_status":"open","ping_status":"closed","template":"","meta":[],"product_brand":[],"product_cat":[72],"product_tag":[],"class_list":{"0":"post-13493","1":"product","2":"type-product","3":"status-publish","4":"has-post-thumbnail","6":"product_cat-suplementy-diety","8":"first","9":"instock","10":"taxable","11":"shipping-taxable","12":"purchasable","13":"product-type-simple"},"_links":{"self":[{"href":"https:\/\/ziolazycia.com\/nowa\/wp-json\/wp\/v2\/product\/13493","targetHints":{"allow":["GET"]}}],"collection":[{"href":"https:\/\/ziolazycia.com\/nowa\/wp-json\/wp\/v2\/product"}],"about":[{"href":"https:\/\/ziolazycia.com\/nowa\/wp-json\/wp\/v2\/types\/product"}],"replies":[{"embeddable":true,"href":"https:\/\/ziolazycia.com\/nowa\/wp-json\/wp\/v2\/comments?post=13493"}],"wp:featuredmedia":[{"embeddable":true,"href":"https:\/\/ziolazycia.com\/nowa\/wp-json\/wp\/v2\/media\/13494"}],"wp:attachment":[{"href":"https:\/\/ziolazycia.com\/nowa\/wp-json\/wp\/v2\/media?parent=13493"}],"wp:term":[{"taxonomy":"product_brand","embeddable":true,"href":"https:\/\/ziolazycia.com\/nowa\/wp-json\/wp\/v2\/product_brand?post=13493"},{"taxonomy":"product_cat","embeddable":true,"href":"https:\/\/ziolazycia.com\/nowa\/wp-json\/wp\/v2\/product_cat?post=13493"},{"taxonomy":"product_tag","embeddable":true,"href":"https:\/\/ziolazycia.com\/nowa\/wp-json\/wp\/v2\/product_tag?post=13493"}],"curies":[{"name":"wp","href":"https:\/\/api.w.org\/{rel}","templated":true}]}}